{"id":2007,"date":"2020-06-12T11:19:40","date_gmt":"2020-06-12T11:19:40","guid":{"rendered":"https:\/\/www.kirmus.ee\/nooreesti\/?page_id=2007"},"modified":"2020-06-15T09:16:41","modified_gmt":"2020-06-15T09:16:41","slug":"sisukord","status":"publish","type":"page","link":"https:\/\/www.kirmus.ee\/nooreesti\/ajakiri-noor-eesti\/ajakiri-noor-eesti-nr-1\/sisukord\/","title":{"rendered":"Sisukord"},"content":{"rendered":"\n<figure class=\"wp-block-table is-style-stripes\"><table><tbody><tr><td><strong>Pealkiri<\/strong><\/td><td><strong>lk<\/strong><\/td><\/tr><tr><td>&#8220;An das junge Estland. Noor-Eestile&#8221; &#8211; Guenther, J. von<\/td><td><a href=\"\/nooreesti\/ajakiri-noor-eesti\/ajakiri-noor-eesti-nr-1\/#aj-lk-8\">8<\/a><\/td><\/tr><tr><td>&#8220;Toimetuse poolt&#8221; &#8211; Suits, Gustav<\/td><td><a href=\"\/nooreesti\/ajakiri-noor-eesti\/ajakiri-noor-eesti-nr-1\/#aj-lk-9\">9<\/a><\/td><\/tr><tr><td>&#8220;\u00d5htu taevas&#8221; &#8211; Tuglas, Friedebert<\/td><td><a href=\"\/nooreesti\/ajakiri-noor-eesti\/ajakiri-noor-eesti-nr-1\/#aj-lk-11\">11<\/a><\/td><\/tr><tr><td>&#8220;N\u00e4gemus&#8221; &#8211; Gr\u00fcnthal, Willem<\/td><td><a href=\"\/nooreesti\/ajakiri-noor-eesti\/ajakiri-noor-eesti-nr-1\/#aj-lk-13\">13<\/a><\/td><\/tr><tr><td>&#8220;Ootamatused&#8221; &#8211; Suits, Gustav<\/td><td><a href=\"\/nooreesti\/ajakiri-noor-eesti\/ajakiri-noor-eesti-nr-1\/#aj-lk-14\">14<\/a><\/td><\/tr><tr><td>&#8220;Swinburne l\u00fc\u00fcrikerina&#8221; &#8211; Brandes, G[eorg]<\/td><td><a href=\"\/nooreesti\/ajakiri-noor-eesti\/ajakiri-noor-eesti-nr-1\/#aj-lk-15\">15<\/a><\/td><\/tr><tr><td>&#8220;Vanad k\u00f5rtsid&#8221; &#8211; Gr\u00fcnthal, Willem<\/td><td><a href=\"\/nooreesti\/ajakiri-noor-eesti\/ajakiri-noor-eesti-nr-1\/#aj-lk-30\">30<\/a><\/td><\/tr><tr><td>&#8220;\u00d5htu sumiseb n\u00f5iduvalt. Uinunud p\u00e4ike metsa taga. L\u00e4bi \u00f5htu kasteheina&#8221; &#8211; Heiberg, Marie<\/td><td><a href=\"\/nooreesti\/ajakiri-noor-eesti\/ajakiri-noor-eesti-nr-1\/#aj-lk-32\">32<\/a><\/td><\/tr><tr><td>&#8220;Luuletaja, kriitika ja publikum&#8221; &#8211; Guenther, J. von<\/td><td><a href=\"\/nooreesti\/ajakiri-noor-eesti\/ajakiri-noor-eesti-nr-1\/#aj-lk-33\">33<\/a><\/td><\/tr><tr><td>&#8220;Hiinlane&#8221; &#8211; S\u00f6derberg, H.<\/td><td><a href=\"\/nooreesti\/ajakiri-noor-eesti\/ajakiri-noor-eesti-nr-1\/#aj-lk-38\">38<\/a><\/td><\/tr><tr><td>&#8220;N\u00fcmfe ja Zeus&#8221; &#8211; Eglit, V[ictor]<\/td><td><a href=\"\/nooreesti\/ajakiri-noor-eesti\/ajakiri-noor-eesti-nr-1\/#aj-lk-42\">42<\/a><\/td><\/tr><tr><td>&#8220;Ballil&#8221; &#8211; Damberg, V[aldemar]<\/td><td><a href=\"\/nooreesti\/ajakiri-noor-eesti\/ajakiri-noor-eesti-nr-1\/#aj-lk-43\">43<\/a><\/td><\/tr><tr><td>&#8220;Aino Kallas novellikirjanikuna ja luuletajana&#8221; &#8211; Suits, Gustav<\/td><td><a href=\"\/nooreesti\/ajakiri-noor-eesti\/ajakiri-noor-eesti-nr-1\/#aj-lk-44\">44<\/a><\/td><\/tr><tr><td>&#8220;Kevadel. S\u00fcgisel. Igatsus.&#8221; &#8211; Barbarus, J[ohannes]<\/td><td><a href=\"\/nooreesti\/ajakiri-noor-eesti\/ajakiri-noor-eesti-nr-1\/#aj-lk-59\">59<\/a><\/td><\/tr><tr><td>&#8220;Talv&#8221; &#8211; Tammes, Emil<\/td><td><a href=\"\/nooreesti\/ajakiri-noor-eesti\/ajakiri-noor-eesti-nr-1\/#aj-lk-60\">60<\/a><\/td><\/tr><tr><td>&#8220;M\u00f5ni s\u00f5na II. Eesti kunstin\u00e4ituse puhul&#8221; &#8211; Triik, N[ikolai]<\/td><td><a href=\"\/nooreesti\/ajakiri-noor-eesti\/ajakiri-noor-eesti-nr-1\/#aj-lk-60\">60<\/a><\/td><\/tr><tr><td>&#8220;Soome n\u00e4itelavakunst&#8221; &#8211; Leino, E[ino]<\/td><td><a href=\"\/nooreesti\/ajakiri-noor-eesti\/ajakiri-noor-eesti-nr-1\/#aj-lk-64\">64<\/a><\/td><\/tr><tr><td>&#8220;John Galsworthy&#8221; &#8211; Williams, H.<\/td><td><a href=\"\/nooreesti\/ajakiri-noor-eesti\/ajakiri-noor-eesti-nr-1\/#aj-lk-65\">65<\/a><\/td><\/tr><tr><td>&#8220;Salon d&#8217;Automne 1909&#8221; &#8211; Tas[s]a, Aleksander<\/td><td><a href=\"\/nooreesti\/ajakiri-noor-eesti\/ajakiri-noor-eesti-nr-1\/#aj-lk-66\">66<\/a><\/td><\/tr><tr><td>&#8220;Soome kunstnikkude XIX. N\u00e4itus Ateneumis s\u00fcgisel 1909&#8221; &#8211; Tavia-Suits, E.<\/td><td><a href=\"\/nooreesti\/ajakiri-noor-eesti\/ajakiri-noor-eesti-nr-1\/#aj-lk-67\">67<\/a><\/td><\/tr><tr><td>&#8220;E. Enno uued luuletused&#8221; &#8211; Linde, Bernhard<\/td><td><a href=\"\/nooreesti\/ajakiri-noor-eesti\/ajakiri-noor-eesti-nr-1\/#aj-lk-69\">69<\/a><\/td><\/tr><tr><td>&#8220;Villem Gr\u00fcnthali laulud&#8221; &#8211; Aavik, Joh[annes]<\/td><td><a href=\"\/nooreesti\/ajakiri-noor-eesti\/ajakiri-noor-eesti-nr-1\/#aj-lk-71\">71<\/a><\/td><\/tr><tr><td>&#8220;Eduard Wilde roman &#8220;Prohvet Maltsvet&#8221;&#8221; &#8211; Oks, Jaan<\/td><td><a href=\"\/nooreesti\/ajakiri-noor-eesti\/ajakiri-noor-eesti-nr-1\/#aj-lk-72\">72<\/a><\/td><\/tr><tr><td>&#8220;Kroonika&#8221; &#8211; Hi-Ha-He<\/td><td><a href=\"\/nooreesti\/ajakiri-noor-eesti\/ajakiri-noor-eesti-nr-1\/#aj-lk-74\">74<\/a><\/td><\/tr><\/tbody><\/table><\/figure>\n","protected":false},"excerpt":{"rendered":"<p>Pealkiri lk &#8220;An das junge Estland. Noor-Eestile&#8221; &#8211; Guenther, J. von 8 &#8220;Toimetuse poolt&#8221; &#8211; Suits, Gustav 9 &#8220;\u00d5htu taevas&#8221; &#8211; Tuglas, Friedebert 11 &#8220;N\u00e4gemus&#8221; &#8211; Gr\u00fcnthal, Willem 13 &#8220;Ootamatused&#8221; &#8211; Suits, Gustav 14 &#8220;Swinburne l\u00fc\u00fcrikerina&#8221; &#8211; Brandes, G[eorg] 15 &#8220;Vanad k\u00f5rtsid&#8221; &#8211; Gr\u00fcnthal, Willem 30 &#8220;\u00d5htu sumiseb n\u00f5iduvalt. Uinunud p\u00e4ike metsa taga. L\u00e4bi \u00f5htu [&hellip;]<\/p>\n","protected":false},"author":1,"featured_media":0,"parent":1996,"menu_order":0,"comment_status":"closed","ping_status":"closed","template":"","meta":[],"yoast_head":"<!-- This site is optimized with the Yoast SEO plugin v14.2 - https:\/\/yoast.com\/wordpress\/plugins\/seo\/ -->\n<meta name=\"robots\" content=\"index, follow\" \/>\n<meta name=\"googlebot\" content=\"index, follow, max-snippet:-1, max-image-preview:large, max-video-preview:-1\" \/>\n<meta name=\"bingbot\" content=\"index, follow, max-snippet:-1, max-image-preview:large, max-video-preview:-1\" \/>\n<link rel=\"canonical\" href=\"https:\/\/www.kirmus.ee\/nooreesti\/ajakiri-noor-eesti\/ajakiri-noor-eesti-nr-1\/sisukord\/\" \/>\n<meta property=\"og:locale\" content=\"en_US\" \/>\n<meta property=\"og:type\" content=\"article\" \/>\n<meta property=\"og:title\" content=\"Sisukord - Noor-Eesti\" \/>\n<meta property=\"og:description\" content=\"Pealkiri lk &#8220;An das junge Estland. Noor-Eestile&#8221; &#8211; Guenther, J. von 8 &#8220;Toimetuse poolt&#8221; &#8211; Suits, Gustav 9 &#8220;\u00d5htu taevas&#8221; &#8211; Tuglas, Friedebert 11 &#8220;N\u00e4gemus&#8221; &#8211; Gr\u00fcnthal, Willem 13 &#8220;Ootamatused&#8221; &#8211; Suits, Gustav 14 &#8220;Swinburne l\u00fc\u00fcrikerina&#8221; &#8211; Brandes, G[eorg] 15 &#8220;Vanad k\u00f5rtsid&#8221; &#8211; Gr\u00fcnthal, Willem 30 &#8220;\u00d5htu sumiseb n\u00f5iduvalt. Uinunud p\u00e4ike metsa taga. L\u00e4bi \u00f5htu [&hellip;]\" \/>\n<meta property=\"og:url\" content=\"https:\/\/www.kirmus.ee\/nooreesti\/ajakiri-noor-eesti\/ajakiri-noor-eesti-nr-1\/sisukord\/\" \/>\n<meta property=\"og:site_name\" content=\"Noor-Eesti\" \/>\n<meta property=\"article:modified_time\" content=\"2020-06-15T09:16:41+00:00\" \/>\n<meta name=\"twitter:card\" content=\"summary_large_image\" \/>\n<script type=\"application\/ld+json\" class=\"yoast-schema-graph\">{\"@context\":\"https:\/\/schema.org\",\"@graph\":[{\"@type\":\"WebSite\",\"@id\":\"https:\/\/www.kirmus.ee\/nooreesti\/#website\",\"url\":\"https:\/\/www.kirmus.ee\/nooreesti\/\",\"name\":\"Noor-Eesti\",\"description\":\"&quot;OLGEM EESTLASED, AGA SAAGEM KA EUROOPLASTEKS!&quot;\",\"potentialAction\":[{\"@type\":\"SearchAction\",\"target\":\"https:\/\/www.kirmus.ee\/nooreesti\/?s={search_term_string}\",\"query-input\":\"required name=search_term_string\"}],\"inLanguage\":\"en-US\"},{\"@type\":\"WebPage\",\"@id\":\"https:\/\/www.kirmus.ee\/nooreesti\/ajakiri-noor-eesti\/ajakiri-noor-eesti-nr-1\/sisukord\/#webpage\",\"url\":\"https:\/\/www.kirmus.ee\/nooreesti\/ajakiri-noor-eesti\/ajakiri-noor-eesti-nr-1\/sisukord\/\",\"name\":\"Sisukord - Noor-Eesti\",\"isPartOf\":{\"@id\":\"https:\/\/www.kirmus.ee\/nooreesti\/#website\"},\"datePublished\":\"2020-06-12T11:19:40+00:00\",\"dateModified\":\"2020-06-15T09:16:41+00:00\",\"breadcrumb\":{\"@id\":\"https:\/\/www.kirmus.ee\/nooreesti\/ajakiri-noor-eesti\/ajakiri-noor-eesti-nr-1\/sisukord\/#breadcrumb\"},\"inLanguage\":\"en-US\",\"potentialAction\":[{\"@type\":\"ReadAction\",\"target\":[\"https:\/\/www.kirmus.ee\/nooreesti\/ajakiri-noor-eesti\/ajakiri-noor-eesti-nr-1\/sisukord\/\"]}]},{\"@type\":\"BreadcrumbList\",\"@id\":\"https:\/\/www.kirmus.ee\/nooreesti\/ajakiri-noor-eesti\/ajakiri-noor-eesti-nr-1\/sisukord\/#breadcrumb\",\"itemListElement\":[{\"@type\":\"ListItem\",\"position\":1,\"item\":{\"@type\":\"WebPage\",\"@id\":\"https:\/\/www.kirmus.ee\/nooreesti\/\",\"url\":\"https:\/\/www.kirmus.ee\/nooreesti\/\",\"name\":\"Avaleht\"}},{\"@type\":\"ListItem\",\"position\":2,\"item\":{\"@type\":\"WebPage\",\"@id\":\"https:\/\/www.kirmus.ee\/nooreesti\/ajakiri-noor-eesti\/\",\"url\":\"https:\/\/www.kirmus.ee\/nooreesti\/ajakiri-noor-eesti\/\",\"name\":\"Ajakiri Noor-Eesti\"}},{\"@type\":\"ListItem\",\"position\":3,\"item\":{\"@type\":\"WebPage\",\"@id\":\"https:\/\/www.kirmus.ee\/nooreesti\/ajakiri-noor-eesti\/ajakiri-noor-eesti-nr-1\/\",\"url\":\"https:\/\/www.kirmus.ee\/nooreesti\/ajakiri-noor-eesti\/ajakiri-noor-eesti-nr-1\/\",\"name\":\"Ajakiri &#8220;Noor-Eesti&#8221;, nr 1\"}},{\"@type\":\"ListItem\",\"position\":4,\"item\":{\"@type\":\"WebPage\",\"@id\":\"https:\/\/www.kirmus.ee\/nooreesti\/ajakiri-noor-eesti\/ajakiri-noor-eesti-nr-1\/sisukord\/\",\"url\":\"https:\/\/www.kirmus.ee\/nooreesti\/ajakiri-noor-eesti\/ajakiri-noor-eesti-nr-1\/sisukord\/\",\"name\":\"Sisukord\"}}]}]}<\/script>\n<!-- \/ Yoast SEO plugin. -->","_links":{"self":[{"href":"https:\/\/www.kirmus.ee\/nooreesti\/wp-json\/wp\/v2\/pages\/2007"}],"collection":[{"href":"https:\/\/www.kirmus.ee\/nooreesti\/wp-json\/wp\/v2\/pages"}],"about":[{"href":"https:\/\/www.kirmus.ee\/nooreesti\/wp-json\/wp\/v2\/types\/page"}],"author":[{"embeddable":true,"href":"https:\/\/www.kirmus.ee\/nooreesti\/wp-json\/wp\/v2\/users\/1"}],"replies":[{"embeddable":true,"href":"https:\/\/www.kirmus.ee\/nooreesti\/wp-json\/wp\/v2\/comments?post=2007"}],"version-history":[{"count":3,"href":"https:\/\/www.kirmus.ee\/nooreesti\/wp-json\/wp\/v2\/pages\/2007\/revisions"}],"predecessor-version":[{"id":2426,"href":"https:\/\/www.kirmus.ee\/nooreesti\/wp-json\/wp\/v2\/pages\/2007\/revisions\/2426"}],"up":[{"embeddable":true,"href":"https:\/\/www.kirmus.ee\/nooreesti\/wp-json\/wp\/v2\/pages\/1996"}],"wp:attachment":[{"href":"https:\/\/www.kirmus.ee\/nooreesti\/wp-json\/wp\/v2\/media?parent=2007"}],"curies":[{"name":"wp","href":"https:\/\/api.w.org\/{rel}","templated":true}]}}