{"id":2008,"date":"2020-06-12T11:19:43","date_gmt":"2020-06-12T11:19:43","guid":{"rendered":"https:\/\/www.kirmus.ee\/nooreesti\/?page_id=2008"},"modified":"2020-06-15T09:21:57","modified_gmt":"2020-06-15T09:21:57","slug":"sisukord","status":"publish","type":"page","link":"https:\/\/www.kirmus.ee\/nooreesti\/ajakiri-noor-eesti\/ajakiri-noor-eesti-nr-2\/sisukord\/","title":{"rendered":"Sisukord"},"content":{"rendered":"\n<figure class=\"wp-block-table is-style-stripes\"><table><tbody><tr><td><strong>Pealkiri<\/strong><\/td><td><strong>lk<\/strong><\/td><\/tr><tr><td>&#8220;Noor-Eesti ja arvustus&#8221; &#8211; Aavik, Joh[annes]<\/td><td><a href=\"\/nooreesti\/ajakiri-noor-eesti\/ajakiri-noor-eesti-nr-2\/#aj-lk2-4\">4<\/a><\/td><\/tr><tr><td>&#8220;Rannamaastik&#8221; &#8211; Gr\u00fcnthal, Willem<\/td><td><a href=\"\/nooreesti\/ajakiri-noor-eesti\/ajakiri-noor-eesti-nr-2\/#aj-lk2-8\">8<\/a><\/td><\/tr><tr><td>&#8220;Peter Altenberg&#8221; &#8211; Linde, Bernhard<\/td><td><a href=\"\/nooreesti\/ajakiri-noor-eesti\/ajakiri-noor-eesti-nr-2\/#aj-lk2-14\">14<\/a><\/td><\/tr><tr><td>&#8220;V\u00e4ljavalik novellidest&#8221; &#8211; Altenberg, Peter<\/td><td><a href=\"\/nooreesti\/ajakiri-noor-eesti\/ajakiri-noor-eesti-nr-2\/#aj-lk2-18\">18<\/a><\/td><\/tr><tr><td>&#8220;Friedebert Tuglas&#8221; &#8211; Suits, Gustav<\/td><td><a href=\"\/nooreesti\/ajakiri-noor-eesti\/ajakiri-noor-eesti-nr-2\/#aj-lk2-25\">25<\/a><\/td><\/tr><tr><td>&#8220;Kuninga ahjuk\u00fctja&#8221; &#8211; Skalbe, K.<\/td><td><a href=\"\/nooreesti\/ajakiri-noor-eesti\/ajakiri-noor-eesti-nr-2\/#aj-lk2-26\">26<\/a><\/td><\/tr><tr><td>&#8220;Marximus ja p\u00f5llut\u00f6\u00f6stus&#8221; &#8211; Adamson, J[ohannes]<\/td><td><a href=\"\/nooreesti\/ajakiri-noor-eesti\/ajakiri-noor-eesti-nr-2\/#aj-lk2-31\">31<\/a><\/td><\/tr><tr><td>&#8220;San Pietro \u00f5htu&#8221; &#8211; Carducci, G[iosue]<\/td><td><a href=\"\/nooreesti\/ajakiri-noor-eesti\/ajakiri-noor-eesti-nr-2\/#aj-lk2-38\">38<\/a><\/td><\/tr><tr><td>&#8220;Kuningas ja \u00f6\u00f6pik&#8221; &#8211; Tammsaare, A[nton] H[ansen]<\/td><td><a href=\"\/nooreesti\/ajakiri-noor-eesti\/ajakiri-noor-eesti-nr-2\/#aj-lk2-38\">38<\/a><\/td><\/tr><tr><td>&#8220;\u00d6\u00f6pik ja lilled&#8221; &#8211; Tammsaare, A[nton] H[ansen]<\/td><td><a href=\"\/nooreesti\/ajakiri-noor-eesti\/ajakiri-noor-eesti-nr-2\/#aj-lk2-39\">39<\/a><\/td><\/tr><tr><td>&#8220;Armastus&#8221; &#8211; Tammsaare, A[nton] H[ansen]<\/td><td><a href=\"\/nooreesti\/ajakiri-noor-eesti\/ajakiri-noor-eesti-nr-2\/#aj-lk2-39\">39<\/a><\/td><\/tr><tr><td>&#8220;Laulik&#8221; &#8211; Tammsaare, A[nton] H[ansen]<\/td><td><a href=\"\/nooreesti\/ajakiri-noor-eesti\/ajakiri-noor-eesti-nr-2\/#aj-lk2-40\">40<\/a><\/td><\/tr><tr><td>&#8220;S\u00f5nakehv romaan&#8221; &#8211; Tammsaare, A[nton] H[ansen]<\/td><td><a href=\"\/nooreesti\/ajakiri-noor-eesti\/ajakiri-noor-eesti-nr-2\/#aj-lk2-40\">40<\/a><\/td><\/tr><tr><td>&#8220;Miks mina naeran n\u00fc\u00fcd&#8230;&#8221; &#8211; Under, Marie<\/td><td><a href=\"\/nooreesti\/ajakiri-noor-eesti\/ajakiri-noor-eesti-nr-2\/#aj-lk2-41\">41<\/a><\/td><\/tr><tr><td>&#8220;T\u00fctarlapse kevadeaimdused&#8221; &#8211; Barbarus, J[ohannes]<\/td><td><a href=\"\/nooreesti\/ajakiri-noor-eesti\/ajakiri-noor-eesti-nr-2\/#aj-lk2-42\">42<\/a><\/td><\/tr><tr><td>&#8220;1909. a. ilmunud ilukirjanduslise proosa \u00fclevaade&#8221; &#8211; Tuglas, Friedebert<\/td><td><a href=\"\/nooreesti\/ajakiri-noor-eesti\/ajakiri-noor-eesti-nr-2\/#aj-lk2-42\">42<\/a><\/td><\/tr><tr><td>&#8220;T\u00e4iuse printsipi seisukohalt. (L\u00e4ti uuema kirjanduse \u00fclevaade.)&#8221; &#8211; Damberg, V[aldemar]<\/td><td><a href=\"\/nooreesti\/ajakiri-noor-eesti\/ajakiri-noor-eesti-nr-2\/#aj-lk2-47\">47<\/a><\/td><\/tr><tr><td>&#8220;Versailles \u00f5htupoolikul&#8221; &#8211; Tas[s]a, Aleksander<\/td><td><a href=\"\/nooreesti\/ajakiri-noor-eesti\/ajakiri-noor-eesti-nr-2\/#aj-lk2-49\">49<\/a><\/td><\/tr><tr><td>&#8220;Kroonika&#8221; &#8211; Hi-Ha-He<\/td><td><a href=\"\/nooreesti\/ajakiri-noor-eesti\/ajakiri-noor-eesti-nr-2\/#aj-lk2-51\">51<\/a><\/td><\/tr><\/tbody><\/table><\/figure>\n","protected":false},"excerpt":{"rendered":"<p>Pealkiri lk &#8220;Noor-Eesti ja arvustus&#8221; &#8211; Aavik, Joh[annes] 4 &#8220;Rannamaastik&#8221; &#8211; Gr\u00fcnthal, Willem 8 &#8220;Peter Altenberg&#8221; &#8211; Linde, Bernhard 14 &#8220;V\u00e4ljavalik novellidest&#8221; &#8211; Altenberg, Peter 18 &#8220;Friedebert Tuglas&#8221; &#8211; Suits, Gustav 25 &#8220;Kuninga ahjuk\u00fctja&#8221; &#8211; Skalbe, K. 26 &#8220;Marximus ja p\u00f5llut\u00f6\u00f6stus&#8221; &#8211; Adamson, J[ohannes] 31 &#8220;San Pietro \u00f5htu&#8221; &#8211; Carducci, G[iosue] 38 &#8220;Kuningas ja \u00f6\u00f6pik&#8221; [&hellip;]<\/p>\n","protected":false},"author":1,"featured_media":0,"parent":1998,"menu_order":0,"comment_status":"closed","ping_status":"closed","template":"","meta":[],"yoast_head":"<!-- This site is optimized with the Yoast SEO plugin v14.2 - https:\/\/yoast.com\/wordpress\/plugins\/seo\/ -->\n<meta name=\"robots\" content=\"index, follow\" \/>\n<meta name=\"googlebot\" content=\"index, follow, max-snippet:-1, max-image-preview:large, max-video-preview:-1\" \/>\n<meta name=\"bingbot\" content=\"index, follow, max-snippet:-1, max-image-preview:large, max-video-preview:-1\" \/>\n<link rel=\"canonical\" href=\"https:\/\/www.kirmus.ee\/nooreesti\/ajakiri-noor-eesti\/ajakiri-noor-eesti-nr-2\/sisukord\/\" \/>\n<meta property=\"og:locale\" content=\"en_US\" \/>\n<meta property=\"og:type\" content=\"article\" \/>\n<meta property=\"og:title\" content=\"Sisukord - Noor-Eesti\" \/>\n<meta property=\"og:description\" content=\"Pealkiri lk &#8220;Noor-Eesti ja arvustus&#8221; &#8211; Aavik, Joh[annes] 4 &#8220;Rannamaastik&#8221; &#8211; Gr\u00fcnthal, Willem 8 &#8220;Peter Altenberg&#8221; &#8211; Linde, Bernhard 14 &#8220;V\u00e4ljavalik novellidest&#8221; &#8211; Altenberg, Peter 18 &#8220;Friedebert Tuglas&#8221; &#8211; Suits, Gustav 25 &#8220;Kuninga ahjuk\u00fctja&#8221; &#8211; Skalbe, K. 26 &#8220;Marximus ja p\u00f5llut\u00f6\u00f6stus&#8221; &#8211; Adamson, J[ohannes] 31 &#8220;San Pietro \u00f5htu&#8221; &#8211; Carducci, G[iosue] 38 &#8220;Kuningas ja \u00f6\u00f6pik&#8221; [&hellip;]\" \/>\n<meta property=\"og:url\" content=\"https:\/\/www.kirmus.ee\/nooreesti\/ajakiri-noor-eesti\/ajakiri-noor-eesti-nr-2\/sisukord\/\" \/>\n<meta property=\"og:site_name\" content=\"Noor-Eesti\" \/>\n<meta property=\"article:modified_time\" content=\"2020-06-15T09:21:57+00:00\" \/>\n<meta name=\"twitter:card\" content=\"summary_large_image\" \/>\n<script type=\"application\/ld+json\" class=\"yoast-schema-graph\">{\"@context\":\"https:\/\/schema.org\",\"@graph\":[{\"@type\":\"WebSite\",\"@id\":\"https:\/\/www.kirmus.ee\/nooreesti\/#website\",\"url\":\"https:\/\/www.kirmus.ee\/nooreesti\/\",\"name\":\"Noor-Eesti\",\"description\":\"&quot;OLGEM EESTLASED, AGA SAAGEM KA EUROOPLASTEKS!&quot;\",\"potentialAction\":[{\"@type\":\"SearchAction\",\"target\":\"https:\/\/www.kirmus.ee\/nooreesti\/?s={search_term_string}\",\"query-input\":\"required name=search_term_string\"}],\"inLanguage\":\"en-US\"},{\"@type\":\"WebPage\",\"@id\":\"https:\/\/www.kirmus.ee\/nooreesti\/ajakiri-noor-eesti\/ajakiri-noor-eesti-nr-2\/sisukord\/#webpage\",\"url\":\"https:\/\/www.kirmus.ee\/nooreesti\/ajakiri-noor-eesti\/ajakiri-noor-eesti-nr-2\/sisukord\/\",\"name\":\"Sisukord - Noor-Eesti\",\"isPartOf\":{\"@id\":\"https:\/\/www.kirmus.ee\/nooreesti\/#website\"},\"datePublished\":\"2020-06-12T11:19:43+00:00\",\"dateModified\":\"2020-06-15T09:21:57+00:00\",\"breadcrumb\":{\"@id\":\"https:\/\/www.kirmus.ee\/nooreesti\/ajakiri-noor-eesti\/ajakiri-noor-eesti-nr-2\/sisukord\/#breadcrumb\"},\"inLanguage\":\"en-US\",\"potentialAction\":[{\"@type\":\"ReadAction\",\"target\":[\"https:\/\/www.kirmus.ee\/nooreesti\/ajakiri-noor-eesti\/ajakiri-noor-eesti-nr-2\/sisukord\/\"]}]},{\"@type\":\"BreadcrumbList\",\"@id\":\"https:\/\/www.kirmus.ee\/nooreesti\/ajakiri-noor-eesti\/ajakiri-noor-eesti-nr-2\/sisukord\/#breadcrumb\",\"itemListElement\":[{\"@type\":\"ListItem\",\"position\":1,\"item\":{\"@type\":\"WebPage\",\"@id\":\"https:\/\/www.kirmus.ee\/nooreesti\/\",\"url\":\"https:\/\/www.kirmus.ee\/nooreesti\/\",\"name\":\"Avaleht\"}},{\"@type\":\"ListItem\",\"position\":2,\"item\":{\"@type\":\"WebPage\",\"@id\":\"https:\/\/www.kirmus.ee\/nooreesti\/ajakiri-noor-eesti\/\",\"url\":\"https:\/\/www.kirmus.ee\/nooreesti\/ajakiri-noor-eesti\/\",\"name\":\"Ajakiri Noor-Eesti\"}},{\"@type\":\"ListItem\",\"position\":3,\"item\":{\"@type\":\"WebPage\",\"@id\":\"https:\/\/www.kirmus.ee\/nooreesti\/ajakiri-noor-eesti\/ajakiri-noor-eesti-nr-2\/\",\"url\":\"https:\/\/www.kirmus.ee\/nooreesti\/ajakiri-noor-eesti\/ajakiri-noor-eesti-nr-2\/\",\"name\":\"Ajakiri &#8220;Noor-Eesti&#8221;, nr 2\"}},{\"@type\":\"ListItem\",\"position\":4,\"item\":{\"@type\":\"WebPage\",\"@id\":\"https:\/\/www.kirmus.ee\/nooreesti\/ajakiri-noor-eesti\/ajakiri-noor-eesti-nr-2\/sisukord\/\",\"url\":\"https:\/\/www.kirmus.ee\/nooreesti\/ajakiri-noor-eesti\/ajakiri-noor-eesti-nr-2\/sisukord\/\",\"name\":\"Sisukord\"}}]}]}<\/script>\n<!-- \/ Yoast SEO plugin. -->","_links":{"self":[{"href":"https:\/\/www.kirmus.ee\/nooreesti\/wp-json\/wp\/v2\/pages\/2008"}],"collection":[{"href":"https:\/\/www.kirmus.ee\/nooreesti\/wp-json\/wp\/v2\/pages"}],"about":[{"href":"https:\/\/www.kirmus.ee\/nooreesti\/wp-json\/wp\/v2\/types\/page"}],"author":[{"embeddable":true,"href":"https:\/\/www.kirmus.ee\/nooreesti\/wp-json\/wp\/v2\/users\/1"}],"replies":[{"embeddable":true,"href":"https:\/\/www.kirmus.ee\/nooreesti\/wp-json\/wp\/v2\/comments?post=2008"}],"version-history":[{"count":3,"href":"https:\/\/www.kirmus.ee\/nooreesti\/wp-json\/wp\/v2\/pages\/2008\/revisions"}],"predecessor-version":[{"id":2428,"href":"https:\/\/www.kirmus.ee\/nooreesti\/wp-json\/wp\/v2\/pages\/2008\/revisions\/2428"}],"up":[{"embeddable":true,"href":"https:\/\/www.kirmus.ee\/nooreesti\/wp-json\/wp\/v2\/pages\/1998"}],"wp:attachment":[{"href":"https:\/\/www.kirmus.ee\/nooreesti\/wp-json\/wp\/v2\/media?parent=2008"}],"curies":[{"name":"wp","href":"https:\/\/api.w.org\/{rel}","templated":true}]}}