{"id":2009,"date":"2020-06-12T11:19:44","date_gmt":"2020-06-12T11:19:44","guid":{"rendered":"https:\/\/www.kirmus.ee\/nooreesti\/?page_id=2009"},"modified":"2020-06-15T09:25:52","modified_gmt":"2020-06-15T09:25:52","slug":"sisukord","status":"publish","type":"page","link":"https:\/\/www.kirmus.ee\/nooreesti\/ajakiri-noor-eesti\/ajakiri-noor-eesti-nr-3\/sisukord\/","title":{"rendered":"Sisukord"},"content":{"rendered":"\n<figure class=\"wp-block-table is-style-stripes\"><table><tbody><tr><td><strong>Pealkiri<\/strong><\/td><td><strong>lk<\/strong><\/td><\/tr><tr><td>&#8220;Noored ja vanad&#8221; &#8211; Linde, Bernhard<\/td><td><a href=\"\/nooreesti\/ajakiri-noor-eesti\/ajakiri-noor-eesti-nr-3\/#aj-lk3-5\">5<\/a><\/td><\/tr><tr><td>&#8220;Jumaline komeedia. P\u00f5rgus&#8221; &#8211; Alighieri, D[ante]<\/td><td><a href=\"\/nooreesti\/ajakiri-noor-eesti\/ajakiri-noor-eesti-nr-3\/#aj-lk3-9\">9<\/a><\/td><\/tr><tr><td>&#8220;Eleegia&#8221; &#8211; Gr\u00fcnthal, Willem<\/td><td><a href=\"\/nooreesti\/ajakiri-noor-eesti\/ajakiri-noor-eesti-nr-3\/#aj-lk3-12\">12<\/a><\/td><\/tr><tr><td>&#8220;T\u00f5elikkus ja unistus&#8221; &#8211; Randvere, J.<\/td><td><a href=\"\/nooreesti\/ajakiri-noor-eesti\/ajakiri-noor-eesti-nr-3\/#aj-lk3-12\">12<\/a><\/td><\/tr><tr><td>&#8220;Kui&#8230;&#8221; &#8211; S\u00f6\u00f6t, K[arl] E[duard]<\/td><td><a href=\"\/nooreesti\/ajakiri-noor-eesti\/ajakiri-noor-eesti-nr-3\/#aj-lk3-15\">15<\/a><\/td><\/tr><tr><td>&#8220;\u00d5ppige naeratama!&#8221; &#8211; S\u00f6\u00f6t, K[arl] E[duard]<\/td><td><a href=\"\/nooreesti\/ajakiri-noor-eesti\/ajakiri-noor-eesti-nr-3\/#aj-lk3-16\">16<\/a><\/td><\/tr><tr><td>&#8220;Marxismuse filosoofiline k\u00e4\u00e4rimine&#8221; &#8211; Juschkevitsch, P.<\/td><td><a href=\"\/nooreesti\/ajakiri-noor-eesti\/ajakiri-noor-eesti-nr-3\/#aj-lk3-16\">16<\/a><\/td><\/tr><tr><td>&#8220;***&#8221; &#8211; Lepp, M[arta Sophia]<\/td><td><a href=\"\/nooreesti\/ajakiri-noor-eesti\/ajakiri-noor-eesti-nr-3\/#aj-lk3-29\">29<\/a><\/td><\/tr><tr><td>&#8220;K\u00fcla&#8221; &#8211; Oks, Jaan<\/td><td><a href=\"\/nooreesti\/ajakiri-noor-eesti\/ajakiri-noor-eesti-nr-3\/#aj-lk3-30\">30<\/a><\/td><\/tr><tr><td>&#8220;Talu varemetel&#8221; &#8211; Heiberg, Marie<\/td><td><a href=\"\/nooreesti\/ajakiri-noor-eesti\/ajakiri-noor-eesti-nr-3\/#aj-lk3-32\">32<\/a><\/td><\/tr><tr><td>&#8220;Haridus ja politika&#8221; &#8211; Sombart, W.<\/td><td><a href=\"\/nooreesti\/ajakiri-noor-eesti\/ajakiri-noor-eesti-nr-3\/#aj-lk3-33\">33<\/a><\/td><\/tr><tr><td>&#8220;Meie aja muinasjutt&#8221; &#8211; Lintrop, Jaan<\/td><td><a href=\"\/nooreesti\/ajakiri-noor-eesti\/ajakiri-noor-eesti-nr-3\/#aj-lk3-35\">35<\/a><\/td><\/tr><tr><td>&#8220;Oh j\u00e4tke mo&#8221; &#8211; Visnapuu, H[enrik]<\/td><td><a href=\"\/nooreesti\/ajakiri-noor-eesti\/ajakiri-noor-eesti-nr-3\/#aj-lk3-37\">37<\/a><\/td><\/tr><tr><td>&#8220;1909. a. ilmunud ilukirjanduslise proosa \u00fclevaade&#8221; &#8211; Tuglas, Friedebert<\/td><td><a href=\"\/nooreesti\/ajakiri-noor-eesti\/ajakiri-noor-eesti-nr-3\/#aj-lk3-37\">37<\/a><\/td><\/tr><tr><td>&#8220;Liivimaa esiaeg. M\u00e4lestussammas papi- ja r\u00fc\u00fctlivaimule&#8221; &#8211; Gr\u00fcnthal, Willem<\/td><td><a href=\"\/nooreesti\/ajakiri-noor-eesti\/ajakiri-noor-eesti-nr-3\/#aj-lk3-42\">42<\/a><\/td><\/tr><tr><td>&#8220;N. Kann. Henrik Ibsen ja tema dramad&#8221; &#8211; Linde, Bernhard<\/td><td><a href=\"\/nooreesti\/ajakiri-noor-eesti\/ajakiri-noor-eesti-nr-3\/#aj-lk3-44\">44<\/a><\/td><\/tr><tr><td>&#8220;L\u00e4ti kirjandusest&#8221; &#8211; Damberg, V[aldemar]<\/td><td><a href=\"\/nooreesti\/ajakiri-noor-eesti\/ajakiri-noor-eesti-nr-3\/#aj-lk3-46\">46<\/a><\/td><\/tr><tr><td>&#8220;Teatri-m\u00e4rkused&#8221; &#8211; Linde, Bernhard<\/td><td><a href=\"\/nooreesti\/ajakiri-noor-eesti\/ajakiri-noor-eesti-nr-3\/#aj-lk3-47\">47<\/a><\/td><\/tr><tr><td>&#8220;Kroonika&#8221; &#8211; Hi-Ha-He<\/td><td><a href=\"\/nooreesti\/ajakiri-noor-eesti\/ajakiri-noor-eesti-nr-3\/#aj-lk3-48\">48<\/a><\/td><\/tr><\/tbody><\/table><\/figure>\n","protected":false},"excerpt":{"rendered":"<p>Pealkiri lk &#8220;Noored ja vanad&#8221; &#8211; Linde, Bernhard 5 &#8220;Jumaline komeedia. P\u00f5rgus&#8221; &#8211; Alighieri, D[ante] 9 &#8220;Eleegia&#8221; &#8211; Gr\u00fcnthal, Willem 12 &#8220;T\u00f5elikkus ja unistus&#8221; &#8211; Randvere, J. 12 &#8220;Kui&#8230;&#8221; &#8211; S\u00f6\u00f6t, K[arl] E[duard] 15 &#8220;\u00d5ppige naeratama!&#8221; &#8211; S\u00f6\u00f6t, K[arl] E[duard] 16 &#8220;Marxismuse filosoofiline k\u00e4\u00e4rimine&#8221; &#8211; Juschkevitsch, P. 16 &#8220;***&#8221; &#8211; Lepp, M[arta Sophia] 29 &#8220;K\u00fcla&#8221; [&hellip;]<\/p>\n","protected":false},"author":1,"featured_media":0,"parent":2001,"menu_order":0,"comment_status":"closed","ping_status":"closed","template":"","meta":[],"yoast_head":"<!-- This site is optimized with the Yoast SEO plugin v14.2 - https:\/\/yoast.com\/wordpress\/plugins\/seo\/ -->\n<meta name=\"robots\" content=\"index, follow\" \/>\n<meta name=\"googlebot\" content=\"index, follow, max-snippet:-1, max-image-preview:large, max-video-preview:-1\" \/>\n<meta name=\"bingbot\" content=\"index, follow, max-snippet:-1, max-image-preview:large, max-video-preview:-1\" \/>\n<link rel=\"canonical\" href=\"https:\/\/www.kirmus.ee\/nooreesti\/ajakiri-noor-eesti\/ajakiri-noor-eesti-nr-3\/sisukord\/\" \/>\n<meta property=\"og:locale\" content=\"en_US\" \/>\n<meta property=\"og:type\" content=\"article\" \/>\n<meta property=\"og:title\" content=\"Sisukord - Noor-Eesti\" \/>\n<meta property=\"og:description\" content=\"Pealkiri lk &#8220;Noored ja vanad&#8221; &#8211; Linde, Bernhard 5 &#8220;Jumaline komeedia. P\u00f5rgus&#8221; &#8211; Alighieri, D[ante] 9 &#8220;Eleegia&#8221; &#8211; Gr\u00fcnthal, Willem 12 &#8220;T\u00f5elikkus ja unistus&#8221; &#8211; Randvere, J. 12 &#8220;Kui&#8230;&#8221; &#8211; S\u00f6\u00f6t, K[arl] E[duard] 15 &#8220;\u00d5ppige naeratama!&#8221; &#8211; S\u00f6\u00f6t, K[arl] E[duard] 16 &#8220;Marxismuse filosoofiline k\u00e4\u00e4rimine&#8221; &#8211; Juschkevitsch, P. 16 &#8220;***&#8221; &#8211; Lepp, M[arta Sophia] 29 &#8220;K\u00fcla&#8221; [&hellip;]\" \/>\n<meta property=\"og:url\" content=\"https:\/\/www.kirmus.ee\/nooreesti\/ajakiri-noor-eesti\/ajakiri-noor-eesti-nr-3\/sisukord\/\" \/>\n<meta property=\"og:site_name\" content=\"Noor-Eesti\" \/>\n<meta property=\"article:modified_time\" content=\"2020-06-15T09:25:52+00:00\" \/>\n<meta name=\"twitter:card\" content=\"summary_large_image\" \/>\n<script type=\"application\/ld+json\" class=\"yoast-schema-graph\">{\"@context\":\"https:\/\/schema.org\",\"@graph\":[{\"@type\":\"WebSite\",\"@id\":\"https:\/\/www.kirmus.ee\/nooreesti\/#website\",\"url\":\"https:\/\/www.kirmus.ee\/nooreesti\/\",\"name\":\"Noor-Eesti\",\"description\":\"&quot;OLGEM EESTLASED, AGA SAAGEM KA EUROOPLASTEKS!&quot;\",\"potentialAction\":[{\"@type\":\"SearchAction\",\"target\":\"https:\/\/www.kirmus.ee\/nooreesti\/?s={search_term_string}\",\"query-input\":\"required name=search_term_string\"}],\"inLanguage\":\"en-US\"},{\"@type\":\"WebPage\",\"@id\":\"https:\/\/www.kirmus.ee\/nooreesti\/ajakiri-noor-eesti\/ajakiri-noor-eesti-nr-3\/sisukord\/#webpage\",\"url\":\"https:\/\/www.kirmus.ee\/nooreesti\/ajakiri-noor-eesti\/ajakiri-noor-eesti-nr-3\/sisukord\/\",\"name\":\"Sisukord - Noor-Eesti\",\"isPartOf\":{\"@id\":\"https:\/\/www.kirmus.ee\/nooreesti\/#website\"},\"datePublished\":\"2020-06-12T11:19:44+00:00\",\"dateModified\":\"2020-06-15T09:25:52+00:00\",\"breadcrumb\":{\"@id\":\"https:\/\/www.kirmus.ee\/nooreesti\/ajakiri-noor-eesti\/ajakiri-noor-eesti-nr-3\/sisukord\/#breadcrumb\"},\"inLanguage\":\"en-US\",\"potentialAction\":[{\"@type\":\"ReadAction\",\"target\":[\"https:\/\/www.kirmus.ee\/nooreesti\/ajakiri-noor-eesti\/ajakiri-noor-eesti-nr-3\/sisukord\/\"]}]},{\"@type\":\"BreadcrumbList\",\"@id\":\"https:\/\/www.kirmus.ee\/nooreesti\/ajakiri-noor-eesti\/ajakiri-noor-eesti-nr-3\/sisukord\/#breadcrumb\",\"itemListElement\":[{\"@type\":\"ListItem\",\"position\":1,\"item\":{\"@type\":\"WebPage\",\"@id\":\"https:\/\/www.kirmus.ee\/nooreesti\/\",\"url\":\"https:\/\/www.kirmus.ee\/nooreesti\/\",\"name\":\"Avaleht\"}},{\"@type\":\"ListItem\",\"position\":2,\"item\":{\"@type\":\"WebPage\",\"@id\":\"https:\/\/www.kirmus.ee\/nooreesti\/ajakiri-noor-eesti\/\",\"url\":\"https:\/\/www.kirmus.ee\/nooreesti\/ajakiri-noor-eesti\/\",\"name\":\"Ajakiri Noor-Eesti\"}},{\"@type\":\"ListItem\",\"position\":3,\"item\":{\"@type\":\"WebPage\",\"@id\":\"https:\/\/www.kirmus.ee\/nooreesti\/ajakiri-noor-eesti\/ajakiri-noor-eesti-nr-3\/\",\"url\":\"https:\/\/www.kirmus.ee\/nooreesti\/ajakiri-noor-eesti\/ajakiri-noor-eesti-nr-3\/\",\"name\":\"Ajakiri &#8220;Noor-Eesti&#8221;, nr 3\"}},{\"@type\":\"ListItem\",\"position\":4,\"item\":{\"@type\":\"WebPage\",\"@id\":\"https:\/\/www.kirmus.ee\/nooreesti\/ajakiri-noor-eesti\/ajakiri-noor-eesti-nr-3\/sisukord\/\",\"url\":\"https:\/\/www.kirmus.ee\/nooreesti\/ajakiri-noor-eesti\/ajakiri-noor-eesti-nr-3\/sisukord\/\",\"name\":\"Sisukord\"}}]}]}<\/script>\n<!-- \/ Yoast SEO plugin. -->","_links":{"self":[{"href":"https:\/\/www.kirmus.ee\/nooreesti\/wp-json\/wp\/v2\/pages\/2009"}],"collection":[{"href":"https:\/\/www.kirmus.ee\/nooreesti\/wp-json\/wp\/v2\/pages"}],"about":[{"href":"https:\/\/www.kirmus.ee\/nooreesti\/wp-json\/wp\/v2\/types\/page"}],"author":[{"embeddable":true,"href":"https:\/\/www.kirmus.ee\/nooreesti\/wp-json\/wp\/v2\/users\/1"}],"replies":[{"embeddable":true,"href":"https:\/\/www.kirmus.ee\/nooreesti\/wp-json\/wp\/v2\/comments?post=2009"}],"version-history":[{"count":3,"href":"https:\/\/www.kirmus.ee\/nooreesti\/wp-json\/wp\/v2\/pages\/2009\/revisions"}],"predecessor-version":[{"id":2430,"href":"https:\/\/www.kirmus.ee\/nooreesti\/wp-json\/wp\/v2\/pages\/2009\/revisions\/2430"}],"up":[{"embeddable":true,"href":"https:\/\/www.kirmus.ee\/nooreesti\/wp-json\/wp\/v2\/pages\/2001"}],"wp:attachment":[{"href":"https:\/\/www.kirmus.ee\/nooreesti\/wp-json\/wp\/v2\/media?parent=2009"}],"curies":[{"name":"wp","href":"https:\/\/api.w.org\/{rel}","templated":true}]}}