{"id":2011,"date":"2020-06-12T11:19:49","date_gmt":"2020-06-12T11:19:49","guid":{"rendered":"https:\/\/www.kirmus.ee\/nooreesti\/?page_id=2011"},"modified":"2020-06-15T09:51:45","modified_gmt":"2020-06-15T09:51:45","slug":"sisukord","status":"publish","type":"page","link":"https:\/\/www.kirmus.ee\/nooreesti\/ajakiri-noor-eesti\/ajakiri-noor-eesti-nr-5-6\/sisukord\/","title":{"rendered":"Sisukord"},"content":{"rendered":"\n<figure class=\"wp-block-table is-style-stripes\"><table><tbody><tr><td><strong>Pealkiri<\/strong><\/td><td><strong>lk<\/strong><\/td><\/tr><tr><td>&#8220;Kolm luuletust&#8221; &#8211; Peterson, Kr[istjan] Jaak<\/td><td><a href=\"\/nooreesti\/ajakiri-noor-eesti\/ajakiri-noor-eesti-nr-5-6\/#aj-lk5-4\">4<\/a><\/td><\/tr><tr><td>&#8220;M\u00f5nest kirjanduslikust k\u00fcsimusest&#8221; &#8211; Gr\u00fcnthal, Willem<\/td><td><a href=\"\/nooreesti\/ajakiri-noor-eesti\/ajakiri-noor-eesti-nr-5-6\/#aj-lk5-6\">6<\/a><\/td><\/tr><tr><td>&#8220;Kaks luuletust&#8221; &#8211; Semper, Johannes<\/td><td><a href=\"\/nooreesti\/ajakiri-noor-eesti\/ajakiri-noor-eesti-nr-5-6\/#aj-lk5-13\">13<\/a><\/td><\/tr><tr><td>&#8220;Esteetiline maitsemine&#8221; &#8211; Linde, Bernhard<\/td><td><a href=\"\/nooreesti\/ajakiri-noor-eesti\/ajakiri-noor-eesti-nr-5-6\/#aj-lk5-14\">14<\/a><\/td><\/tr><tr><td>&#8220;Nurk varisenud maailma&#8221; &#8211; Gr\u00fcnthal, Willem<\/td><td><a href=\"\/nooreesti\/ajakiri-noor-eesti\/ajakiri-noor-eesti-nr-5-6\/#aj-lk5-20\">20<\/a><\/td><\/tr><tr><td>&#8220;S\u00fcmbolismus ja Saksa romantismus&#8221; &#8211; Semper, Johannes<\/td><td><a href=\"\/nooreesti\/ajakiri-noor-eesti\/ajakiri-noor-eesti-nr-5-6\/#aj-lk5-22\">22<\/a><\/td><\/tr><tr><td>&#8220;Saaremaa rannal&#8221; &#8211; Suits, Gustav<\/td><td><a href=\"\/nooreesti\/ajakiri-noor-eesti\/ajakiri-noor-eesti-nr-5-6\/#aj-lk5-34\">34<\/a><\/td><\/tr><tr><td>&#8220;Saaremaale&#8221; &#8211; Gr\u00fcnthal, Willem<\/td><td><a href=\"\/nooreesti\/ajakiri-noor-eesti\/ajakiri-noor-eesti-nr-5-6\/#aj-lk5-34\">34<\/a><\/td><\/tr><tr><td>&#8220;Vene kunstnikud &#8211; modernistid&#8221; &#8211; Raud, K[ristjan]<\/td><td><a href=\"\/nooreesti\/ajakiri-noor-eesti\/ajakiri-noor-eesti-nr-5-6\/#aj-lk5-35\">35<\/a><\/td><\/tr><tr><td>&#8220;Neli luuletust&#8221; &#8211; Liiv, Juhan<\/td><td><a href=\"\/nooreesti\/ajakiri-noor-eesti\/ajakiri-noor-eesti-nr-5-6\/#aj-lk5-41\">41<\/a><\/td><\/tr><tr><td>&#8220;Pimedus&#8221; &#8211; Kallas, Aino<\/td><td><a href=\"\/nooreesti\/ajakiri-noor-eesti\/ajakiri-noor-eesti-nr-5-6\/#aj-lk5-43\">43<\/a><\/td><\/tr><tr><td>&#8220;Kaks novelli (\u00d5iglased kohtunikud. Plutois)&#8221; &#8211; France A[natole]<\/td><td><a href=\"\/nooreesti\/ajakiri-noor-eesti\/ajakiri-noor-eesti-nr-5-6\/#aj-lk5-47\">47<\/a><\/td><\/tr><tr><td>&#8220;Loodute kiitused&#8221; &#8211; d&#8217;Assisi, San Francesco<\/td><td><a href=\"\/nooreesti\/ajakiri-noor-eesti\/ajakiri-noor-eesti-nr-5-6\/#aj-lk5-55\">55<\/a><\/td><\/tr><tr><td>&#8220;Kevadelaulud&#8221; &#8211; Under, Marie<\/td><td><a href=\"\/nooreesti\/ajakiri-noor-eesti\/ajakiri-noor-eesti-nr-5-6\/#aj-lk5-57\">57<\/a><\/td><\/tr><tr><td>&#8220;Koidula ja Kreutzwald&#8221; &#8211; Kallas, Aino<\/td><td><a href=\"\/nooreesti\/ajakiri-noor-eesti\/ajakiri-noor-eesti-nr-5-6\/#aj-lk5-58\">58<\/a><\/td><\/tr><tr><td>&#8220;Sirmione&#8221; &#8211; Carducci, G[iosue]<\/td><td><a href=\"\/nooreesti\/ajakiri-noor-eesti\/ajakiri-noor-eesti-nr-5-6\/#aj-lk5-65\">65<\/a><\/td><\/tr><tr><td>&#8220;L\u00f5pmatus&#8221; &#8211; Leopardi, G[iacomo]<\/td><td><a href=\"\/nooreesti\/ajakiri-noor-eesti\/ajakiri-noor-eesti-nr-5-6\/#aj-lk5-66\">66<\/a><\/td><\/tr><tr><td>&#8220;\u00d6ine p\u00e4ev&#8221; &#8211; Tas[s]a, Aleksander<\/td><td><a href=\"\/nooreesti\/ajakiri-noor-eesti\/ajakiri-noor-eesti-nr-5-6\/#aj-lk5-67\">67<\/a><\/td><\/tr><tr><td>&#8220;Parsifal r\u00e4ndab&#8221; &#8211; Kilpi, V[olter]<\/td><td><a href=\"\/nooreesti\/ajakiri-noor-eesti\/ajakiri-noor-eesti-nr-5-6\/#aj-lk5-73\">73<\/a><\/td><\/tr><tr><td>&#8220;Kolm K.J. Petersoni kirja&#8221; &#8211; Suits, Gustav<\/td><td><a href=\"\/nooreesti\/ajakiri-noor-eesti\/ajakiri-noor-eesti-nr-5-6\/#aj-lk5-75\">75<\/a><\/td><\/tr><tr><td>&#8220;Loomade jutud&#8221; &#8211; Michelson, K.<\/td><td><a href=\"\/nooreesti\/ajakiri-noor-eesti\/ajakiri-noor-eesti-nr-5-6\/#aj-lk5-76\">76<\/a><\/td><\/tr><tr><td>&#8220;Uni vanadusest&#8221; &#8211; S\u00f6derberg, H.<\/td><td><a href=\"\/nooreesti\/ajakiri-noor-eesti\/ajakiri-noor-eesti-nr-5-6\/#aj-lk5-81\">81<\/a><\/td><\/tr><tr><td>&#8220;Katke Bj\u00f6rnsoni jutustusest &#8220;Jumala teel&#8221;&#8221; &#8211; Bj\u00f6rnson, B.<\/td><td><a href=\"\/nooreesti\/ajakiri-noor-eesti\/ajakiri-noor-eesti-nr-5-6\/#aj-lk5-83\">83<\/a><\/td><\/tr><tr><td>&#8220;Katke Bj\u00f6rnsoni n\u00e4idendist &#8220;Paul Lange ja Tora Parsberg&#8221; &#8211; Bj\u00f6rnson, B.<\/td><td><a href=\"\/nooreesti\/ajakiri-noor-eesti\/ajakiri-noor-eesti-nr-5-6\/#aj-lk5-84\">84<\/a><\/td><\/tr><tr><td>&#8220;Bj\u00f6rnstjerne Bj\u00f6rnson. In memoriam&#8221; &#8211; Suits, Gustav<\/td><td><a href=\"\/nooreesti\/ajakiri-noor-eesti\/ajakiri-noor-eesti-nr-5-6\/#aj-lk5-88\">88<\/a><\/td><\/tr><tr><td>&#8220;Erik Oberman (In memoriam)&#8221; &#8211; T.F.<\/td><td><a href=\"\/nooreesti\/ajakiri-noor-eesti\/ajakiri-noor-eesti-nr-5-6\/#aj-lk5-98\">98<\/a><\/td><\/tr><tr><td>&#8220;Teatri-m\u00e4rkused. Vanemuine ja Estonia 1910\/1911. A.&#8221; &#8211; Linde, Bernhard<\/td><td><a href=\"\/nooreesti\/ajakiri-noor-eesti\/ajakiri-noor-eesti-nr-5-6\/#aj-lk5-99\">99<\/a><\/td><\/tr><tr><td>&#8220;Laul sinisest rukkilillest. Jaan Lintrop: Villem Elgas&#8221; &#8211; Tuglas, Friedebert<\/td><td><a href=\"\/nooreesti\/ajakiri-noor-eesti\/ajakiri-noor-eesti-nr-5-6\/#aj-lk5-107\">107<\/a><\/td><\/tr><tr><td>&#8220;M\u00f5tted. Teine raamat&#8221; &#8211; Semper, Johannes<\/td><td><a href=\"\/nooreesti\/ajakiri-noor-eesti\/ajakiri-noor-eesti-nr-5-6\/#aj-lk5-109\">109<\/a><\/td><\/tr><tr><td>&#8220;A finn-magyar \u00e9s a szamoj\u00e9d n\u00e9pek irodalma \u00e9s n\u00e9pk\u00f6lt\u00e9se. Irta B\u00e1n Alad\u00e1r&#8221; &#8211; Gr\u00fcnthal, Willem<\/td><td><a href=\"\/nooreesti\/ajakiri-noor-eesti\/ajakiri-noor-eesti-nr-5-6\/#aj-lk5-111\">111<\/a><\/td><\/tr><tr><td>&#8220;Prantsuse stiili ise\u00e4raldustest&#8221; &#8211; Aavik, Joh[annes]<\/td><td><a href=\"\/nooreesti\/ajakiri-noor-eesti\/ajakiri-noor-eesti-nr-5-6\/#aj-lk5-112\">112<\/a><\/td><\/tr><tr><td>&#8220;Baron Woldemar \u00dcxk\u00fcll, Die Schwurbr\u00fcder&#8221; &#8211; Linde, Bernhard<\/td><td><a href=\"\/nooreesti\/ajakiri-noor-eesti\/ajakiri-noor-eesti-nr-5-6\/#aj-lk5-115\">115<\/a><\/td><\/tr><tr><td>&#8220;A.H. Tammsaare, &#8220;\u00dcle piiri&#8221;&#8221; &#8211; Aavik, Joh[annes]<\/td><td><a href=\"\/nooreesti\/ajakiri-noor-eesti\/ajakiri-noor-eesti-nr-5-6\/#aj-lk5-116\">116<\/a><\/td><\/tr><tr><td>&#8220;\u00dcks P\u00f5hjamaa p\u00e4rli&#8221; &#8211; Tuglas, Friedebert<\/td><td><a href=\"\/nooreesti\/ajakiri-noor-eesti\/ajakiri-noor-eesti-nr-5-6\/#aj-lk5-119\">119<\/a><\/td><\/tr><tr><td>&#8220;Rein Tamm, Hinge h\u00e4maral&#8221; &#8211; Aavik, Joh[annes]<\/td><td><a href=\"\/nooreesti\/ajakiri-noor-eesti\/ajakiri-noor-eesti-nr-5-6\/#aj-lk5-121\">121<\/a><\/td><\/tr><tr><td>&#8220;L\u00f5pus\u00f5na&#8221; &#8211; Suits, Gustav<\/td><td><a href=\"\/nooreesti\/ajakiri-noor-eesti\/ajakiri-noor-eesti-nr-5-6\/#aj-lk5-122\">122<\/a><\/td><\/tr><tr><td>&#8220;Kroonika&#8221; &#8211; Hi-Ha-He<\/td><td><a href=\"\/nooreesti\/ajakiri-noor-eesti\/ajakiri-noor-eesti-nr-5-6\/#aj-lk5-125\">125<\/a><\/td><\/tr><\/tbody><\/table><\/figure>\n","protected":false},"excerpt":{"rendered":"<p>Pealkiri lk &#8220;Kolm luuletust&#8221; &#8211; Peterson, Kr[istjan] Jaak 4 &#8220;M\u00f5nest kirjanduslikust k\u00fcsimusest&#8221; &#8211; Gr\u00fcnthal, Willem 6 &#8220;Kaks luuletust&#8221; &#8211; Semper, Johannes 13 &#8220;Esteetiline maitsemine&#8221; &#8211; Linde, Bernhard 14 &#8220;Nurk varisenud maailma&#8221; &#8211; Gr\u00fcnthal, Willem 20 &#8220;S\u00fcmbolismus ja Saksa romantismus&#8221; &#8211; Semper, Johannes 22 &#8220;Saaremaa rannal&#8221; &#8211; Suits, Gustav 34 &#8220;Saaremaale&#8221; &#8211; Gr\u00fcnthal, Willem 34 &#8220;Vene [&hellip;]<\/p>\n","protected":false},"author":1,"featured_media":0,"parent":2005,"menu_order":0,"comment_status":"closed","ping_status":"closed","template":"","meta":[],"yoast_head":"<!-- This site is optimized with the Yoast SEO plugin v14.2 - https:\/\/yoast.com\/wordpress\/plugins\/seo\/ -->\n<meta name=\"robots\" content=\"index, follow\" \/>\n<meta name=\"googlebot\" content=\"index, follow, max-snippet:-1, max-image-preview:large, max-video-preview:-1\" \/>\n<meta name=\"bingbot\" content=\"index, follow, max-snippet:-1, max-image-preview:large, max-video-preview:-1\" \/>\n<link rel=\"canonical\" href=\"https:\/\/www.kirmus.ee\/nooreesti\/ajakiri-noor-eesti\/ajakiri-noor-eesti-nr-5-6\/sisukord\/\" \/>\n<meta property=\"og:locale\" content=\"en_US\" \/>\n<meta property=\"og:type\" content=\"article\" \/>\n<meta property=\"og:title\" content=\"Sisukord - Noor-Eesti\" \/>\n<meta property=\"og:description\" content=\"Pealkiri lk &#8220;Kolm luuletust&#8221; &#8211; Peterson, Kr[istjan] Jaak 4 &#8220;M\u00f5nest kirjanduslikust k\u00fcsimusest&#8221; &#8211; Gr\u00fcnthal, Willem 6 &#8220;Kaks luuletust&#8221; &#8211; Semper, Johannes 13 &#8220;Esteetiline maitsemine&#8221; &#8211; Linde, Bernhard 14 &#8220;Nurk varisenud maailma&#8221; &#8211; Gr\u00fcnthal, Willem 20 &#8220;S\u00fcmbolismus ja Saksa romantismus&#8221; &#8211; Semper, Johannes 22 &#8220;Saaremaa rannal&#8221; &#8211; Suits, Gustav 34 &#8220;Saaremaale&#8221; &#8211; Gr\u00fcnthal, Willem 34 &#8220;Vene [&hellip;]\" \/>\n<meta property=\"og:url\" content=\"https:\/\/www.kirmus.ee\/nooreesti\/ajakiri-noor-eesti\/ajakiri-noor-eesti-nr-5-6\/sisukord\/\" \/>\n<meta property=\"og:site_name\" content=\"Noor-Eesti\" \/>\n<meta property=\"article:modified_time\" content=\"2020-06-15T09:51:45+00:00\" \/>\n<meta name=\"twitter:card\" content=\"summary_large_image\" \/>\n<script type=\"application\/ld+json\" class=\"yoast-schema-graph\">{\"@context\":\"https:\/\/schema.org\",\"@graph\":[{\"@type\":\"WebSite\",\"@id\":\"https:\/\/www.kirmus.ee\/nooreesti\/#website\",\"url\":\"https:\/\/www.kirmus.ee\/nooreesti\/\",\"name\":\"Noor-Eesti\",\"description\":\"&quot;OLGEM EESTLASED, AGA SAAGEM KA EUROOPLASTEKS!&quot;\",\"potentialAction\":[{\"@type\":\"SearchAction\",\"target\":\"https:\/\/www.kirmus.ee\/nooreesti\/?s={search_term_string}\",\"query-input\":\"required name=search_term_string\"}],\"inLanguage\":\"en-US\"},{\"@type\":\"WebPage\",\"@id\":\"https:\/\/www.kirmus.ee\/nooreesti\/ajakiri-noor-eesti\/ajakiri-noor-eesti-nr-5-6\/sisukord\/#webpage\",\"url\":\"https:\/\/www.kirmus.ee\/nooreesti\/ajakiri-noor-eesti\/ajakiri-noor-eesti-nr-5-6\/sisukord\/\",\"name\":\"Sisukord - Noor-Eesti\",\"isPartOf\":{\"@id\":\"https:\/\/www.kirmus.ee\/nooreesti\/#website\"},\"datePublished\":\"2020-06-12T11:19:49+00:00\",\"dateModified\":\"2020-06-15T09:51:45+00:00\",\"breadcrumb\":{\"@id\":\"https:\/\/www.kirmus.ee\/nooreesti\/ajakiri-noor-eesti\/ajakiri-noor-eesti-nr-5-6\/sisukord\/#breadcrumb\"},\"inLanguage\":\"en-US\",\"potentialAction\":[{\"@type\":\"ReadAction\",\"target\":[\"https:\/\/www.kirmus.ee\/nooreesti\/ajakiri-noor-eesti\/ajakiri-noor-eesti-nr-5-6\/sisukord\/\"]}]},{\"@type\":\"BreadcrumbList\",\"@id\":\"https:\/\/www.kirmus.ee\/nooreesti\/ajakiri-noor-eesti\/ajakiri-noor-eesti-nr-5-6\/sisukord\/#breadcrumb\",\"itemListElement\":[{\"@type\":\"ListItem\",\"position\":1,\"item\":{\"@type\":\"WebPage\",\"@id\":\"https:\/\/www.kirmus.ee\/nooreesti\/\",\"url\":\"https:\/\/www.kirmus.ee\/nooreesti\/\",\"name\":\"Avaleht\"}},{\"@type\":\"ListItem\",\"position\":2,\"item\":{\"@type\":\"WebPage\",\"@id\":\"https:\/\/www.kirmus.ee\/nooreesti\/ajakiri-noor-eesti\/\",\"url\":\"https:\/\/www.kirmus.ee\/nooreesti\/ajakiri-noor-eesti\/\",\"name\":\"Ajakiri Noor-Eesti\"}},{\"@type\":\"ListItem\",\"position\":3,\"item\":{\"@type\":\"WebPage\",\"@id\":\"https:\/\/www.kirmus.ee\/nooreesti\/ajakiri-noor-eesti\/ajakiri-noor-eesti-nr-5-6\/\",\"url\":\"https:\/\/www.kirmus.ee\/nooreesti\/ajakiri-noor-eesti\/ajakiri-noor-eesti-nr-5-6\/\",\"name\":\"Ajakiri &#8220;Noor-Eesti&#8221;, nr 5\/6\"}},{\"@type\":\"ListItem\",\"position\":4,\"item\":{\"@type\":\"WebPage\",\"@id\":\"https:\/\/www.kirmus.ee\/nooreesti\/ajakiri-noor-eesti\/ajakiri-noor-eesti-nr-5-6\/sisukord\/\",\"url\":\"https:\/\/www.kirmus.ee\/nooreesti\/ajakiri-noor-eesti\/ajakiri-noor-eesti-nr-5-6\/sisukord\/\",\"name\":\"Sisukord\"}}]}]}<\/script>\n<!-- \/ Yoast SEO plugin. -->","_links":{"self":[{"href":"https:\/\/www.kirmus.ee\/nooreesti\/wp-json\/wp\/v2\/pages\/2011"}],"collection":[{"href":"https:\/\/www.kirmus.ee\/nooreesti\/wp-json\/wp\/v2\/pages"}],"about":[{"href":"https:\/\/www.kirmus.ee\/nooreesti\/wp-json\/wp\/v2\/types\/page"}],"author":[{"embeddable":true,"href":"https:\/\/www.kirmus.ee\/nooreesti\/wp-json\/wp\/v2\/users\/1"}],"replies":[{"embeddable":true,"href":"https:\/\/www.kirmus.ee\/nooreesti\/wp-json\/wp\/v2\/comments?post=2011"}],"version-history":[{"count":3,"href":"https:\/\/www.kirmus.ee\/nooreesti\/wp-json\/wp\/v2\/pages\/2011\/revisions"}],"predecessor-version":[{"id":2437,"href":"https:\/\/www.kirmus.ee\/nooreesti\/wp-json\/wp\/v2\/pages\/2011\/revisions\/2437"}],"up":[{"embeddable":true,"href":"https:\/\/www.kirmus.ee\/nooreesti\/wp-json\/wp\/v2\/pages\/2005"}],"wp:attachment":[{"href":"https:\/\/www.kirmus.ee\/nooreesti\/wp-json\/wp\/v2\/media?parent=2011"}],"curies":[{"name":"wp","href":"https:\/\/api.w.org\/{rel}","templated":true}]}}