{"id":225,"date":"2020-06-09T08:28:28","date_gmt":"2020-06-09T08:28:28","guid":{"rendered":"https:\/\/www.kirmus.ee\/nooreesti\/?page_id=225"},"modified":"2020-06-09T10:20:31","modified_gmt":"2020-06-09T10:20:31","slug":"sisukord","status":"publish","type":"page","link":"https:\/\/www.kirmus.ee\/nooreesti\/noor-eesti-albumid\/noor-eesti-i-album\/sisukord\/","title":{"rendered":"Sisukord"},"content":{"rendered":"\n<figure class=\"wp-block-table is-style-stripes\"><table><tbody><tr><td><strong>Pealkiri<\/strong><\/td><td><strong>lk<\/strong><\/td><\/tr><tr><td>&#8220;Noor Eesti&#8221; &#8211; Suits, Gustav<\/td><td><a href=\"\/nooreesti\/noor-eesti-albumid\/noor-eesti-i-album\/#lk-5\">5<\/a><\/td><\/tr><tr><td>&#8220;Asuja&#8221; &#8211; Tuglas, Friedebert<\/td><td><a href=\"\/nooreesti\/noor-eesti-albumid\/noor-eesti-i-album\/#lk-16\">16<\/a><\/td><\/tr><tr><td>&#8220;P\u00fchaj\u00e4rve Tamm&#8221; &#8211; Grossschmidt, O[tto]<\/td><td><a href=\"\/nooreesti\/noor-eesti-albumid\/noor-eesti-i-album\/#lk-22\">22<\/a><\/td><\/tr><tr><td>&#8220;Vabastatud Vang&#8221; &#8211; Baudelaire, Charles<\/td><td><a href=\"\/nooreesti\/noor-eesti-albumid\/noor-eesti-i-album\/#lk-24\">24<\/a><\/td><\/tr><tr><td>&#8220;Keskaja Kindlus&#8221; &#8211; Raudsepp, H[ugo]<\/td><td><a href=\"\/nooreesti\/noor-eesti-albumid\/noor-eesti-i-album\/#lk-27\">27<\/a><\/td><\/tr><tr><td>&#8220;Linna S\u00f5it&#8221; &#8211; Kallas, Aino<\/td><td><a href=\"\/nooreesti\/noor-eesti-albumid\/noor-eesti-i-album\/#lk-28\">28<\/a><\/td><\/tr><tr><td>&#8220;Varemed&#8221; &#8211; Luiga, G[eorg] E[duard]<\/td><td><a href=\"\/nooreesti\/noor-eesti-albumid\/noor-eesti-i-album\/#lk-33\">33<\/a><\/td><\/tr><tr><td>&#8220;K. E.S\u00f6\u00f6ti luule&#8221; &#8211; Raudsepp, H[ugo]<\/td><td><a href=\"\/nooreesti\/noor-eesti-albumid\/noor-eesti-i-album\/#lk-34\">34<\/a><\/td><\/tr><tr><td>&#8220;\u00dcks kalmuke teise k\u00f5rva&#8221; &#8211; Suits, Gustav<\/td><td><a href=\"\/nooreesti\/noor-eesti-albumid\/noor-eesti-i-album\/#lk-44\">44<\/a><\/td><\/tr><tr><td>&#8220;Mis on seltskond?&#8221; &#8211; Leik, O[svald]<\/td><td><a href=\"\/nooreesti\/noor-eesti-albumid\/noor-eesti-i-album\/#lk-45\">45<\/a><\/td><\/tr><tr><td>&#8220;Kivid&#8221; &#8211; Grossschmidt, O[tto]<\/td><td><a href=\"\/nooreesti\/noor-eesti-albumid\/noor-eesti-i-album\/#lk-60\">60<\/a><\/td><\/tr><tr><td>&#8220;Laseb k\u00e4ele suud anda &#8230;&#8221; &#8211; Kitzberg, A[ugust]<\/td><td><a href=\"\/nooreesti\/noor-eesti-albumid\/noor-eesti-i-album\/#lk-61\">61<\/a><\/td><\/tr><tr><td>&#8220;Laul orjadele&#8221; &#8211; Suits, Gustav<\/td><td><a href=\"\/nooreesti\/noor-eesti-albumid\/noor-eesti-i-album\/#lk-64\">64<\/a><\/td><\/tr><tr><td>&#8220;Eesti kirjakeele t\u00e4iendamise abin\u00f5udest&#8221; &#8211; Aavik, Joh[annes]<\/td><td><a href=\"\/nooreesti\/noor-eesti-albumid\/noor-eesti-i-album\/#lk-66\">66<\/a><\/td><\/tr><tr><td>&#8220;Kevade Laul&#8221; &#8211; Suits, Gustav<\/td><td><a href=\"\/nooreesti\/noor-eesti-albumid\/noor-eesti-i-album\/#lk-75\">75<\/a><\/td><\/tr><tr><td>&#8220;N\u00f5iutud Ringis&#8221; &#8211; Tuglas, Friedebert<\/td><td><a href=\"\/nooreesti\/noor-eesti-albumid\/noor-eesti-i-album\/#lk-76\">76<\/a><\/td><\/tr><tr><td>&#8220;Talvine \u00d5htu&#8221; &#8211; Gr\u00fcnthal, Willem<\/td><td><a href=\"\/nooreesti\/noor-eesti-albumid\/noor-eesti-i-album\/#lk-85\">85<\/a><\/td><\/tr><tr><td>&#8220;Ex ungue, loenem&#8221; &#8211; Suits, Gustav<\/td><td><a href=\"\/nooreesti\/noor-eesti-albumid\/noor-eesti-i-album\/#lk-86\">86<\/a><\/td><\/tr><tr><td>&#8220;Noor Eestile&#8221; &#8211; Liiv, Juhan<\/td><td><a href=\"\/nooreesti\/noor-eesti-albumid\/noor-eesti-i-album\/#lk-92\">92<\/a><\/td><\/tr><tr><td>&#8220;P\u00e4\u00e4t\u00fckk pikemast kirjat\u00f6\u00f6st&#8221; &#8211; Suits, Gustav<\/td><td><a href=\"\/nooreesti\/noor-eesti-albumid\/noor-eesti-i-album\/#lk-93\">93<\/a><\/td><\/tr><tr><td>&#8220;Unustuse saar&#8221; &#8211; Aho, Juhani<\/td><td><a href=\"\/nooreesti\/noor-eesti-albumid\/noor-eesti-i-album\/#lk-100\">100<\/a><\/td><\/tr><tr><td>&#8220;Mu luule, tule&#8221; &#8211; Haava, Anna<\/td><td><a href=\"\/nooreesti\/noor-eesti-albumid\/noor-eesti-i-album\/#lk-105\">105<\/a><\/td><\/tr><tr><td>&#8220;See oli kevadel&#8221; &#8211; Murrik, Hella<\/td><td><a href=\"\/nooreesti\/noor-eesti-albumid\/noor-eesti-i-album\/#lk-106\">106<\/a><\/td><\/tr><tr><td>&#8220;Ema laul&#8221; &#8211; Under, Marie<\/td><td><a href=\"\/nooreesti\/noor-eesti-albumid\/noor-eesti-i-album\/#lk-107\">107<\/a><\/td><\/tr><tr><td>&#8220;Charles Baudelaire ja dekadentismus&#8221; &#8211; Baudelaire, Charles<\/td><td><a href=\"\/nooreesti\/noor-eesti-albumid\/noor-eesti-i-album\/#lk-108\">108<\/a><\/td><\/tr><\/tbody><\/table><\/figure>\n","protected":false},"excerpt":{"rendered":"<p>Pealkiri lk &#8220;Noor Eesti&#8221; &#8211; Suits, Gustav 5 &#8220;Asuja&#8221; &#8211; Tuglas, Friedebert 16 &#8220;P\u00fchaj\u00e4rve Tamm&#8221; &#8211; Grossschmidt, O[tto] 22 &#8220;Vabastatud Vang&#8221; &#8211; Baudelaire, Charles 24 &#8220;Keskaja Kindlus&#8221; &#8211; Raudsepp, H[ugo] 27 &#8220;Linna S\u00f5it&#8221; &#8211; Kallas, Aino 28 &#8220;Varemed&#8221; &#8211; Luiga, G[eorg] E[duard] 33 &#8220;K. E.S\u00f6\u00f6ti luule&#8221; &#8211; Raudsepp, H[ugo] 34 &#8220;\u00dcks kalmuke teise k\u00f5rva&#8221; &#8211; [&hellip;]<\/p>\n","protected":false},"author":1,"featured_media":0,"parent":222,"menu_order":0,"comment_status":"closed","ping_status":"closed","template":"","meta":[],"yoast_head":"<!-- This site is optimized with the Yoast SEO plugin v14.2 - https:\/\/yoast.com\/wordpress\/plugins\/seo\/ -->\n<meta name=\"robots\" content=\"index, follow\" \/>\n<meta name=\"googlebot\" content=\"index, follow, max-snippet:-1, max-image-preview:large, max-video-preview:-1\" \/>\n<meta name=\"bingbot\" content=\"index, follow, max-snippet:-1, max-image-preview:large, max-video-preview:-1\" \/>\n<link rel=\"canonical\" href=\"https:\/\/www.kirmus.ee\/nooreesti\/noor-eesti-albumid\/noor-eesti-i-album\/sisukord\/\" \/>\n<meta property=\"og:locale\" content=\"en_US\" \/>\n<meta property=\"og:type\" content=\"article\" \/>\n<meta property=\"og:title\" content=\"Sisukord - Noor-Eesti\" \/>\n<meta property=\"og:description\" content=\"Pealkiri lk &#8220;Noor Eesti&#8221; &#8211; Suits, Gustav 5 &#8220;Asuja&#8221; &#8211; Tuglas, Friedebert 16 &#8220;P\u00fchaj\u00e4rve Tamm&#8221; &#8211; Grossschmidt, O[tto] 22 &#8220;Vabastatud Vang&#8221; &#8211; Baudelaire, Charles 24 &#8220;Keskaja Kindlus&#8221; &#8211; Raudsepp, H[ugo] 27 &#8220;Linna S\u00f5it&#8221; &#8211; Kallas, Aino 28 &#8220;Varemed&#8221; &#8211; Luiga, G[eorg] E[duard] 33 &#8220;K. E.S\u00f6\u00f6ti luule&#8221; &#8211; Raudsepp, H[ugo] 34 &#8220;\u00dcks kalmuke teise k\u00f5rva&#8221; &#8211; [&hellip;]\" \/>\n<meta property=\"og:url\" content=\"https:\/\/www.kirmus.ee\/nooreesti\/noor-eesti-albumid\/noor-eesti-i-album\/sisukord\/\" \/>\n<meta property=\"og:site_name\" content=\"Noor-Eesti\" \/>\n<meta property=\"article:modified_time\" content=\"2020-06-09T10:20:31+00:00\" \/>\n<meta name=\"twitter:card\" content=\"summary_large_image\" \/>\n<script type=\"application\/ld+json\" class=\"yoast-schema-graph\">{\"@context\":\"https:\/\/schema.org\",\"@graph\":[{\"@type\":\"WebSite\",\"@id\":\"https:\/\/www.kirmus.ee\/nooreesti\/#website\",\"url\":\"https:\/\/www.kirmus.ee\/nooreesti\/\",\"name\":\"Noor-Eesti\",\"description\":\"&quot;OLGEM EESTLASED, AGA SAAGEM KA EUROOPLASTEKS!&quot;\",\"potentialAction\":[{\"@type\":\"SearchAction\",\"target\":\"https:\/\/www.kirmus.ee\/nooreesti\/?s={search_term_string}\",\"query-input\":\"required name=search_term_string\"}],\"inLanguage\":\"en-US\"},{\"@type\":\"WebPage\",\"@id\":\"https:\/\/www.kirmus.ee\/nooreesti\/noor-eesti-albumid\/noor-eesti-i-album\/sisukord\/#webpage\",\"url\":\"https:\/\/www.kirmus.ee\/nooreesti\/noor-eesti-albumid\/noor-eesti-i-album\/sisukord\/\",\"name\":\"Sisukord - Noor-Eesti\",\"isPartOf\":{\"@id\":\"https:\/\/www.kirmus.ee\/nooreesti\/#website\"},\"datePublished\":\"2020-06-09T08:28:28+00:00\",\"dateModified\":\"2020-06-09T10:20:31+00:00\",\"breadcrumb\":{\"@id\":\"https:\/\/www.kirmus.ee\/nooreesti\/noor-eesti-albumid\/noor-eesti-i-album\/sisukord\/#breadcrumb\"},\"inLanguage\":\"en-US\",\"potentialAction\":[{\"@type\":\"ReadAction\",\"target\":[\"https:\/\/www.kirmus.ee\/nooreesti\/noor-eesti-albumid\/noor-eesti-i-album\/sisukord\/\"]}]},{\"@type\":\"BreadcrumbList\",\"@id\":\"https:\/\/www.kirmus.ee\/nooreesti\/noor-eesti-albumid\/noor-eesti-i-album\/sisukord\/#breadcrumb\",\"itemListElement\":[{\"@type\":\"ListItem\",\"position\":1,\"item\":{\"@type\":\"WebPage\",\"@id\":\"https:\/\/www.kirmus.ee\/nooreesti\/\",\"url\":\"https:\/\/www.kirmus.ee\/nooreesti\/\",\"name\":\"Avaleht\"}},{\"@type\":\"ListItem\",\"position\":2,\"item\":{\"@type\":\"WebPage\",\"@id\":\"https:\/\/www.kirmus.ee\/nooreesti\/noor-eesti-albumid\/\",\"url\":\"https:\/\/www.kirmus.ee\/nooreesti\/noor-eesti-albumid\/\",\"name\":\"Noor-Eesti albumid\"}},{\"@type\":\"ListItem\",\"position\":3,\"item\":{\"@type\":\"WebPage\",\"@id\":\"https:\/\/www.kirmus.ee\/nooreesti\/noor-eesti-albumid\/noor-eesti-i-album\/\",\"url\":\"https:\/\/www.kirmus.ee\/nooreesti\/noor-eesti-albumid\/noor-eesti-i-album\/\",\"name\":\"\\u201cNoor Eesti\\u201d I album (1905)\"}},{\"@type\":\"ListItem\",\"position\":4,\"item\":{\"@type\":\"WebPage\",\"@id\":\"https:\/\/www.kirmus.ee\/nooreesti\/noor-eesti-albumid\/noor-eesti-i-album\/sisukord\/\",\"url\":\"https:\/\/www.kirmus.ee\/nooreesti\/noor-eesti-albumid\/noor-eesti-i-album\/sisukord\/\",\"name\":\"Sisukord\"}}]}]}<\/script>\n<!-- \/ Yoast SEO plugin. -->","_links":{"self":[{"href":"https:\/\/www.kirmus.ee\/nooreesti\/wp-json\/wp\/v2\/pages\/225"}],"collection":[{"href":"https:\/\/www.kirmus.ee\/nooreesti\/wp-json\/wp\/v2\/pages"}],"about":[{"href":"https:\/\/www.kirmus.ee\/nooreesti\/wp-json\/wp\/v2\/types\/page"}],"author":[{"embeddable":true,"href":"https:\/\/www.kirmus.ee\/nooreesti\/wp-json\/wp\/v2\/users\/1"}],"replies":[{"embeddable":true,"href":"https:\/\/www.kirmus.ee\/nooreesti\/wp-json\/wp\/v2\/comments?post=225"}],"version-history":[{"count":2,"href":"https:\/\/www.kirmus.ee\/nooreesti\/wp-json\/wp\/v2\/pages\/225\/revisions"}],"predecessor-version":[{"id":249,"href":"https:\/\/www.kirmus.ee\/nooreesti\/wp-json\/wp\/v2\/pages\/225\/revisions\/249"}],"up":[{"embeddable":true,"href":"https:\/\/www.kirmus.ee\/nooreesti\/wp-json\/wp\/v2\/pages\/222"}],"wp:attachment":[{"href":"https:\/\/www.kirmus.ee\/nooreesti\/wp-json\/wp\/v2\/media?parent=225"}],"curies":[{"name":"wp","href":"https:\/\/api.w.org\/{rel}","templated":true}]}}