{"id":232,"date":"2020-06-09T09:30:41","date_gmt":"2020-06-09T09:30:41","guid":{"rendered":"https:\/\/www.kirmus.ee\/nooreesti\/?page_id=232"},"modified":"2020-06-10T11:39:13","modified_gmt":"2020-06-10T11:39:13","slug":"sisukord","status":"publish","type":"page","link":"https:\/\/www.kirmus.ee\/nooreesti\/noor-eesti-albumid\/noor-eesti-ii-album\/sisukord\/","title":{"rendered":"Sisukord"},"content":{"rendered":"\n<figure class=\"wp-block-table is-style-stripes\"><table><tbody><tr><td><strong>Pealkiri<\/strong><\/td><td><strong>lk<\/strong><\/td><\/tr><tr><td>&#8220;Jumala Saar&#8221; &#8211; Tuglas, Friedebert<\/td><td><a href=\"\/nooreesti\/noor-eesti-albumid\/noor-eesti-ii-album\/#lk2-7\">7<\/a><\/td><\/tr><tr><td>&#8220;Kolm Laulu&#8221; &#8211; Peterson, Kr[istjan] Jaak<\/td><td><a href=\"\/nooreesti\/noor-eesti-albumid\/noor-eesti-ii-album\/#lk2-35\">35<\/a><\/td><\/tr><tr><td>&#8220;M\u00f5ned Katked&#8221; &#8211; Peterson, Kr[istjan] Jaak<\/td><td><a href=\"\/nooreesti\/noor-eesti-albumid\/noor-eesti-ii-album\/#lk2-37\">37<\/a><\/td><\/tr><tr><td>&#8220;Talve Laulud&#8221; &#8211; Suits, Gustav<\/td><td><a href=\"\/nooreesti\/noor-eesti-albumid\/noor-eesti-ii-album\/#lk2-40\">40<\/a><\/td><\/tr><tr><td>&#8220;Koidu ajal&#8221; &#8211; Heiberg, Marie<\/td><td><a href=\"\/nooreesti\/noor-eesti-albumid\/noor-eesti-ii-album\/#lk2-42\">42<\/a><\/td><\/tr><tr><td>&#8220;Kaks laulu&#8221; &#8211; Liiv, Juhan<\/td><td><a href=\"\/nooreesti\/noor-eesti-albumid\/noor-eesti-ii-album\/#lk2-44\">44<\/a><\/td><\/tr><tr><td>&#8220;\u00c4mblik&#8221; &#8211; Kamsen, Reinhold<\/td><td><a href=\"\/nooreesti\/noor-eesti-albumid\/noor-eesti-ii-album\/#lk2-45\">45<\/a><\/td><\/tr><tr><td>&#8220;Murede maa&#8221; &#8211; Kamsen, Reinhold<\/td><td><a href=\"\/nooreesti\/noor-eesti-albumid\/noor-eesti-ii-album\/#lk2-50\">50<\/a><\/td><\/tr><tr><td>&#8220;Ernst Petersoni &#8220;Rahvavalgustaja&#8221;&#8221; &#8211; Mihkelson, Eduard<\/td><td><a href=\"\/nooreesti\/noor-eesti-albumid\/noor-eesti-ii-album\/#lk2-51\">51<\/a><\/td><\/tr><tr><td>&#8220;Kaks laulu&#8221; &#8211; Gr\u00fcnthal, Willem<\/td><td><a href=\"http:\/\/65\">65<\/a><\/td><\/tr><tr><td>&#8220;P\u00e4evaraamatu lehed&#8221; &#8211; Haljangu, Lembit<\/td><td><a href=\"\/nooreesti\/noor-eesti-albumid\/noor-eesti-ii-album\/#lk2-66\">66<\/a><\/td><\/tr><tr><td>&#8220;Kaks laulu&#8221; &#8211; Murrik, Hella<\/td><td><a href=\"\/nooreesti\/noor-eesti-albumid\/noor-eesti-ii-album\/#lk2-69\">69<\/a><\/td><\/tr><tr><td>&#8220;K\u00f5ik hingekese eest&#8221; &#8211; Linde, Bernhard<\/td><td><a href=\"\/nooreesti\/noor-eesti-albumid\/noor-eesti-ii-album\/#lk2-70\">70<\/a><\/td><\/tr><tr><td>&#8220;Minu Pojale&#8221; &#8211; Luiga, G[eorg] E[duard]<\/td><td><a href=\"\/nooreesti\/noor-eesti-albumid\/noor-eesti-ii-album\/#lk2-78\">78<\/a><\/td><\/tr><tr><td>&#8220;Loob &#8230;&#8221; &#8211; Tamm, Rein<\/td><td><a href=\"\/nooreesti\/noor-eesti-albumid\/noor-eesti-ii-album\/#lk2-78\">78<\/a><\/td><\/tr><tr><td>&#8220;Kui tahaks h\u00f5isata veel noortega&#8221; &#8211; Grossschmidt, O[tto]<\/td><td><a href=\"\/nooreesti\/noor-eesti-albumid\/noor-eesti-ii-album\/#lk2-87\">87<\/a><\/td><\/tr><tr><td>&#8220;Vana oru surm&#8221; &#8211; Kallas, Aino<\/td><td><a href=\"\/nooreesti\/noor-eesti-albumid\/noor-eesti-ii-album\/#lk2-88\">88<\/a><\/td><\/tr><tr><td>&#8220;Noorep\u00f5lve \u00f5nne matsin&#8221; &#8211; S\u00f6\u00f6t, K[arl] E[duard]<\/td><td><a href=\"\/nooreesti\/noor-eesti-albumid\/noor-eesti-ii-album\/#lk2-94\">94<\/a><\/td><\/tr><tr><td>&#8220;Haudade p\u00e4\u00e4l&#8221; &#8211; Oks, Jaan<\/td><td><a href=\"\/nooreesti\/noor-eesti-albumid\/noor-eesti-ii-album\/#lk2-95\">95<\/a><\/td><\/tr><tr><td>&#8220;N\u00fc\u00fcd ma tahan m\u00f5\u00f5ka t\u00f5sta.&#8221; &#8211; Raudsepp, H[ugo]<\/td><td><a href=\"\/nooreesti\/noor-eesti-albumid\/noor-eesti-ii-album\/#lk2-97\">97<\/a><\/td><\/tr><tr><td>&#8220;K\u00fctid&#8221; &#8211; Parik, J[\u00fcri]<\/td><td><a href=\"\/nooreesti\/noor-eesti-albumid\/noor-eesti-ii-album\/#lk2-98\">98<\/a><\/td><\/tr><tr><td>&#8220;Kaks laulu&#8221; &#8211; Liiv, Jakob<\/td><td><a href=\"\/nooreesti\/noor-eesti-albumid\/noor-eesti-ii-album\/#lk2-103\">103<\/a><\/td><\/tr><tr><td>&#8220;Kivisaare Toomas&#8221; &#8211; Wunk, M. J.<\/td><td><a href=\"\/nooreesti\/noor-eesti-albumid\/noor-eesti-ii-album\/#lk2-104\">104<\/a><\/td><\/tr><tr><td>&#8220;Enne Tormi&#8221; &#8211; Under, Marie<\/td><td><a href=\"\/nooreesti\/noor-eesti-albumid\/noor-eesti-ii-album\/#lk2-111\">111<\/a><\/td><\/tr><tr><td>&#8220;Lossi Varemetel&#8221; &#8211; Taar, Helene<\/td><td><a href=\"\/nooreesti\/noor-eesti-albumid\/noor-eesti-ii-album\/#lk2-112\">112<\/a><\/td><\/tr><tr><td>&#8220;Eesti kunstin\u00e4ituse puhul, Tartus, 1906&#8221; &#8211; Thomson, A.<\/td><td><a href=\"\/nooreesti\/noor-eesti-albumid\/noor-eesti-ii-album\/#lk2-113\">113<\/a><\/td><\/tr><tr><td>&#8220;Mis sa n\u00f5elud, neiukene?&#8221; &#8211; Promet, Julius<\/td><td><a href=\"\/nooreesti\/noor-eesti-albumid\/noor-eesti-ii-album\/#lk2-119\">119<\/a><\/td><\/tr><tr><td>&#8220;Mere \u00c4\u00e4res&#8221; &#8211; Metsanurk, Mait<\/td><td><a href=\"\/nooreesti\/noor-eesti-albumid\/noor-eesti-ii-album\/#lk2-119\">119<\/a><\/td><\/tr><tr><td>&#8220;Kaks palujat&#8221; &#8211; Mikkelsaar, F[riedrich] V[olrad]<\/td><td><a href=\"\/nooreesti\/noor-eesti-albumid\/noor-eesti-ii-album\/#lk2-124\">124<\/a><\/td><\/tr><tr><td>&#8220;Jumalaga&#8221; &#8211; Mikkelsaar, F[riedrich] V[olrad]<\/td><td><a href=\"\/nooreesti\/noor-eesti-albumid\/noor-eesti-ii-album\/#lk2-124\">124<\/a><\/td><\/tr><tr><td>&#8220;Abstraktlikud subantivid Eesti keeles&#8221; &#8211; Aavik, Joh[annes]<\/td><td><a href=\"\/nooreesti\/noor-eesti-albumid\/noor-eesti-ii-album\/#lk2-125\">125<\/a><\/td><\/tr><tr><td>&#8220;Hingekell&#8221; &#8211; Lintrop, Jaan<\/td><td><a href=\"\/nooreesti\/noor-eesti-albumid\/noor-eesti-ii-album\/#lk2-131\">131<\/a><\/td><\/tr><tr><td>&#8220;Vanemuise rahvateatri tegevus esimesel pool-aastal&#8221; &#8211; J\u00fcrgenstein, A[nton]<\/td><td><a href=\"\/nooreesti\/noor-eesti-albumid\/noor-eesti-ii-album\/#lk2-133\">133<\/a><\/td><\/tr><tr><td>&#8220;Talumees ja \u00f5petaja&#8221; &#8211; Rootslane, J.<\/td><td><a href=\"\/nooreesti\/noor-eesti-albumid\/noor-eesti-ii-album\/#lk2-140\">140<\/a><\/td><\/tr><\/tbody><\/table><\/figure>\n","protected":false},"excerpt":{"rendered":"<p>Pealkiri lk &#8220;Jumala Saar&#8221; &#8211; Tuglas, Friedebert 7 &#8220;Kolm Laulu&#8221; &#8211; Peterson, Kr[istjan] Jaak 35 &#8220;M\u00f5ned Katked&#8221; &#8211; Peterson, Kr[istjan] Jaak 37 &#8220;Talve Laulud&#8221; &#8211; Suits, Gustav 40 &#8220;Koidu ajal&#8221; &#8211; Heiberg, Marie 42 &#8220;Kaks laulu&#8221; &#8211; Liiv, Juhan 44 &#8220;\u00c4mblik&#8221; &#8211; Kamsen, Reinhold 45 &#8220;Murede maa&#8221; &#8211; Kamsen, Reinhold 50 &#8220;Ernst Petersoni &#8220;Rahvavalgustaja&#8221;&#8221; &#8211; [&hellip;]<\/p>\n","protected":false},"author":1,"featured_media":0,"parent":230,"menu_order":0,"comment_status":"closed","ping_status":"closed","template":"","meta":[],"yoast_head":"<!-- This site is optimized with the Yoast SEO plugin v14.2 - https:\/\/yoast.com\/wordpress\/plugins\/seo\/ -->\n<meta name=\"robots\" content=\"index, follow\" \/>\n<meta name=\"googlebot\" content=\"index, follow, max-snippet:-1, max-image-preview:large, max-video-preview:-1\" \/>\n<meta name=\"bingbot\" content=\"index, follow, max-snippet:-1, max-image-preview:large, max-video-preview:-1\" \/>\n<link rel=\"canonical\" href=\"https:\/\/www.kirmus.ee\/nooreesti\/noor-eesti-albumid\/noor-eesti-ii-album\/sisukord\/\" \/>\n<meta property=\"og:locale\" content=\"en_US\" \/>\n<meta property=\"og:type\" content=\"article\" \/>\n<meta property=\"og:title\" content=\"Sisukord - Noor-Eesti\" \/>\n<meta property=\"og:description\" content=\"Pealkiri lk &#8220;Jumala Saar&#8221; &#8211; Tuglas, Friedebert 7 &#8220;Kolm Laulu&#8221; &#8211; Peterson, Kr[istjan] Jaak 35 &#8220;M\u00f5ned Katked&#8221; &#8211; Peterson, Kr[istjan] Jaak 37 &#8220;Talve Laulud&#8221; &#8211; Suits, Gustav 40 &#8220;Koidu ajal&#8221; &#8211; Heiberg, Marie 42 &#8220;Kaks laulu&#8221; &#8211; Liiv, Juhan 44 &#8220;\u00c4mblik&#8221; &#8211; Kamsen, Reinhold 45 &#8220;Murede maa&#8221; &#8211; Kamsen, Reinhold 50 &#8220;Ernst Petersoni &#8220;Rahvavalgustaja&#8221;&#8221; &#8211; [&hellip;]\" \/>\n<meta property=\"og:url\" content=\"https:\/\/www.kirmus.ee\/nooreesti\/noor-eesti-albumid\/noor-eesti-ii-album\/sisukord\/\" \/>\n<meta property=\"og:site_name\" content=\"Noor-Eesti\" \/>\n<meta property=\"article:modified_time\" content=\"2020-06-10T11:39:13+00:00\" \/>\n<meta name=\"twitter:card\" content=\"summary_large_image\" \/>\n<script type=\"application\/ld+json\" class=\"yoast-schema-graph\">{\"@context\":\"https:\/\/schema.org\",\"@graph\":[{\"@type\":\"WebSite\",\"@id\":\"https:\/\/www.kirmus.ee\/nooreesti\/#website\",\"url\":\"https:\/\/www.kirmus.ee\/nooreesti\/\",\"name\":\"Noor-Eesti\",\"description\":\"&quot;OLGEM EESTLASED, AGA SAAGEM KA EUROOPLASTEKS!&quot;\",\"potentialAction\":[{\"@type\":\"SearchAction\",\"target\":\"https:\/\/www.kirmus.ee\/nooreesti\/?s={search_term_string}\",\"query-input\":\"required name=search_term_string\"}],\"inLanguage\":\"en-US\"},{\"@type\":\"WebPage\",\"@id\":\"https:\/\/www.kirmus.ee\/nooreesti\/noor-eesti-albumid\/noor-eesti-ii-album\/sisukord\/#webpage\",\"url\":\"https:\/\/www.kirmus.ee\/nooreesti\/noor-eesti-albumid\/noor-eesti-ii-album\/sisukord\/\",\"name\":\"Sisukord - Noor-Eesti\",\"isPartOf\":{\"@id\":\"https:\/\/www.kirmus.ee\/nooreesti\/#website\"},\"datePublished\":\"2020-06-09T09:30:41+00:00\",\"dateModified\":\"2020-06-10T11:39:13+00:00\",\"breadcrumb\":{\"@id\":\"https:\/\/www.kirmus.ee\/nooreesti\/noor-eesti-albumid\/noor-eesti-ii-album\/sisukord\/#breadcrumb\"},\"inLanguage\":\"en-US\",\"potentialAction\":[{\"@type\":\"ReadAction\",\"target\":[\"https:\/\/www.kirmus.ee\/nooreesti\/noor-eesti-albumid\/noor-eesti-ii-album\/sisukord\/\"]}]},{\"@type\":\"BreadcrumbList\",\"@id\":\"https:\/\/www.kirmus.ee\/nooreesti\/noor-eesti-albumid\/noor-eesti-ii-album\/sisukord\/#breadcrumb\",\"itemListElement\":[{\"@type\":\"ListItem\",\"position\":1,\"item\":{\"@type\":\"WebPage\",\"@id\":\"https:\/\/www.kirmus.ee\/nooreesti\/\",\"url\":\"https:\/\/www.kirmus.ee\/nooreesti\/\",\"name\":\"Avaleht\"}},{\"@type\":\"ListItem\",\"position\":2,\"item\":{\"@type\":\"WebPage\",\"@id\":\"https:\/\/www.kirmus.ee\/nooreesti\/noor-eesti-albumid\/\",\"url\":\"https:\/\/www.kirmus.ee\/nooreesti\/noor-eesti-albumid\/\",\"name\":\"Noor-Eesti albumid\"}},{\"@type\":\"ListItem\",\"position\":3,\"item\":{\"@type\":\"WebPage\",\"@id\":\"https:\/\/www.kirmus.ee\/nooreesti\/noor-eesti-albumid\/noor-eesti-ii-album\/\",\"url\":\"https:\/\/www.kirmus.ee\/nooreesti\/noor-eesti-albumid\/noor-eesti-ii-album\/\",\"name\":\"\\u201cNoor Eesti\\u201d II album (1907)\"}},{\"@type\":\"ListItem\",\"position\":4,\"item\":{\"@type\":\"WebPage\",\"@id\":\"https:\/\/www.kirmus.ee\/nooreesti\/noor-eesti-albumid\/noor-eesti-ii-album\/sisukord\/\",\"url\":\"https:\/\/www.kirmus.ee\/nooreesti\/noor-eesti-albumid\/noor-eesti-ii-album\/sisukord\/\",\"name\":\"Sisukord\"}}]}]}<\/script>\n<!-- \/ Yoast SEO plugin. -->","_links":{"self":[{"href":"https:\/\/www.kirmus.ee\/nooreesti\/wp-json\/wp\/v2\/pages\/232"}],"collection":[{"href":"https:\/\/www.kirmus.ee\/nooreesti\/wp-json\/wp\/v2\/pages"}],"about":[{"href":"https:\/\/www.kirmus.ee\/nooreesti\/wp-json\/wp\/v2\/types\/page"}],"author":[{"embeddable":true,"href":"https:\/\/www.kirmus.ee\/nooreesti\/wp-json\/wp\/v2\/users\/1"}],"replies":[{"embeddable":true,"href":"https:\/\/www.kirmus.ee\/nooreesti\/wp-json\/wp\/v2\/comments?post=232"}],"version-history":[{"count":3,"href":"https:\/\/www.kirmus.ee\/nooreesti\/wp-json\/wp\/v2\/pages\/232\/revisions"}],"predecessor-version":[{"id":402,"href":"https:\/\/www.kirmus.ee\/nooreesti\/wp-json\/wp\/v2\/pages\/232\/revisions\/402"}],"up":[{"embeddable":true,"href":"https:\/\/www.kirmus.ee\/nooreesti\/wp-json\/wp\/v2\/pages\/230"}],"wp:attachment":[{"href":"https:\/\/www.kirmus.ee\/nooreesti\/wp-json\/wp\/v2\/media?parent=232"}],"curies":[{"name":"wp","href":"https:\/\/api.w.org\/{rel}","templated":true}]}}