{"id":244,"date":"2020-06-09T09:32:30","date_gmt":"2020-06-09T09:32:30","guid":{"rendered":"https:\/\/www.kirmus.ee\/nooreesti\/?page_id=244"},"modified":"2020-06-11T10:43:22","modified_gmt":"2020-06-11T10:43:22","slug":"sisukord","status":"publish","type":"page","link":"https:\/\/www.kirmus.ee\/nooreesti\/noor-eesti-albumid\/noor-eesti-v-album\/sisukord\/","title":{"rendered":"Sisukord"},"content":{"rendered":"\n<figure class=\"wp-block-table is-style-stripes\"><table><tbody><tr><td><strong>Pealkiri<\/strong><\/td><td><strong>lk<\/strong><\/td><\/tr><tr><td>&#8220;Neli luuletust&#8221; &#8211; Suits, Gustav<\/td><td><a href=\"\/nooreesti\/noor-eesti-albumid\/noor-eesti-v-album\/#lk5-8\">8<\/a><\/td><\/tr><tr><td>&#8220;1905-1915&#8221; &#8211; Suits, Gustav<\/td><td><a href=\"\/nooreesti\/noor-eesti-albumid\/noor-eesti-v-album\/#lk5-10\">10<\/a><\/td><\/tr><tr><td>&#8220;Pilved s\u00f5udvad&#8221; &#8211; Liiv, Juhan<\/td><td><a href=\"\/nooreesti\/noor-eesti-albumid\/noor-eesti-v-album\/#lk5-16\">16<\/a><\/td><\/tr><tr><td>&#8220;Kolm luuletust&#8221; &#8211; Peterson, Kr[istjan] Jaak<\/td><td><a href=\"\/nooreesti\/noor-eesti-albumid\/noor-eesti-v-album\/#lk5-16\">16<\/a><\/td><\/tr><tr><td>&#8220;Jutt nahaparkijast Athanasiusest ja l\u00f5uendiv\u00e4rvijast Tiimonist&#8221; &#8211; Tas[s]a, Aleksander<\/td><td><a href=\"\/nooreesti\/noor-eesti-albumid\/noor-eesti-v-album\/#lk5-18\">18<\/a><\/td><\/tr><tr><td>&#8220;Kuus sonetti&#8221; &#8211; Ridala, V[illem]<\/td><td><a href=\"\/nooreesti\/noor-eesti-albumid\/noor-eesti-v-album\/#lk5-22\">22<\/a><\/td><\/tr><tr><td>&#8220;Rahva arvu kasvamine Eestimaal&#8221; &#8211; K\u00f6stner, Nikolai<\/td><td><a href=\"\/nooreesti\/noor-eesti-albumid\/noor-eesti-v-album\/#lk5-26\">26<\/a><\/td><\/tr><tr><td>&#8220;Kolm luuletust&#8221; &#8211; Semper, Johannes<\/td><td><a href=\"\/nooreesti\/noor-eesti-albumid\/noor-eesti-v-album\/#lk5-72\">72<\/a><\/td><\/tr><tr><td>&#8220;Maailma m\u00f5te. Jutustus&#8221; &#8211; Kallas, Aino<\/td><td><a href=\"\/nooreesti\/noor-eesti-albumid\/noor-eesti-v-album\/#lk5-74\">74<\/a><\/td><\/tr><tr><td>&#8220;Kaks luuletust&#8221; &#8211; Barbarus, J[ohannes]<\/td><td><a href=\"\/nooreesti\/noor-eesti-albumid\/noor-eesti-v-album\/#lk5-78\">78<\/a><\/td><\/tr><tr><td>&#8220;Vabadus ja surm&#8221; &#8211; Tuglas, Friedebert<\/td><td><a href=\"\/nooreesti\/noor-eesti-albumid\/noor-eesti-v-album\/#lk5-79\">79<\/a><\/td><\/tr><tr><td>&#8220;Neli luuletust&#8221; &#8211; Puru, Martin<\/td><td><a href=\"\/nooreesti\/noor-eesti-albumid\/noor-eesti-v-album\/#lk5-95\">95<\/a><\/td><\/tr><tr><td>&#8220;Gustav Suits l\u00fc\u00fcrikuna. Soomekeelsest k\u00e4sikirjast t\u00f5lkinud Villem Ernits&#8221; &#8211; Kallas, Aino<\/td><td><a href=\"\/nooreesti\/noor-eesti-albumid\/noor-eesti-v-album\/#lk5-96\">96<\/a><\/td><\/tr><tr><td>&#8220;Neli luuletust&#8221; &#8211; Tammes, Emil<\/td><td><a href=\"\/nooreesti\/noor-eesti-albumid\/noor-eesti-v-album\/#lk5-102\">102<\/a><\/td><\/tr><tr><td>&#8220;M\u00fcrk&#8221; &#8211; Rumor, Karl<\/td><td><a href=\"\/nooreesti\/noor-eesti-albumid\/noor-eesti-v-album\/#lk5-103\">103<\/a><\/td><\/tr><tr><td>&#8220;\u00d5htu p\u00e4rast vihma&#8221; &#8211; K\u00e4rner, Jaan<\/td><td><a href=\"\/nooreesti\/noor-eesti-albumid\/noor-eesti-v-album\/#lk5-109\">109<\/a><\/td><\/tr><tr><td>&#8220;Vaevade-maa&#8221; &#8211; Oks, Jaan<\/td><td><a href=\"\/nooreesti\/noor-eesti-albumid\/noor-eesti-v-album\/#lk5-109\">109<\/a><\/td><\/tr><tr><td>&#8220;Eesti intelligents&#8221; &#8211; Linde, Bernhard<\/td><td><a href=\"\/nooreesti\/noor-eesti-albumid\/noor-eesti-v-album\/#lk5-114\">114<\/a><\/td><\/tr><tr><td>&#8220;Muinasjutt&#8221; &#8211; K\u00f6nning, August<\/td><td><a href=\"\/nooreesti\/noor-eesti-albumid\/noor-eesti-v-album\/#lk5-121\">121<\/a><\/td><\/tr><tr><td>&#8220;Eesti kirjakeelse stiili arenemisj\u00e4rgud&#8221; &#8211; Aavik, Joh[annes]<\/td><td><a href=\"\/nooreesti\/noor-eesti-albumid\/noor-eesti-v-album\/#lk5-122\">122<\/a><\/td><\/tr><tr><td>&#8220;P\u00f5ud&#8221; &#8211; Alle, August<\/td><td><a href=\"\/nooreesti\/noor-eesti-albumid\/noor-eesti-v-album\/#lk5-129\">129<\/a><\/td><\/tr><tr><td>&#8220;Surma v\u00f5iduk\u00e4ik. Saksakeelsest k\u00e4sikirjast t\u00f5lkinud Bernhard Linde&#8221; &#8211; Stryk, Friedrich von<\/td><td><a href=\"\/nooreesti\/noor-eesti-albumid\/noor-eesti-v-album\/#lk5-129\">129<\/a><\/td><\/tr><tr><td>&#8220;\u00d5ed&#8221; &#8211; Semper, Johannes<\/td><td><a href=\"\/nooreesti\/noor-eesti-albumid\/noor-eesti-v-album\/#lk5-139\">139<\/a><\/td><\/tr><tr><td>&#8220;Juhan Liiv. In memoriam&#8221; &#8211; Linde, Bernhard<\/td><td><a href=\"\/nooreesti\/noor-eesti-albumid\/noor-eesti-v-album\/#lk5-142\">142<\/a><\/td><\/tr><tr><td>&#8220;\u00dchel s\u00fcgis\u00f6\u00f6l&#8221; &#8211; Andermann, E.<\/td><td><a href=\"\/nooreesti\/noor-eesti-albumid\/noor-eesti-v-album\/#lk5-146\">146<\/a><\/td><\/tr><\/tbody><\/table><\/figure>\n","protected":false},"excerpt":{"rendered":"<p>Pealkiri lk &#8220;Neli luuletust&#8221; &#8211; Suits, Gustav 8 &#8220;1905-1915&#8221; &#8211; Suits, Gustav 10 &#8220;Pilved s\u00f5udvad&#8221; &#8211; Liiv, Juhan 16 &#8220;Kolm luuletust&#8221; &#8211; Peterson, Kr[istjan] Jaak 16 &#8220;Jutt nahaparkijast Athanasiusest ja l\u00f5uendiv\u00e4rvijast Tiimonist&#8221; &#8211; Tas[s]a, Aleksander 18 &#8220;Kuus sonetti&#8221; &#8211; Ridala, V[illem] 22 &#8220;Rahva arvu kasvamine Eestimaal&#8221; &#8211; K\u00f6stner, Nikolai 26 &#8220;Kolm luuletust&#8221; &#8211; Semper, Johannes [&hellip;]<\/p>\n","protected":false},"author":1,"featured_media":0,"parent":237,"menu_order":0,"comment_status":"closed","ping_status":"closed","template":"","meta":[],"yoast_head":"<!-- This site is optimized with the Yoast SEO plugin v14.2 - https:\/\/yoast.com\/wordpress\/plugins\/seo\/ -->\n<meta name=\"robots\" content=\"index, follow\" \/>\n<meta name=\"googlebot\" content=\"index, follow, max-snippet:-1, max-image-preview:large, max-video-preview:-1\" \/>\n<meta name=\"bingbot\" content=\"index, follow, max-snippet:-1, max-image-preview:large, max-video-preview:-1\" \/>\n<link rel=\"canonical\" href=\"https:\/\/www.kirmus.ee\/nooreesti\/noor-eesti-albumid\/noor-eesti-v-album\/sisukord\/\" \/>\n<meta property=\"og:locale\" content=\"en_US\" \/>\n<meta property=\"og:type\" content=\"article\" \/>\n<meta property=\"og:title\" content=\"Sisukord - Noor-Eesti\" \/>\n<meta property=\"og:description\" content=\"Pealkiri lk &#8220;Neli luuletust&#8221; &#8211; Suits, Gustav 8 &#8220;1905-1915&#8221; &#8211; Suits, Gustav 10 &#8220;Pilved s\u00f5udvad&#8221; &#8211; Liiv, Juhan 16 &#8220;Kolm luuletust&#8221; &#8211; Peterson, Kr[istjan] Jaak 16 &#8220;Jutt nahaparkijast Athanasiusest ja l\u00f5uendiv\u00e4rvijast Tiimonist&#8221; &#8211; Tas[s]a, Aleksander 18 &#8220;Kuus sonetti&#8221; &#8211; Ridala, V[illem] 22 &#8220;Rahva arvu kasvamine Eestimaal&#8221; &#8211; K\u00f6stner, Nikolai 26 &#8220;Kolm luuletust&#8221; &#8211; Semper, Johannes [&hellip;]\" \/>\n<meta property=\"og:url\" content=\"https:\/\/www.kirmus.ee\/nooreesti\/noor-eesti-albumid\/noor-eesti-v-album\/sisukord\/\" \/>\n<meta property=\"og:site_name\" content=\"Noor-Eesti\" \/>\n<meta property=\"article:modified_time\" content=\"2020-06-11T10:43:22+00:00\" \/>\n<meta name=\"twitter:card\" content=\"summary_large_image\" \/>\n<script type=\"application\/ld+json\" class=\"yoast-schema-graph\">{\"@context\":\"https:\/\/schema.org\",\"@graph\":[{\"@type\":\"WebSite\",\"@id\":\"https:\/\/www.kirmus.ee\/nooreesti\/#website\",\"url\":\"https:\/\/www.kirmus.ee\/nooreesti\/\",\"name\":\"Noor-Eesti\",\"description\":\"&quot;OLGEM EESTLASED, AGA SAAGEM KA EUROOPLASTEKS!&quot;\",\"potentialAction\":[{\"@type\":\"SearchAction\",\"target\":\"https:\/\/www.kirmus.ee\/nooreesti\/?s={search_term_string}\",\"query-input\":\"required name=search_term_string\"}],\"inLanguage\":\"en-US\"},{\"@type\":\"WebPage\",\"@id\":\"https:\/\/www.kirmus.ee\/nooreesti\/noor-eesti-albumid\/noor-eesti-v-album\/sisukord\/#webpage\",\"url\":\"https:\/\/www.kirmus.ee\/nooreesti\/noor-eesti-albumid\/noor-eesti-v-album\/sisukord\/\",\"name\":\"Sisukord - Noor-Eesti\",\"isPartOf\":{\"@id\":\"https:\/\/www.kirmus.ee\/nooreesti\/#website\"},\"datePublished\":\"2020-06-09T09:32:30+00:00\",\"dateModified\":\"2020-06-11T10:43:22+00:00\",\"breadcrumb\":{\"@id\":\"https:\/\/www.kirmus.ee\/nooreesti\/noor-eesti-albumid\/noor-eesti-v-album\/sisukord\/#breadcrumb\"},\"inLanguage\":\"en-US\",\"potentialAction\":[{\"@type\":\"ReadAction\",\"target\":[\"https:\/\/www.kirmus.ee\/nooreesti\/noor-eesti-albumid\/noor-eesti-v-album\/sisukord\/\"]}]},{\"@type\":\"BreadcrumbList\",\"@id\":\"https:\/\/www.kirmus.ee\/nooreesti\/noor-eesti-albumid\/noor-eesti-v-album\/sisukord\/#breadcrumb\",\"itemListElement\":[{\"@type\":\"ListItem\",\"position\":1,\"item\":{\"@type\":\"WebPage\",\"@id\":\"https:\/\/www.kirmus.ee\/nooreesti\/\",\"url\":\"https:\/\/www.kirmus.ee\/nooreesti\/\",\"name\":\"Avaleht\"}},{\"@type\":\"ListItem\",\"position\":2,\"item\":{\"@type\":\"WebPage\",\"@id\":\"https:\/\/www.kirmus.ee\/nooreesti\/noor-eesti-albumid\/\",\"url\":\"https:\/\/www.kirmus.ee\/nooreesti\/noor-eesti-albumid\/\",\"name\":\"Noor-Eesti albumid\"}},{\"@type\":\"ListItem\",\"position\":3,\"item\":{\"@type\":\"WebPage\",\"@id\":\"https:\/\/www.kirmus.ee\/nooreesti\/noor-eesti-albumid\/noor-eesti-v-album\/\",\"url\":\"https:\/\/www.kirmus.ee\/nooreesti\/noor-eesti-albumid\/noor-eesti-v-album\/\",\"name\":\"\\u201cNoor Eesti\\u201d V album (1915)\"}},{\"@type\":\"ListItem\",\"position\":4,\"item\":{\"@type\":\"WebPage\",\"@id\":\"https:\/\/www.kirmus.ee\/nooreesti\/noor-eesti-albumid\/noor-eesti-v-album\/sisukord\/\",\"url\":\"https:\/\/www.kirmus.ee\/nooreesti\/noor-eesti-albumid\/noor-eesti-v-album\/sisukord\/\",\"name\":\"Sisukord\"}}]}]}<\/script>\n<!-- \/ Yoast SEO plugin. -->","_links":{"self":[{"href":"https:\/\/www.kirmus.ee\/nooreesti\/wp-json\/wp\/v2\/pages\/244"}],"collection":[{"href":"https:\/\/www.kirmus.ee\/nooreesti\/wp-json\/wp\/v2\/pages"}],"about":[{"href":"https:\/\/www.kirmus.ee\/nooreesti\/wp-json\/wp\/v2\/types\/page"}],"author":[{"embeddable":true,"href":"https:\/\/www.kirmus.ee\/nooreesti\/wp-json\/wp\/v2\/users\/1"}],"replies":[{"embeddable":true,"href":"https:\/\/www.kirmus.ee\/nooreesti\/wp-json\/wp\/v2\/comments?post=244"}],"version-history":[{"count":4,"href":"https:\/\/www.kirmus.ee\/nooreesti\/wp-json\/wp\/v2\/pages\/244\/revisions"}],"predecessor-version":[{"id":866,"href":"https:\/\/www.kirmus.ee\/nooreesti\/wp-json\/wp\/v2\/pages\/244\/revisions\/866"}],"up":[{"embeddable":true,"href":"https:\/\/www.kirmus.ee\/nooreesti\/wp-json\/wp\/v2\/pages\/237"}],"wp:attachment":[{"href":"https:\/\/www.kirmus.ee\/nooreesti\/wp-json\/wp\/v2\/media?parent=244"}],"curies":[{"name":"wp","href":"https:\/\/api.w.org\/{rel}","templated":true}]}}