{"id":62,"date":"2020-06-03T10:54:08","date_gmt":"2020-06-03T10:54:08","guid":{"rendered":"https:\/\/www.kirmus.ee\/nooreesti\/?page_id=62"},"modified":"2020-06-04T09:54:37","modified_gmt":"2020-06-04T09:54:37","slug":"noor-eesti-100-tahistamine","status":"publish","type":"page","link":"https:\/\/www.kirmus.ee\/nooreesti\/noor-eesti-100-tahistamine\/","title":{"rendered":"Noor-Eesti 100 t\u00e4histamine"},"content":{"rendered":"\n<p class=\"has-text-align-center\"><a rel=\"noreferrer noopener\" href=\"http:\/\/kirmus.ee\/\" target=\"_blank\">Eesti Kirjandusmuuseumi<\/a> saalis (Vanemuise 42, Tartu)<\/p>\n\n\n\n<div style=\"height:36px\" aria-hidden=\"true\" class=\"wp-block-spacer\"><\/div>\n\n\n\n<h2>J\u00c4TKUKONVERENTS 2007<\/h2>\n\n\n\n<hr class=\"wp-block-separator\"\/>\n\n\n\n<div class=\"wp-container-3 wp-block-columns\">\n<div class=\"wp-container-1 wp-block-column\">\n<p>Noor-Eesti k\u00fcmme aastat II : ideaalid, esteetika ja retseptsioon<br>Neljap\u00e4ev, 24. mai<\/p>\n\n\n\n<p><strong>I paneel, kl 11.00-14.15<\/strong><\/p>\n\n\n\n<p><strong>Avas\u00f5na: Sirje Olesk<\/strong><\/p>\n\n\n\n<ol><li>J\u00fcri Kivim\u00e4e, Noor-Eesti t\u00e4hendust otsides<\/li><li>Cornelius Hasselblatt, Mida Noor-Eesti tegi ja mida ta ei teinud<\/li><\/ol>\n\n\n\n<p>Kohvipaus: 15 min<\/p>\n\n\n\n<p><strong>II paneel, kl 12.45-13.15<\/strong><\/p>\n\n\n\n<p><strong>Juhatab: Peeter Torop<\/strong><\/p>\n\n\n\n<ol start=\"3\"><li>Virve Sarapik, Noor-Eesti antifuturismist<\/li><li>\u00dclar Ploom, S\u00fcmbolismi esteetikast ja Ridala ikoonikast<\/li><li>Daniele Monticelli, Noor-Eesti \u201euuenduse&#8221; retoorikast praeguse Eesti kultuurilis-poliitilise diskursuse taustal<\/li><\/ol>\n\n\n\n<p>L\u00f5una 14.15-15.45<\/p>\n\n\n\n<p><strong>III paneel, kl 15.45-17.15<\/strong><\/p>\n\n\n\n<p><strong>Juhatab: Janika Kronberg<\/strong><\/p>\n\n\n\n<ol start=\"6\"><li>Rutt Hinrikus, Noor-Eesti naiste maailmast<\/li><li>Mirjam Hinrikus, P. Bourget&#8217; ja F. Nietzsche dekadentsik\u00e4situsest \u201eFelix Ormussonis&#8221;<\/li><li>Tiina Kirss, J. Joyce&#8217;i &#8220;Kunstniku noorp\u00f5lveportree&#8221; ja Tuglase &#8220;Felix Ormusson&#8221;<\/li><\/ol>\n\n\n\n<p>Reede, 25. mai<\/p>\n\n\n\n<p><strong>IV paneel, kl 10.15-12.30<\/strong><\/p>\n\n\n\n<p><strong>Juhatab: Liina Lukas<\/strong><\/p>\n\n\n\n<ol start=\"9\"><li>Anneli Mihkelev, Noor-Eesti ja l\u00e4ti kirjandus<\/li><li>Katri Aaslav-Tepandi, Noor eesti teater ja Noor-Eesti<\/li><\/ol>\n\n\n\n<p>Kohvipaus: 15 min<\/p>\n<\/div>\n\n\n\n<div class=\"wp-container-2 wp-block-column\">\n<p><strong>V paneel, lk 11.30-12.30<\/strong><\/p>\n\n\n\n<p><strong>Juhatab: Katre Talviste<\/strong><\/p>\n\n\n\n<ol start=\"11\"><li>Kaia Sisask, M\u00f5ningaid t\u00e4helepanekuid J. Aaviku kirjanduslikust prantsuse-orientatsioonist ja t\u00f5lketegevuse spetsiifikast<\/li><li>Antoine Chalvin, Johannes Aavik ja prantsuse keel<\/li><\/ol>\n\n\n\n<p>L\u00f5una 12.30-14.00<\/p>\n\n\n\n<p><strong>VI paneel, kl 14.00-16.45<\/strong><\/p>\n\n\n\n<p><strong>Juhatab: Sirje Olesk<\/strong><\/p>\n\n\n\n<ol start=\"13\"><li>J\u00fcri Talvet, Mis \u201eNoor-Eesti&#8221; Liivi-kaanonisse ei mahtunud<\/li><li>Janika Kronberg, Karl Ast-Rumor &#8211; nooreestlaste p\u00fc\u00fcdluste \u00fcletaja?<\/li><li>Marin Laak, Noor-Eesti ja &#8220;noorurid&#8221; 20.-te kriitikas<\/li><\/ol>\n\n\n\n<p>Kohvipaus 15 min<\/p>\n\n\n\n<p>VII paneel, kl 15.45-16.15<\/p>\n\n\n\n<p>Juhatab: Tiina Kirss<\/p>\n\n\n\n<ol start=\"16\"><li>Tiit Hennoste, Noor-Eesti ja postkolonialism. Teine osa<\/li><li>Rein Veidemann, \u00dche (suure) kultuurinarratiivi saatus: Noor-Eesti<\/li><\/ol>\n\n\n\n<p>Eesti Kirjandusmuuseumi saalis (Vanemuise 42, Tartu)<\/p>\n<\/div>\n<\/div>\n\n\n\n<h2>T\u00c4HISTAMINE 2005<\/h2>\n\n\n\n<h3>PIDULIK K\u00d5NEKOOSOLEK &#8211; 26. mai 2005<\/h3>\n\n\n\n<hr class=\"wp-block-separator\"\/>\n\n\n\n<p>Tervitusk\u00f5ned: luuletaja Ain Kaalep, prof Ain-Elmar Kaasik (Eesti TA) ja kirjanik Jan Kaus (EKL).<\/p>\n\n\n\n<p>Teater: Treffneri Kooliteatri etendus Noor-Eestist (10. klasside trupp, juhendas \u00f5p Helgi Tering).<\/p>\n\n\n\n<p>Esitlus: &#8220;W\u00f5itluse p\u00e4iwil&#8221; 2. tr\u00fckk (faksiimile) &#8211; EKM: Arhiivraamatukogu, Varamu nr 2 (m\u00fc\u00fcakse EKM-i valvelauas)<\/p>\n\n\n\n<h2>N\u00c4ITUSED<\/h2>\n\n\n\n<hr class=\"wp-block-separator\"\/>\n\n\n\n<ol><li>EKM saalis: 26.juuni &#8211; 25. aug 2005<br>1) &#8220;Noor-Eesti&#8221; lugu autograafides, fotodel ja tr\u00fckistes<br>(Kirjandusmuuseumi Kultuurilooline Arhiiv ja Arhiivraamatukogu)<br>2) &#8220;Noor-Eesti&#8221; perioodi kunsti Friedebert Tuglase kogust (Underi ja Tuglase Kirjanduskeskuse muuseumiosakond)<br>3) &#8220;Ideaalne ja reaalne. Sajandialguse naine&#8221; (Eduard Vilde muuseum)<\/li><li>Pariisi \u00dclikooli P\u00f5hjamaade Raamatukogus 27. sept &#8211; 31.okt 2005<\/li><\/ol>\n\n\n\n<p>Le groupe &#8220;Jeune- Estonie&#8221; \/ Noor-Eesti 1905-1915. (Eesti Kirjandusmuuseum \/ Eesti Instituut Prantsusmaal )<\/p>\n\n\n\n<h2>KONVERENTS 2005<\/h2>\n\n\n\n<h3>1905-1915. &#8220;NOOR-EEESTI&#8221;<\/h3>\n\n\n\n<hr class=\"wp-block-separator\"\/>\n","protected":false},"excerpt":{"rendered":"<p>Eesti Kirjandusmuuseumi saalis (Vanemuise 42, Tartu) J\u00c4TKUKONVERENTS 2007 Noor-Eesti k\u00fcmme aastat II : ideaalid, esteetika ja retseptsioonNeljap\u00e4ev, 24. mai I paneel, kl 11.00-14.15 Avas\u00f5na: Sirje Olesk J\u00fcri Kivim\u00e4e, Noor-Eesti t\u00e4hendust otsides Cornelius Hasselblatt, Mida Noor-Eesti tegi ja mida ta ei teinud Kohvipaus: 15 min II paneel, kl 12.45-13.15 Juhatab: Peeter Torop Virve Sarapik, Noor-Eesti antifuturismist [&hellip;]<\/p>\n","protected":false},"author":1,"featured_media":0,"parent":0,"menu_order":0,"comment_status":"closed","ping_status":"closed","template":"","meta":[],"yoast_head":"<!-- This site is optimized with the Yoast SEO plugin v14.2 - https:\/\/yoast.com\/wordpress\/plugins\/seo\/ -->\n<meta name=\"robots\" content=\"index, follow\" \/>\n<meta name=\"googlebot\" content=\"index, follow, max-snippet:-1, max-image-preview:large, max-video-preview:-1\" \/>\n<meta name=\"bingbot\" content=\"index, follow, max-snippet:-1, max-image-preview:large, max-video-preview:-1\" \/>\n<link rel=\"canonical\" href=\"https:\/\/www.kirmus.ee\/nooreesti\/noor-eesti-100-tahistamine\/\" \/>\n<meta property=\"og:locale\" content=\"en_US\" \/>\n<meta property=\"og:type\" content=\"article\" \/>\n<meta property=\"og:title\" content=\"Noor-Eesti 100 t\u00e4histamine - Noor-Eesti\" \/>\n<meta property=\"og:description\" content=\"Eesti Kirjandusmuuseumi saalis (Vanemuise 42, Tartu) J\u00c4TKUKONVERENTS 2007 Noor-Eesti k\u00fcmme aastat II : ideaalid, esteetika ja retseptsioonNeljap\u00e4ev, 24. mai I paneel, kl 11.00-14.15 Avas\u00f5na: Sirje Olesk J\u00fcri Kivim\u00e4e, Noor-Eesti t\u00e4hendust otsides Cornelius Hasselblatt, Mida Noor-Eesti tegi ja mida ta ei teinud Kohvipaus: 15 min II paneel, kl 12.45-13.15 Juhatab: Peeter Torop Virve Sarapik, Noor-Eesti antifuturismist [&hellip;]\" \/>\n<meta property=\"og:url\" content=\"https:\/\/www.kirmus.ee\/nooreesti\/noor-eesti-100-tahistamine\/\" \/>\n<meta property=\"og:site_name\" content=\"Noor-Eesti\" \/>\n<meta property=\"article:modified_time\" content=\"2020-06-04T09:54:37+00:00\" \/>\n<meta name=\"twitter:card\" content=\"summary_large_image\" \/>\n<script type=\"application\/ld+json\" class=\"yoast-schema-graph\">{\"@context\":\"https:\/\/schema.org\",\"@graph\":[{\"@type\":\"WebSite\",\"@id\":\"https:\/\/www.kirmus.ee\/nooreesti\/#website\",\"url\":\"https:\/\/www.kirmus.ee\/nooreesti\/\",\"name\":\"Noor-Eesti\",\"description\":\"&quot;OLGEM EESTLASED, AGA SAAGEM KA EUROOPLASTEKS!&quot;\",\"potentialAction\":[{\"@type\":\"SearchAction\",\"target\":\"https:\/\/www.kirmus.ee\/nooreesti\/?s={search_term_string}\",\"query-input\":\"required name=search_term_string\"}],\"inLanguage\":\"en-US\"},{\"@type\":\"WebPage\",\"@id\":\"https:\/\/www.kirmus.ee\/nooreesti\/noor-eesti-100-tahistamine\/#webpage\",\"url\":\"https:\/\/www.kirmus.ee\/nooreesti\/noor-eesti-100-tahistamine\/\",\"name\":\"Noor-Eesti 100 t\\u00e4histamine - Noor-Eesti\",\"isPartOf\":{\"@id\":\"https:\/\/www.kirmus.ee\/nooreesti\/#website\"},\"datePublished\":\"2020-06-03T10:54:08+00:00\",\"dateModified\":\"2020-06-04T09:54:37+00:00\",\"breadcrumb\":{\"@id\":\"https:\/\/www.kirmus.ee\/nooreesti\/noor-eesti-100-tahistamine\/#breadcrumb\"},\"inLanguage\":\"en-US\",\"potentialAction\":[{\"@type\":\"ReadAction\",\"target\":[\"https:\/\/www.kirmus.ee\/nooreesti\/noor-eesti-100-tahistamine\/\"]}]},{\"@type\":\"BreadcrumbList\",\"@id\":\"https:\/\/www.kirmus.ee\/nooreesti\/noor-eesti-100-tahistamine\/#breadcrumb\",\"itemListElement\":[{\"@type\":\"ListItem\",\"position\":1,\"item\":{\"@type\":\"WebPage\",\"@id\":\"https:\/\/www.kirmus.ee\/nooreesti\/\",\"url\":\"https:\/\/www.kirmus.ee\/nooreesti\/\",\"name\":\"Avaleht\"}},{\"@type\":\"ListItem\",\"position\":2,\"item\":{\"@type\":\"WebPage\",\"@id\":\"https:\/\/www.kirmus.ee\/nooreesti\/noor-eesti-100-tahistamine\/\",\"url\":\"https:\/\/www.kirmus.ee\/nooreesti\/noor-eesti-100-tahistamine\/\",\"name\":\"Noor-Eesti 100 t\\u00e4histamine\"}}]}]}<\/script>\n<!-- \/ Yoast SEO plugin. -->","_links":{"self":[{"href":"https:\/\/www.kirmus.ee\/nooreesti\/wp-json\/wp\/v2\/pages\/62"}],"collection":[{"href":"https:\/\/www.kirmus.ee\/nooreesti\/wp-json\/wp\/v2\/pages"}],"about":[{"href":"https:\/\/www.kirmus.ee\/nooreesti\/wp-json\/wp\/v2\/types\/page"}],"author":[{"embeddable":true,"href":"https:\/\/www.kirmus.ee\/nooreesti\/wp-json\/wp\/v2\/users\/1"}],"replies":[{"embeddable":true,"href":"https:\/\/www.kirmus.ee\/nooreesti\/wp-json\/wp\/v2\/comments?post=62"}],"version-history":[{"count":4,"href":"https:\/\/www.kirmus.ee\/nooreesti\/wp-json\/wp\/v2\/pages\/62\/revisions"}],"predecessor-version":[{"id":229,"href":"https:\/\/www.kirmus.ee\/nooreesti\/wp-json\/wp\/v2\/pages\/62\/revisions\/229"}],"wp:attachment":[{"href":"https:\/\/www.kirmus.ee\/nooreesti\/wp-json\/wp\/v2\/media?parent=62"}],"curies":[{"name":"wp","href":"https:\/\/api.w.org\/{rel}","templated":true}]}}