{"id":99,"date":"2020-06-05T11:47:24","date_gmt":"2020-06-05T11:47:24","guid":{"rendered":"https:\/\/www.kirmus.ee\/nooreesti\/?page_id=99"},"modified":"2020-06-12T11:16:20","modified_gmt":"2020-06-12T11:16:20","slug":"vaba-sona","status":"publish","type":"page","link":"https:\/\/www.kirmus.ee\/nooreesti\/vaba-sona\/","title":{"rendered":"Vaba-S\u00f5na"},"content":{"rendered":"\n<div class=\"wp-container-9 wp-block-columns\">\n<div class=\"wp-container-4 wp-block-column\">\n<div class=\"wp-container-3 wp-block-columns\">\n<div class=\"wp-container-1 wp-block-column\">\n<figure class=\"wp-block-image size-large\"><img loading=\"lazy\" src=\"https:\/\/www.kirmus.ee\/nooreesti\/wp-content\/uploads\/slider7\/1-666x1024.jpeg\" alt=\"Vaba S\u00f5na I\" class=\"wp-image-1330\" width=\"114\" height=\"174\" srcset=\"https:\/\/www.kirmus.ee\/nooreesti\/wp-content\/uploads\/slider7\/1-666x1024.jpeg 666w, https:\/\/www.kirmus.ee\/nooreesti\/wp-content\/uploads\/slider7\/1-195x300.jpeg 195w, https:\/\/www.kirmus.ee\/nooreesti\/wp-content\/uploads\/slider7\/1-768x1181.jpeg 768w, https:\/\/www.kirmus.ee\/nooreesti\/wp-content\/uploads\/slider7\/1-999x1536.jpeg 999w, https:\/\/www.kirmus.ee\/nooreesti\/wp-content\/uploads\/slider7\/1.jpeg 1200w\" sizes=\"(max-width: 114px) 100vw, 114px\" \/><\/figure>\n<\/div>\n\n\n\n<div class=\"wp-container-2 wp-block-column\">\n<p><strong>Vaba S\u00f5na I<\/strong><\/p>\n\n\n\n<p><a href=\"\/nooreesti\/vaba-sona\/vaba-sona-i\/sisukord\/\">Sisukord<\/a><\/p>\n\n\n\n<p><a href=\"\/nooreesti\/vaba-sona\/vaba-sona-i\/\">Sirvi raamatut veebis<\/a><\/p>\n<\/div>\n<\/div>\n<\/div>\n\n\n\n<div class=\"wp-container-8 wp-block-column\">\n<div class=\"wp-container-7 wp-block-columns\">\n<div class=\"wp-container-5 wp-block-column\">\n<figure class=\"wp-block-image size-large\"><img loading=\"lazy\" src=\"https:\/\/www.kirmus.ee\/nooreesti\/wp-content\/uploads\/2020\/06\/1-1-710x1024.jpg\" alt=\"Vaba S\u00f5na III\" class=\"wp-image-1345\" width=\"114\" height=\"174\"><\/figure>\n<\/div>\n\n\n\n<div class=\"wp-container-6 wp-block-column\">\n<p><strong>Vaba S\u00f5na <strong>II<\/strong>I<\/strong><\/p>\n\n\n\n<p><\/p>\n\n\n\n<p><a href=\"\/nooreesti\/vaba-sona\/vaba-sona-iii\/\">Sirvi raamatut veebis<\/a><\/p>\n<\/div>\n<\/div>\n<\/div>\n<\/div>\n\n\n\n<div class=\"wp-container-18 wp-block-columns\">\n<div class=\"wp-container-13 wp-block-column\">\n<div class=\"wp-container-12 wp-block-columns\">\n<div class=\"wp-container-10 wp-block-column\">\n<figure class=\"wp-block-image size-large\"><img loading=\"lazy\" src=\"https:\/\/www.kirmus.ee\/nooreesti\/wp-content\/uploads\/2020\/06\/1-685x1024.jpg\" alt=\"Vaba S\u00f5na II\" class=\"wp-image-1344\" width=\"114\" height=\"174\"><\/figure>\n<\/div>\n\n\n\n<div class=\"wp-container-11 wp-block-column\">\n<p><strong>Vaba S\u00f5na II<\/strong><\/p>\n\n\n\n<p><a href=\"\/nooreesti\/vaba-sona\/vaba-sona-ii\/sisukord\/\">Sisukord<\/a><\/p>\n\n\n\n<p><a href=\"\/nooreesti\/vaba-sona\/vaba-sona-ii\/\">Sirvi raamatut veebis<\/a><\/p>\n<\/div>\n<\/div>\n<\/div>\n\n\n\n<div class=\"wp-container-17 wp-block-column\">\n<div class=\"wp-container-16 wp-block-columns\">\n<div class=\"wp-container-14 wp-block-column\"><\/div>\n\n\n\n<div class=\"wp-container-15 wp-block-column\"><\/div>\n<\/div>\n\n\n\n<p><\/p>\n<\/div>\n<\/div>\n","protected":false},"excerpt":{"rendered":"<p>Vaba S\u00f5na I Sisukord Sirvi raamatut veebis Vaba S\u00f5na III Sirvi raamatut veebis Vaba S\u00f5na II Sisukord Sirvi raamatut veebis<\/p>\n","protected":false},"author":1,"featured_media":0,"parent":0,"menu_order":0,"comment_status":"closed","ping_status":"closed","template":"","meta":[],"yoast_head":"<!-- This site is optimized with the Yoast SEO plugin v14.2 - https:\/\/yoast.com\/wordpress\/plugins\/seo\/ -->\n<meta name=\"robots\" content=\"index, follow\" \/>\n<meta name=\"googlebot\" content=\"index, follow, max-snippet:-1, max-image-preview:large, max-video-preview:-1\" \/>\n<meta name=\"bingbot\" content=\"index, follow, max-snippet:-1, max-image-preview:large, max-video-preview:-1\" \/>\n<link rel=\"canonical\" href=\"https:\/\/www.kirmus.ee\/nooreesti\/vaba-sona\/\" \/>\n<meta property=\"og:locale\" content=\"en_US\" \/>\n<meta property=\"og:type\" content=\"article\" \/>\n<meta property=\"og:title\" content=\"Vaba-S\u00f5na - Noor-Eesti\" \/>\n<meta property=\"og:description\" content=\"Vaba S\u00f5na I Sisukord Sirvi raamatut veebis Vaba S\u00f5na III Sirvi raamatut veebis Vaba S\u00f5na II Sisukord Sirvi raamatut veebis\" \/>\n<meta property=\"og:url\" content=\"https:\/\/www.kirmus.ee\/nooreesti\/vaba-sona\/\" \/>\n<meta property=\"og:site_name\" content=\"Noor-Eesti\" \/>\n<meta property=\"article:modified_time\" content=\"2020-06-12T11:16:20+00:00\" \/>\n<meta property=\"og:image\" content=\"https:\/\/www.kirmus.ee\/nooreesti\/wp-content\/uploads\/slider7\/1-666x1024.jpeg\" \/>\n<meta name=\"twitter:card\" content=\"summary_large_image\" \/>\n<script type=\"application\/ld+json\" class=\"yoast-schema-graph\">{\"@context\":\"https:\/\/schema.org\",\"@graph\":[{\"@type\":\"WebSite\",\"@id\":\"https:\/\/www.kirmus.ee\/nooreesti\/#website\",\"url\":\"https:\/\/www.kirmus.ee\/nooreesti\/\",\"name\":\"Noor-Eesti\",\"description\":\"&quot;OLGEM EESTLASED, AGA SAAGEM KA EUROOPLASTEKS!&quot;\",\"potentialAction\":[{\"@type\":\"SearchAction\",\"target\":\"https:\/\/www.kirmus.ee\/nooreesti\/?s={search_term_string}\",\"query-input\":\"required name=search_term_string\"}],\"inLanguage\":\"en-US\"},{\"@type\":\"ImageObject\",\"@id\":\"https:\/\/www.kirmus.ee\/nooreesti\/vaba-sona\/#primaryimage\",\"inLanguage\":\"en-US\",\"url\":\"https:\/\/www.kirmus.ee\/nooreesti\/wp-content\/uploads\/slider7\/1-666x1024.jpeg\"},{\"@type\":\"WebPage\",\"@id\":\"https:\/\/www.kirmus.ee\/nooreesti\/vaba-sona\/#webpage\",\"url\":\"https:\/\/www.kirmus.ee\/nooreesti\/vaba-sona\/\",\"name\":\"Vaba-S\\u00f5na - Noor-Eesti\",\"isPartOf\":{\"@id\":\"https:\/\/www.kirmus.ee\/nooreesti\/#website\"},\"primaryImageOfPage\":{\"@id\":\"https:\/\/www.kirmus.ee\/nooreesti\/vaba-sona\/#primaryimage\"},\"datePublished\":\"2020-06-05T11:47:24+00:00\",\"dateModified\":\"2020-06-12T11:16:20+00:00\",\"breadcrumb\":{\"@id\":\"https:\/\/www.kirmus.ee\/nooreesti\/vaba-sona\/#breadcrumb\"},\"inLanguage\":\"en-US\",\"potentialAction\":[{\"@type\":\"ReadAction\",\"target\":[\"https:\/\/www.kirmus.ee\/nooreesti\/vaba-sona\/\"]}]},{\"@type\":\"BreadcrumbList\",\"@id\":\"https:\/\/www.kirmus.ee\/nooreesti\/vaba-sona\/#breadcrumb\",\"itemListElement\":[{\"@type\":\"ListItem\",\"position\":1,\"item\":{\"@type\":\"WebPage\",\"@id\":\"https:\/\/www.kirmus.ee\/nooreesti\/\",\"url\":\"https:\/\/www.kirmus.ee\/nooreesti\/\",\"name\":\"Avaleht\"}},{\"@type\":\"ListItem\",\"position\":2,\"item\":{\"@type\":\"WebPage\",\"@id\":\"https:\/\/www.kirmus.ee\/nooreesti\/vaba-sona\/\",\"url\":\"https:\/\/www.kirmus.ee\/nooreesti\/vaba-sona\/\",\"name\":\"Vaba-S\\u00f5na\"}}]}]}<\/script>\n<!-- \/ Yoast SEO plugin. -->","_links":{"self":[{"href":"https:\/\/www.kirmus.ee\/nooreesti\/wp-json\/wp\/v2\/pages\/99"}],"collection":[{"href":"https:\/\/www.kirmus.ee\/nooreesti\/wp-json\/wp\/v2\/pages"}],"about":[{"href":"https:\/\/www.kirmus.ee\/nooreesti\/wp-json\/wp\/v2\/types\/page"}],"author":[{"embeddable":true,"href":"https:\/\/www.kirmus.ee\/nooreesti\/wp-json\/wp\/v2\/users\/1"}],"replies":[{"embeddable":true,"href":"https:\/\/www.kirmus.ee\/nooreesti\/wp-json\/wp\/v2\/comments?post=99"}],"version-history":[{"count":6,"href":"https:\/\/www.kirmus.ee\/nooreesti\/wp-json\/wp\/v2\/pages\/99\/revisions"}],"predecessor-version":[{"id":1995,"href":"https:\/\/www.kirmus.ee\/nooreesti\/wp-json\/wp\/v2\/pages\/99\/revisions\/1995"}],"wp:attachment":[{"href":"https:\/\/www.kirmus.ee\/nooreesti\/wp-json\/wp\/v2\/media?parent=99"}],"curies":[{"name":"wp","href":"https:\/\/api.w.org\/{rel}","templated":true}]}}