{"id":146,"date":"2020-04-28T10:53:00","date_gmt":"2020-04-28T10:53:00","guid":{"rendered":"https:\/\/www.kirmus.ee\/nypli\/?page_id=146"},"modified":"2022-10-19T09:19:36","modified_gmt":"2022-10-19T09:19:36","slug":"asukoht","status":"publish","type":"page","link":"https:\/\/www.kirmus.ee\/nypli\/asukoht\/","title":{"rendered":"Asukoht"},"content":{"rendered":"\n<p>Alates 2015. aastast toimuvad N\u00fcpli suvekoolid Liivi muuseumis Alatskivi vallas Tartumaal. Vaata t\u00e4psemat asukohta <a href=\"https:\/\/www.google.ee\/maps\/place\/Liivi+Muuseum\/@58.5712819,27.1208209,17z\/data=!3m1!4b1!4m5!3m4!1s0x4694ce458f86b2e9:0x4e3c1663d577a79e!8m2!3d58.5712791!4d27.1230096\" target=\"_blank\" rel=\"noreferrer noopener\">Google Mapsist<\/a>.<\/p>\n\n\n\n<p>Varasemalt toimusid suvekoolid (kevadkoolid) N\u00fcpli j\u00e4rve kaldal Otep\u00e4\u00e4 k\u00fclje all. Vaata N\u00fcpli t\u00e4pset asukohta <a rel=\"noreferrer noopener\" href=\"https:\/\/www.google.com\/maps?saddr=Tundmatu+tee&amp;hl=et&amp;sll=58.035689,26.493616&amp;sspn=0.016789,0.04961&amp;geocode=FRyJdQMd1DaUAQ&amp;t=m&amp;mra=prev&amp;z=15\" target=\"_blank\">Google Mapsist<\/a>.<\/p>\n\n\n<p><iframe loading=\"lazy\" sandbox=\"allow-scripts\" src=\"https:\/\/www.google.com\/maps\/embed?pb=!1m18!1m12!1m3!1d2530.1532577201174!2d26.489647412598824!3d58.03371359025925!2m3!1f0!2f0!3f0!3m2!1i1024!2i768!4f13.1!3m3!1m2!1s0x0%3A0x0!2zNTjCsDAyJzA0LjEiTiAyNsKwMjknMjYuMSJF!5e0!3m2!1set!2see!4v1589796341299!5m2!1set!2see\" width=\"1000\" height=\"450\" frameborder=\"0\" style=\"border:0;\" allowfullscreen=\"\" aria-hidden=\"false\" tabindex=\"0\"><\/iframe><\/p>\n","protected":false},"excerpt":{"rendered":"<p>Alates 2015. aastast toimuvad N\u00fcpli suvekoolid Liivi muuseumis Alatskivi vallas Tartumaal. Vaata t\u00e4psemat asukohta Google Mapsist. Varasemalt toimusid suvekoolid (kevadkoolid) N\u00fcpli j\u00e4rve kaldal Otep\u00e4\u00e4 k\u00fclje all. Vaata N\u00fcpli t\u00e4pset asukohta Google Mapsist.<\/p>\n","protected":false},"author":1,"featured_media":0,"parent":0,"menu_order":0,"comment_status":"closed","ping_status":"closed","template":"","meta":{"footnotes":""},"categories":[],"tags":[],"class_list":["post-146","page","type-page","status-publish","hentry"],"_links":{"self":[{"href":"https:\/\/www.kirmus.ee\/nypli\/wp-json\/wp\/v2\/pages\/146","targetHints":{"allow":["GET"]}}],"collection":[{"href":"https:\/\/www.kirmus.ee\/nypli\/wp-json\/wp\/v2\/pages"}],"about":[{"href":"https:\/\/www.kirmus.ee\/nypli\/wp-json\/wp\/v2\/types\/page"}],"author":[{"embeddable":true,"href":"https:\/\/www.kirmus.ee\/nypli\/wp-json\/wp\/v2\/users\/1"}],"replies":[{"embeddable":true,"href":"https:\/\/www.kirmus.ee\/nypli\/wp-json\/wp\/v2\/comments?post=146"}],"version-history":[{"count":7,"href":"https:\/\/www.kirmus.ee\/nypli\/wp-json\/wp\/v2\/pages\/146\/revisions"}],"predecessor-version":[{"id":2653,"href":"https:\/\/www.kirmus.ee\/nypli\/wp-json\/wp\/v2\/pages\/146\/revisions\/2653"}],"wp:attachment":[{"href":"https:\/\/www.kirmus.ee\/nypli\/wp-json\/wp\/v2\/media?parent=146"}],"wp:term":[{"taxonomy":"category","embeddable":true,"href":"https:\/\/www.kirmus.ee\/nypli\/wp-json\/wp\/v2\/categories?post=146"},{"taxonomy":"post_tag","embeddable":true,"href":"https:\/\/www.kirmus.ee\/nypli\/wp-json\/wp\/v2\/tags?post=146"}],"curies":[{"name":"wp","href":"https:\/\/api.w.org\/{rel}","templated":true}]}}