{"id":179,"date":"2020-04-28T11:33:11","date_gmt":"2020-04-28T11:33:11","guid":{"rendered":"https:\/\/www.kirmus.ee\/nypli\/?page_id=179"},"modified":"2020-05-08T06:45:33","modified_gmt":"2020-05-08T06:45:33","slug":"looming","status":"publish","type":"page","link":"https:\/\/www.kirmus.ee\/nypli\/genius-loci\/gustav-wulff-oie-maja-muuseum\/looming\/","title":{"rendered":"Looming"},"content":{"rendered":"\n<p>Luuletamist v\u00f5is Gustav Wulff-\u00d5is alustada juba 15-aastasena, kuiv\u00f5rd Eesti Kirjandusmuuseumi kultuuriloolises arhiivis leiduvad G. Wulff-\u00d5ie varasemate luuletuste k\u00e4sikirjad on dateeritud aastatega 1880-1884. Erinevalt optimistlikust ning v\u00f5itlusjulgest &#8220;\u00d6\u00f6bikule&#8221; v\u00e4rssidest j\u00e4id aga G. Wulff-\u00d5ie \u00fclej\u00e4\u00e4nud ca 70 luuletust oma ajaj\u00e4rgu j\u00e4relromantika raamidesse.<\/p>\n\n\n\n<p>Esimesed luuletused&nbsp;<em>Sakalas<\/em>&nbsp;r\u00f5hutavad inimese ja looduse lakkamatut \u00fchendust, mida ei juhi mitte abstraktne jumala vaim, vaid hoopis inimese s\u00f5ltumatu m\u00f5istus, nt: <span class=\"pop sg-popup-id-2024\">&#8220;Looduse kuningas&#8221;<\/span>. Luuletuses&nbsp;<span class=\"pop sg-popup-id-2026\">&#8220;\u00d5iele&#8221;<\/span>&nbsp;n\u00e4eb G. Wulff-\u00d5is taevaste v\u00e4gede v\u00f5imu ees hardumata looduses seadusp\u00e4rast, igavest p\u00e4ikeseenergia ringk\u00e4iku.&nbsp;<em>Sakalas<\/em>&nbsp;ilmunud kolmandas luuletuses&nbsp;<span class=\"pop sg-popup-id-2028\">&#8220;Lootuste rand&#8221;<\/span>&nbsp;ihkab G. Wulff-\u00d5is elu ideaalide &#8220;lootusranda lustil minna&#8221;, ent &#8220;m\u00fcrav meri keelab&#8221; teda &#8211; kahjuks ei ole tal ka &#8220;tuuletiibu&#8221; \u00fcle mere lendamiseks, vaid ainult reaalsuse &#8220;vaene vene pandud \/S\u00f5udma laia lainetele&#8221;.<\/p>\n\n\n\n<p>Ka \u00fclej\u00e4\u00e4nud varasemad k\u00e4sikirjalised luuletused, mis enamasti k\u00fcll romantilisse armastusl\u00fc\u00fcrikasse kalduvad, on oma tundev\u00e4ljendustelt j\u00e4rgneva perioodi maguss\u00f5nalisusega v\u00f5rreldes v\u00f5rdlemisi m\u00f5\u00f5dukad. G. Wulff-\u00d5is p\u00f6\u00f6rdub oma &#8220;armastuselauludes&#8221; tihtipeale s\u00fcdamedaami Miina poole.<\/p>\n\n\n\n<p>Varasemate luuletuste hulgas leidub kaks \u00fclistavat leinalaulu: &#8220;Dr. Kreutzwaldi haual&#8221; ja &#8220;Leinalaul K. R. Jakobsonile&#8221;, viimasele on peale G. Wulff-\u00d5ie alla kirjutanud ka teisi Tartu seminari Jakobsoni-meelseid \u00f5pilasi.<\/p>\n\n\n\n<p>Samast loomeperioodist on p\u00e4rit\u00a0<em>Eesti Postimehe Muusiku Lisalehes<\/em>\u00a01883 ilmunud kaks viisistatud luuletust:\u00a0<span class=\"pop sg-popup-id-2030\">&#8220;Eesti maa&#8221;<\/span>, silmapaistmatu isamaa-\u00e4ratamise luulet\u00fckk, ning\u00a0<a href=\"\/nypli\/genius-loci\/gustav-wulff-oie-maja-muuseum\/orn-oobik\/\">&#8220;\u00d6\u00f6bikule&#8221;<\/a>. \u00d5igupoolest s\u00fcndisidki selle luuletuse s\u00f5nad seminarikaaslase Karl Rammi valmis viisile. Niih\u00e4sti kauni meloodia kui ka v\u00f5itlusjulgete, tunderikaste s\u00f5nade poolest levis &#8220;\u00d6\u00f6bikule&#8221; \u00fcldist poolehoidu leides kiiresti, j\u00f5udis \u00fcldrahvalikku lauluvarasse ja p\u00fcsib seal t\u00e4naseni.<\/p>\n\n\n\n<p>Luuletuse agiteeriv isamaa-aatelisus \u00e4ratas kaasajas baltisakslastes meelepaha. Sarnaseid patriootilisi&nbsp;meeleolusid pakub ka&nbsp;<em>Eesti Postimehes<\/em>&nbsp;ilmunud luuletus&nbsp;<span class=\"pop sg-popup-id-2040\">&#8220;Kaugelt koju tulles&#8221;<\/span>.<\/p>\n\n\n\n<p>Eesti kirjandusse murdis 1880. aastate teisel poolel sisse j\u00e4relromantiline armastusl\u00fc\u00fcrika, mida iseloomustavad pealiskaudusus ning shabloonilisus s\u00f5nam\u00e4ngudes. Taltus ka G. Wulff-\u00d5ie v\u00f5itlusvaim. Juba 1886 v\u00f5ib Meelelahutajast leida \u00fcksikuid G. Wulff-\u00d5ie sentimentaalses laadis ilutsevaid luuletusi, alates1889 aga on&nbsp;<em>Postimehes<\/em>&nbsp;ja&nbsp;<em>Postimehe L\u00f5bulisas<\/em>&nbsp;ilmunud \u00f5hkavad v\u00e4rsid tema teiste luuletuste k\u00f5rval juba domineerivaks saanud. Samal ajal sugenes G. Wulff-\u00d5ie loomingusse filosoofilisemaid noote. Luuletustes &#8220;\u00d5unapuu&#8221; ja &#8220;\u00d5nnetu \u00f5is&#8221; panevad looduspildid autori s\u00fcgavamalt m\u00f5tisklema elun\u00e4htuste \u00fcle.<\/p>\n\n\n\n<p>1880. aastate l\u00f5pul hakkas eestikeelses armastusluules avalduma&nbsp;<a href=\"\/nypli\/genius-loci\/gustav-wulff-oie-maja-muuseum\/looming\/heinrich-heine\/\">Heinrich Heine<\/a>&nbsp;m\u00f5ju. Tundelist ohklemist hakkas asendama heinelik armum\u00e4ng. Seesuguses vaimus on G. Wulff-\u00d5is kirjutanud luuletused <span class=\"pop sg-popup-id-2048\">&#8220;\u00d5nnis surm&#8221;<\/span>,&nbsp;&#8220;Puud pakatavad \u00f5ues&#8221;,&nbsp;<span class=\"pop sg-popup-id-2049\">&#8220;\u00d5unapuu&#8221;<\/span>, &#8220;Kord lapsena lillesid v\u00f5tsin&#8221;,&nbsp;<span class=\"pop sg-popup-id-2051\">&#8220;Unen\u00e4gu&#8221;<\/span>,&nbsp;&#8220;Hans&#8221;,&nbsp;<span class=\"pop sg-popup-id-2052\">&#8220;Neiuke \u00f5mblemas&#8221;<\/span>&nbsp;jt. Nende luultuste s\u00f5nastusstiil on lihtne ning l\u00e4heneb proosale.<\/p>\n\n\n\n<p>1890. aastate alguseks oli sentimentaalne armastusluule oma arengus hari- ja \u00fchtlasi l\u00f5pp-punkti&nbsp;j\u00f5udnud. Samal ajal hakkas jutustavas proosas s\u00fcvenema realism. Nukrasilmseid &#8220;armuvalulaulikuid&#8221; hakati n\u00fc\u00fcd, ajaj\u00e4rgu maitse muutudes naeruv\u00e4\u00e4ristavalt parodeerima. G. Wulff-\u00d5is otsutas seepeale satiirilises luuletuses&nbsp;<span class=\"pop sg-popup-id-2054\">&#8220;Kewade kontsert&#8221;<\/span>&nbsp;oma &#8220;luulehaigusega&#8221; l\u00f5pparved \u00f5iendada .<\/p>\n\n\n\n<p>J\u00e4rgnevatel aastatel p\u00fchendus ta oma vallasekret\u00e4rikohustustele ning \u00fcha laienevale \u00fchiskondlikule tegevusele.<\/p>\n\n\n\n<p>Hilisemas eas kirjutas G. Wulff-\u00d5is peamiselt kupleevormis v\u00e4rsse p\u00e4evas\u00fcndmuste kohta, sh Otep\u00e4\u00e4 murrakus kirjutatud &#8220;Liikva&#8221; ning\u00a0<a href=\"\/nypli\/genius-loci\/gustav-wulff-oie-maja-muuseum\/looming\/friedrich-von-schiller\/\">Friedrich von Schilleri<\/a>\u00a0ja\u00a0<a href=\"\/nypli\/genius-loci\/gustav-wulff-oie-maja-muuseum\/looming\/ludwig-uhland\/\">Ludwig Uhlandi<\/a>\u00a0klassikalistele ballaadidele loodud kaks paroodiat, millele on antud kaasaegsest argielust v\u00f5etud humoristlik sisu. Fr. Schilleri ballaadi k\u00e4sikirjalistelt leviv paroodia muutus v\u00e4ga populaarseks Eesti maan\u00e4itelavadel.<\/p>\n\n\n\n<p>\u00dchegi luulekoguni G. Wulff-\u00d5is ei j\u00f5udnud. Arvukamalt on G. Wulff-\u00d5ie loomet esindatud antoloogias Eesti luuleilm (Tartu, 1913).<\/p>\n\n\n\n<p>Varasematel aastatel katsetas G. Wulff-\u00d5is ka proosaga. 1884 ilmus\u00a0<em>Eesti Postimehes<\/em>\u00a0j\u00e4rjeloona dramaatiline, naiivne-kirglik jutustus\u00a0<a href=\"\/nypli\/genius-loci\/gustav-wulff-oie-maja-muuseum\/looming\/kallima-kalmul\/\">&#8220;Kallima kalmul&#8221;<\/a>\u00a0&#8211; lugu armastuse \u00f5nnetusest m\u00f5isa s\u00fc\u00fcl. Teised G. Wulff-\u00d5ie ajaviitelised jutustused ei ole t\u00e4helepanu p\u00e4lvinud. T\u00e4helepanuta on j\u00e4\u00e4nud ka G. Wulff-\u00d5ie k\u00e4sikirjaliselt levitatud naljam\u00e4ng &#8220;Lamba liha&#8221;, mis parodeerib liialdamist.<\/p>\n\n\n\n<p>Ilmselt\u00a0<a href=\"\/nypli\/genius-loci\/gustav-wulff-oie-maja-muuseum\/looming\/ivan-krolov\/\">Ivan Kr\u00f5lovi<\/a>\u00a0eeskujul on G. Wulff-\u00d5is 1887\u00a0<em>Postimehesse<\/em>\u00a0kirjutanud m\u00f5ned algup\u00e4rased proosavalmid: &#8220;Akk ja tuvikesed&#8221;, &#8220;Konn ja kotkas&#8221;, &#8220;Mao p\u00e4\u00e4 ja saba&#8221; . Nendes valmides kritiseerib autor oma aja \u00fchiskondlikke v\u00e4\u00e4rn\u00e4htuseid: venestamine, kirjanduse langus, rahvajuhtide saamatus jne.<\/p>\n\n\n\n<p>G. Wulff-\u00d5is p\u00e4lvis nii oma eluajal kui p\u00e4rast surmagi t\u00e4helepanu saksa ja vene luule t\u00f5lkijana (Heinrich Heine, Goethe, Ivan Kr\u00f5lov,&nbsp;<a href=\"\/nypli\/genius-loci\/gustav-wulff-oie-maja-muuseum\/looming\/aleksandr-pushkin\/\">Aleksandr Pu\u0161kin<\/a>&nbsp;jt) ning vene ajaloo ja kirjanduse tutvustajana eesti lugejale. G. Wulff-\u00d5ie proosat\u00f5lked kujunesid enamasti vaid tavaliseks t\u00e4itematerjaliks ajalehe jutunurgas. M\u00f5nev\u00f5rra hinnatumad on kaast\u00f6\u00f6d&nbsp;<a href=\"\/nypli\/genius-loci\/gustav-wulff-oie-maja-muuseum\/looming\/karl-august-hermann\/\">Karl August Hermanni<\/a>&nbsp;<em>Laulu ja m\u00e4ngu lehele<\/em>&nbsp;&#8211; t\u00f5lkejutustused kuulsate heliloojate-muusikute kohta ning Aleksandr Pu\u0161kini l\u00fchidraama&nbsp;<span class=\"pop sg-popup-id-2077\">&#8220;Mozart ja Salieri&#8221;<\/span>. T\u00e4helepanu on p\u00e4lvinud G. Wulff-\u00d5ie artiklid vene kirjanduse ja ajaloo kohta: &#8220;Vene p\u00e4risorjuse ajaloost&#8221; (<em>Eesti Postimees<\/em>&nbsp;1884), &#8220;Ararati m\u00e4gi&#8221; (<em>Eesti Postimees<\/em>&nbsp;1885), A. Podolinski elulugu (<em>Postimees<\/em>&nbsp;1886) jm; eriti on aga hinnatud G. Wulff-\u00d5ie \u00fclevaadet &#8220;Veidike Vene kirjanduse ajaloost&#8221; (<em>Isamaa Kalender 1889. aastaks<\/em>), mis annab oma aja kohta \u00fcsna avara pildi vene kirjanduse arengust alates Peeter I valitsemisajast.<\/p>\n\n\n\n<p>G. Wulff-\u00d5ie muud kirjutised ajalehtede \u00fcldisest jooksvast materjalist oluliselt ei erine &#8211; k\u00e4sitletud on m\u00f5nd praktilist koolik\u00fcsimust, saadetud p\u00e4evauudiseid Otep\u00e4\u00e4lt, katsetatud kirjandusarvustustega jm. T\u00e4helepanu on aga \u00e4ratanud m\u00f5ningad tema poolt ajakirjanduses avaldatud rahvaluulematerjalid: m\u00f5istatused Otep\u00e4\u00e4lt (<em>Meelejahutaja<\/em>&nbsp;1887) ning 7 loitsu Puhjast (<em>Oma Maa<\/em>&nbsp;1886). Hiljem sai G. Wulff-\u00d5iest agar kaasal\u00f6\u00f6ja Jakob Hurda rahvaluulekogumises.<\/p>\n\n\n\n<p>Ei saa \u00f6elda, et G. Wulff-\u00d5is t\u00e4naseks unustatud on &#8211; v\u00e4hemasti mitte seni, kuni lauldakse &#8220;\u00d6\u00f6bikule&#8221;.<\/p>\n\n\n\n<p><a href=\"\/nypli\/genius-loci\/gustav-wulff-oie-maja-muuseum\/looming\/bibliograafia\/\">Bibliograafia<\/a><\/p>\n","protected":false},"excerpt":{"rendered":"<p>Luuletamist v\u00f5is Gustav Wulff-\u00d5is alustada juba 15-aastasena, kuiv\u00f5rd Eesti Kirjandusmuuseumi kultuuriloolises arhiivis leiduvad G. Wulff-\u00d5ie varasemate luuletuste k\u00e4sikirjad on dateeritud aastatega 1880-1884. Erinevalt optimistlikust ning v\u00f5itlusjulgest &#8220;\u00d6\u00f6bikule&#8221; v\u00e4rssidest j\u00e4id aga G. Wulff-\u00d5ie \u00fclej\u00e4\u00e4nud ca 70 luuletust oma ajaj\u00e4rgu j\u00e4relromantika raamidesse. Esimesed luuletused&nbsp;Sakalas&nbsp;r\u00f5hutavad inimese ja looduse lakkamatut \u00fchendust, mida ei juhi mitte abstraktne jumala vaim, vaid [&hellip;]<\/p>\n","protected":false},"author":1,"featured_media":0,"parent":1942,"menu_order":0,"comment_status":"closed","ping_status":"closed","template":"","meta":{"footnotes":""},"categories":[],"tags":[],"class_list":["post-179","page","type-page","status-publish","hentry"],"_links":{"self":[{"href":"https:\/\/www.kirmus.ee\/nypli\/wp-json\/wp\/v2\/pages\/179","targetHints":{"allow":["GET"]}}],"collection":[{"href":"https:\/\/www.kirmus.ee\/nypli\/wp-json\/wp\/v2\/pages"}],"about":[{"href":"https:\/\/www.kirmus.ee\/nypli\/wp-json\/wp\/v2\/types\/page"}],"author":[{"embeddable":true,"href":"https:\/\/www.kirmus.ee\/nypli\/wp-json\/wp\/v2\/users\/1"}],"replies":[{"embeddable":true,"href":"https:\/\/www.kirmus.ee\/nypli\/wp-json\/wp\/v2\/comments?post=179"}],"version-history":[{"count":15,"href":"https:\/\/www.kirmus.ee\/nypli\/wp-json\/wp\/v2\/pages\/179\/revisions"}],"predecessor-version":[{"id":2086,"href":"https:\/\/www.kirmus.ee\/nypli\/wp-json\/wp\/v2\/pages\/179\/revisions\/2086"}],"up":[{"embeddable":true,"href":"https:\/\/www.kirmus.ee\/nypli\/wp-json\/wp\/v2\/pages\/1942"}],"wp:attachment":[{"href":"https:\/\/www.kirmus.ee\/nypli\/wp-json\/wp\/v2\/media?parent=179"}],"wp:term":[{"taxonomy":"category","embeddable":true,"href":"https:\/\/www.kirmus.ee\/nypli\/wp-json\/wp\/v2\/categories?post=179"},{"taxonomy":"post_tag","embeddable":true,"href":"https:\/\/www.kirmus.ee\/nypli\/wp-json\/wp\/v2\/tags?post=179"}],"curies":[{"name":"wp","href":"https:\/\/api.w.org\/{rel}","templated":true}]}}