{"id":181,"date":"2020-04-28T11:33:21","date_gmt":"2020-04-28T11:33:21","guid":{"rendered":"https:\/\/www.kirmus.ee\/nypli\/?page_id=181"},"modified":"2020-05-07T12:02:30","modified_gmt":"2020-05-07T12:02:30","slug":"orn-oobik","status":"publish","type":"page","link":"https:\/\/www.kirmus.ee\/nypli\/genius-loci\/gustav-wulff-oie-maja-muuseum\/orn-oobik\/","title":{"rendered":"\u00d5rn \u00f6\u00f6bik"},"content":{"rendered":"\n<div class=\"wp-block-columns is-layout-flex wp-container-core-columns-is-layout-9d6595d7 wp-block-columns-is-layout-flex\">\n<div class=\"wp-block-column is-layout-flow wp-block-column-is-layout-flow\">\n<p>Gustav Wulff-\u00d5is \/ Karl Ramm<\/p>\n\n\n\n<p>\u00d5rn \u00f6\u00f6bik, kuhu t\u00f5ttad sa<br>n\u00fc\u00fcd lahkel lehekuul?<br>Kas m\u00f5isa aias h\u00f5isata<br>sa tahad roosipuul?<br>Eks metsas tore\u00b4l tomingal<br>saab h\u00fc\u00fcdma sinu suu,<br>kui t\u00e4hed hiilgvad taeva all<br>ja valgust kallab kuu?<\/p>\n\n\n\n<p>\u201cEi m\u00f5isa aias helista<br>v\u00f5i laulu minu rind:<br>Su vanemate verega<br>on v\u00e4etud see pind!<br>Ka metsas tore\u00b4l tomingal<br>ei h\u00fc\u00fcdma saa mu huul,<br>vaid talupoja akna all<br>seal p\u00fchal p\u00e4rnapuul.<\/p>\n\n\n\n<p>Kui j\u00f5uab \u00f5nnis suine \u00f6\u00f6,<br>siis laulan talle ma,<br>et unuks meelest p\u00e4evat\u00f6\u00f6,<br>j\u00e4\u00e4ks rahul magama.<br>K\u00f5ik \u00f6\u00f6 siis h\u00e4\u00e4led heljuvad<br>ta kauni kambri see,<br>ja unen\u00e4od ilusad<br>tal seisvad silme ees.<\/p>\n\n\n\n<p>Kui aga taevas kumab koit<br>ja kaob pime \u00f6\u00f6,<br>siis laulan: t\u00f5useb priiusloit<br>ja vaob orjav\u00f6\u00f6;<br>sest vaimu taeva v\u00f5lvita<br>ju n\u00e4ha koidutuld<br>ja uuel ilul s\u00e4rama<br>l\u00f6\u00f6nd Eesti oma muld!\u201d<\/p>\n<\/div>\n\n\n\n<div class=\"wp-block-column is-layout-flow wp-block-column-is-layout-flow\">\n<figure class=\"wp-block-image size-large is-resized\"><img loading=\"lazy\" decoding=\"async\" src=\"https:\/\/www.kirmus.ee\/nypli\/media\/2020\/05\/oopikule-476x1024.jpg\" alt=\"\" class=\"wp-image-2011\" width=\"498\" height=\"1073\" srcset=\"https:\/\/www.kirmus.ee\/nypli\/media\/2020\/05\/oopikule-139x300.jpg 139w, https:\/\/www.kirmus.ee\/nypli\/media\/2020\/05\/oopikule.jpg 700w\" sizes=\"auto, (max-width: 498px) 100vw, 498px\" \/><\/figure>\n<\/div>\n<\/div>\n\n\n\n<figure class=\"wp-block-embed-youtube wp-block-embed is-type-video is-provider-youtube wp-embed-aspect-16-9 wp-has-aspect-ratio\"><div class=\"wp-block-embed__wrapper\">\n<iframe loading=\"lazy\" title=\"\u00d5rn \u00f6\u00f6bik H\u00e4marik 1980 \/ Karl Ramm Gustav Wulff 1883\" width=\"500\" height=\"281\" src=\"https:\/\/www.youtube.com\/embed\/W6QzYN6SvYE?feature=oembed\" frameborder=\"0\" allow=\"accelerometer; autoplay; clipboard-write; encrypted-media; gyroscope; picture-in-picture; web-share\" referrerpolicy=\"strict-origin-when-cross-origin\" allowfullscreen><\/iframe>\n<\/div><\/figure>\n","protected":false},"excerpt":{"rendered":"<p>Gustav Wulff-\u00d5is \/ Karl Ramm \u00d5rn \u00f6\u00f6bik, kuhu t\u00f5ttad san\u00fc\u00fcd lahkel lehekuul?Kas m\u00f5isa aias h\u00f5isatasa tahad roosipuul?Eks metsas tore\u00b4l tomingalsaab h\u00fc\u00fcdma sinu suu,kui t\u00e4hed hiilgvad taeva allja valgust kallab kuu? \u201cEi m\u00f5isa aias helistav\u00f5i laulu minu rind:Su vanemate veregaon v\u00e4etud see pind!Ka metsas tore\u00b4l tomingalei h\u00fc\u00fcdma saa mu huul,vaid talupoja akna allseal p\u00fchal p\u00e4rnapuul. Kui [&hellip;]<\/p>\n","protected":false},"author":1,"featured_media":0,"parent":1942,"menu_order":0,"comment_status":"closed","ping_status":"closed","template":"","meta":{"footnotes":""},"categories":[],"tags":[],"class_list":["post-181","page","type-page","status-publish","hentry"],"_links":{"self":[{"href":"https:\/\/www.kirmus.ee\/nypli\/wp-json\/wp\/v2\/pages\/181","targetHints":{"allow":["GET"]}}],"collection":[{"href":"https:\/\/www.kirmus.ee\/nypli\/wp-json\/wp\/v2\/pages"}],"about":[{"href":"https:\/\/www.kirmus.ee\/nypli\/wp-json\/wp\/v2\/types\/page"}],"author":[{"embeddable":true,"href":"https:\/\/www.kirmus.ee\/nypli\/wp-json\/wp\/v2\/users\/1"}],"replies":[{"embeddable":true,"href":"https:\/\/www.kirmus.ee\/nypli\/wp-json\/wp\/v2\/comments?post=181"}],"version-history":[{"count":5,"href":"https:\/\/www.kirmus.ee\/nypli\/wp-json\/wp\/v2\/pages\/181\/revisions"}],"predecessor-version":[{"id":2649,"href":"https:\/\/www.kirmus.ee\/nypli\/wp-json\/wp\/v2\/pages\/181\/revisions\/2649"}],"up":[{"embeddable":true,"href":"https:\/\/www.kirmus.ee\/nypli\/wp-json\/wp\/v2\/pages\/1942"}],"wp:attachment":[{"href":"https:\/\/www.kirmus.ee\/nypli\/wp-json\/wp\/v2\/media?parent=181"}],"wp:term":[{"taxonomy":"category","embeddable":true,"href":"https:\/\/www.kirmus.ee\/nypli\/wp-json\/wp\/v2\/categories?post=181"},{"taxonomy":"post_tag","embeddable":true,"href":"https:\/\/www.kirmus.ee\/nypli\/wp-json\/wp\/v2\/tags?post=181"}],"curies":[{"name":"wp","href":"https:\/\/api.w.org\/{rel}","templated":true}]}}