{"id":1973,"date":"2020-05-07T10:11:59","date_gmt":"2020-05-07T10:11:59","guid":{"rendered":"https:\/\/www.kirmus.ee\/nypli\/?page_id=1973"},"modified":"2020-05-07T10:36:34","modified_gmt":"2020-05-07T10:36:34","slug":"pildid","status":"publish","type":"page","link":"https:\/\/www.kirmus.ee\/nypli\/genius-loci\/gustav-wulff-oie-maja-muuseum\/pildid\/","title":{"rendered":"Pildid"},"content":{"rendered":"<style type=\"text\/css\" scoped>.rbs_gallery_69fdfc3bcc29dSpinner{\r\n\t\t\t\tmargin: 50px auto;\r\n\t\t\t\twidth: 50px;\r\n\t\t\t\theight: 40px;\r\n\t\t\t\ttext-align: center;\r\n\t\t\t\tfont-size: 10px;\r\n\t\t\t}\r\n\t\t\t.rbs_gallery_69fdfc3bcc29dSpinner > div{\r\n\t\t\t  background-color: #333;\r\n\t\t\t  height: 100%;\r\n\t\t\t  width: 6px;\r\n\t\t\t  display: inline-block;\r\n\t\t\t  -webkit-animation: rbs_gallery_69fdfc3bcc29d-stretchdelay 1.2s infinite ease-in-out;\r\n\t\t\t  animation: rbs_gallery_69fdfc3bcc29d-stretchdelay 1.2s infinite ease-in-out;\r\n\t\t\t}\r\n\t\t\t.rbs_gallery_69fdfc3bcc29dSpinner .rbs_gallery_69fdfc3bcc29dRect2 {\r\n\t\t\t  -webkit-animation-delay: -1.1s;\r\n\t\t\t  animation-delay: -1.1s;\r\n\t\t\t}\r\n\t\t\t.rbs_gallery_69fdfc3bcc29dSpinner .rbs_gallery_69fdfc3bcc29dRect3 {\r\n\t\t\t  -webkit-animation-delay: -1.0s;\r\n\t\t\t  animation-delay: -1.0s;\r\n\t\t\t}\r\n\t\t\t.rbs_gallery_69fdfc3bcc29dSpinner .rbs_gallery_69fdfc3bcc29dRect4 {\r\n\t\t\t  -webkit-animation-delay: -0.9s;\r\n\t\t\t  animation-delay: -0.9s;\r\n\t\t\t}\r\n\t\t\t.rbs_gallery_69fdfc3bcc29dSpinner .rbs_gallery_69fdfc3bcc29dRect5 {\r\n\t\t\t  -webkit-animation-delay: -0.8s;\r\n\t\t\t  animation-delay: -0.8s;\r\n\t\t\t}\r\n\t\t\t@-webkit-keyframes rbs_gallery_69fdfc3bcc29d-stretchdelay {\r\n\t\t\t  0%, 40%, 100% { -webkit-transform: scaleY(0.4) }  \r\n\t\t\t  20% { -webkit-transform: scaleY(1.0) }\r\n\t\t\t}\r\n\t\t\t@keyframes rbs_gallery_69fdfc3bcc29d-stretchdelay {\r\n\t\t\t  0%, 40%, 100% { \r\n\t\t\t    transform: scaleY(0.4);\r\n\t\t\t    -webkit-transform: scaleY(0.4);\r\n\t\t\t  }  20% { \r\n\t\t\t    transform: scaleY(1.0);\r\n\t\t\t    -webkit-transform: scaleY(1.0);\r\n\t\t\t  }\r\n\t\t\t}\r\n\t\t<\/style><div class=\"robo-gallery-wrap robo-gallery-wrap-id1959 robo-gallery-\" ><div id=\"rbs_gallery_69fdfc3bcc29d-block-loader\" class=\"rbs_gallery_69fdfc3bcc29dSpinner\"><div class=\"rbs_gallery_69fdfc3bcc29dRect1\"><\/div> <div class=\"rbs_gallery_69fdfc3bcc29dRect2\"><\/div> <div class=\"rbs_gallery_69fdfc3bcc29dRect3\"><\/div> <div class=\"rbs_gallery_69fdfc3bcc29dRect4\"><\/div> <div class=\"rbs_gallery_69fdfc3bcc29dRect5\"><\/div><\/div><div class=\"rbs_gallery_button  rbs_gallery_align_left\" id=\"rbs_gallery_69fdfc3bcc29dfilter\" style=\" display: none;\" ><\/div><div id=\"robo_gallery_main_block_rbs_gallery_69fdfc3bcc29d\" class=\"robogallery-gallery-1959\" style=\"width:100%;  display: none;\"><div id=\"rbs_gallery_69fdfc3bcc29d\" data-options=\"rbs_gallery_69fdfc3bcc29d\" style=\"width:100%;\" class=\"robo_gallery  \"><div class=\"rbs-img  category1959 \" ><div class=\"rbs-img-image   rbs-lightbox \" ><div class=\"rbs-img-thumbs\"  data-thumbnail=\"https:\/\/www.kirmus.ee\/nypli\/media\/2020\/05\/uisutee.jpg\"  title=\"uisutee\"  data-width=\"500\"  data-height=\"312\" ><\/div><div class=\"rbs-img-data-popup\"  data-popup=\"https:\/\/www.kirmus.ee\/nypli\/media\/2020\/05\/uisutee.jpg\"  title=\"Nuustaku uisutee, ca 1905-1908\"  data-alt=\"Nuustaku uisutee, ca 1905-1908\" ><\/div><div class=\"thumbnail-overlay\"><\/div><\/div><\/div><div class=\"rbs-img  category1959 \" ><div class=\"rbs-img-image   rbs-lightbox \" ><div class=\"rbs-img-thumbs\"  data-thumbnail=\"https:\/\/www.kirmus.ee\/nypli\/media\/2020\/05\/Wulffjavennad.jpg\"  title=\"Wulffjavennad\"  data-width=\"400\"  data-height=\"591\" ><\/div><div class=\"rbs-img-data-popup\"  data-popup=\"https:\/\/www.kirmus.ee\/nypli\/media\/2020\/05\/Wulffjavennad.jpg\"  title=\"(vas.lt 1.) Gustav Wulff vendadega\"  data-alt=\"(vas.lt 1.) Gustav Wulff vendadega\" ><\/div><div class=\"thumbnail-overlay\"><\/div><\/div><\/div><div class=\"rbs-img  category1959 \" ><div class=\"rbs-img-image   rbs-lightbox \" ><div class=\"rbs-img-thumbs\"  data-thumbnail=\"https:\/\/www.kirmus.ee\/nypli\/media\/2020\/05\/Grupp-noori.jpg\"  title=\"Grupp noori\"  data-width=\"498\"  data-height=\"311\" ><\/div><div class=\"rbs-img-data-popup\"  data-popup=\"https:\/\/www.kirmus.ee\/nypli\/media\/2020\/05\/Grupp-noori.jpg\"  title=\"Grupp XX sajandi alguse noori metsalagendilkul [Otep\u00e4\u00e4 l\u00e4heda, 1907-1910] (vas.lt 3.) Olga Lukksepp (hiljem Wulff)\"  data-alt=\"Grupp XX sajandi alguse noori metsalagendilkul [Otep\u00e4\u00e4 l\u00e4heda, 1907-1910] (vas.lt 3.) Olga Lukksepp (hiljem Wulff)\" ><\/div><div class=\"thumbnail-overlay\"><\/div><\/div><\/div><div class=\"rbs-img  category1959 \" ><div class=\"rbs-img-image   rbs-lightbox \" ><div class=\"rbs-img-thumbs\"  data-thumbnail=\"https:\/\/www.kirmus.ee\/nypli\/media\/2020\/05\/Karskuskoor.jpg\"  title=\"Karskuskoor\"  data-width=\"500\"  data-height=\"333\" ><\/div><div class=\"rbs-img-data-popup\"  data-popup=\"https:\/\/www.kirmus.ee\/nypli\/media\/2020\/05\/Karskuskoor.jpg\"  title=\"Nuustaku karskusseltsi laulukoor 1907.a. (\u00fcl.sreas vas.lt 2.) Gustav Wulff-\u00d5is, tema ees istub Olga Lukksepp (hiljem Wulff)\"  data-alt=\"Nuustaku karskusseltsi laulukoor 1907.a. (\u00fcl.sreas vas.lt 2.) Gustav Wulff-\u00d5is, tema ees istub Olga Lukksepp (hiljem Wulff)\" ><\/div><div class=\"thumbnail-overlay\"><\/div><\/div><\/div><div class=\"rbs-img  category1959 \" ><div class=\"rbs-img-image   rbs-lightbox \" ><div class=\"rbs-img-thumbs\"  data-thumbnail=\"https:\/\/www.kirmus.ee\/nypli\/media\/2020\/05\/Soome_rootsi.jpg\"  title=\"Soome_rootsi\"  data-width=\"499\"  data-height=\"330\" ><\/div><div class=\"rbs-img-data-popup\"  data-popup=\"https:\/\/www.kirmus.ee\/nypli\/media\/2020\/05\/Soome_rootsi.jpg\"  title=\"Soome-Rootsi m\u00e4ngud O.K.S. ja O.W.S. \u00fchised liikmed 1909.a. tulet\u00f5rje aias\"  data-alt=\"Soome-Rootsi m\u00e4ngud O.K.S. ja O.W.S. \u00fchised liikmed 1909.a. tulet\u00f5rje aias\" ><\/div><div class=\"thumbnail-overlay\"><\/div><\/div><\/div><div class=\"rbs-img  category1959 \" ><div class=\"rbs-img-image   rbs-lightbox \" ><div class=\"rbs-img-thumbs\"  data-thumbnail=\"https:\/\/www.kirmus.ee\/nypli\/media\/2020\/05\/karskustegelased.jpg\"  title=\"karskustegelased\"  data-width=\"500\"  data-height=\"323\" ><\/div><div class=\"rbs-img-data-popup\"  data-popup=\"https:\/\/www.kirmus.ee\/nypli\/media\/2020\/05\/karskustegelased.jpg\"  title=\"Karskustegelased R\u00f5ngus (III reas, par.lt 2.) Gustav Wulff\"  data-alt=\"Karskustegelased R\u00f5ngus (III reas, par.lt 2.) Gustav Wulff\" ><\/div><div class=\"thumbnail-overlay\"><\/div><\/div><\/div><div class=\"rbs-img  category1959 \" ><div class=\"rbs-img-image   rbs-lightbox \" ><div class=\"rbs-img-thumbs\"  data-thumbnail=\"https:\/\/www.kirmus.ee\/nypli\/media\/2020\/05\/uhispank.jpg\"  title=\"uhispank\"  data-width=\"500\"  data-height=\"321\" ><\/div><div class=\"rbs-img-data-popup\"  data-popup=\"https:\/\/www.kirmus.ee\/nypli\/media\/2020\/05\/uhispank.jpg\"  title=\"Otep\u00e4\u00e4 \u00dchispanga juhatus 1937.a. (vas.lt) 1) Olga Wulff, 2) Gustav Wulff, jt\"  data-alt=\"Otep\u00e4\u00e4 \u00dchispanga juhatus 1937.a. (vas.lt) 1) Olga Wulff, 2) Gustav Wulff, jt\" ><\/div><div class=\"thumbnail-overlay\"><\/div><\/div><\/div><div class=\"rbs-img  category1959 \" ><div class=\"rbs-img-image   rbs-lightbox \" ><div class=\"rbs-img-thumbs\"  data-thumbnail=\"https:\/\/www.kirmus.ee\/nypli\/media\/2020\/05\/Nypli1960mv.jpg\"  title=\"Nypli1960mv\"  data-width=\"498\"  data-height=\"357\" ><\/div><div class=\"rbs-img-data-popup\"  data-popup=\"https:\/\/www.kirmus.ee\/nypli\/media\/2020\/05\/Nypli1960mv.jpg\"  title=\"Vaade Otep\u00e4\u00e4 L\u00f5hmuse talule (Gustav Wulffi elukoht) ja N\u00fcpli j\u00e4rvele 1960.a.\"  data-alt=\"Vaade Otep\u00e4\u00e4 L\u00f5hmuse talule (Gustav Wulffi elukoht) ja N\u00fcpli j\u00e4rvele 1960.a.\" ><\/div><div class=\"thumbnail-overlay\"><\/div><\/div><\/div><div class=\"rbs-img  category1959 \" ><div class=\"rbs-img-image   rbs-lightbox \" ><div class=\"rbs-img-thumbs\"  data-thumbnail=\"https:\/\/www.kirmus.ee\/nypli\/media\/2020\/05\/Tahvel60.jpg\"  title=\"Tahvel60\"  data-width=\"400\"  data-height=\"430\" ><\/div><div class=\"rbs-img-data-popup\"  data-popup=\"https:\/\/www.kirmus.ee\/nypli\/media\/2020\/05\/Tahvel60.jpg\"  title=\"Gustav Wulffi m\u00e4lestustahvli avamine N\u00fcpli-L\u00f5hmusel 24. juunil 1960.a. Vaade k\u00fclaliste transportvahenditele (Mart Lepiku foto)\"  data-alt=\"Gustav Wulffi m\u00e4lestustahvli avamine N\u00fcpli-L\u00f5hmusel 24. juunil 1960.a. Vaade k\u00fclaliste transportvahenditele (Mart Lepiku foto)\" ><\/div><div class=\"thumbnail-overlay\"><\/div><\/div><\/div><div class=\"rbs-img  category1959 \" ><div class=\"rbs-img-image   rbs-lightbox \" ><div class=\"rbs-img-thumbs\"  data-thumbnail=\"https:\/\/www.kirmus.ee\/nypli\/media\/2020\/05\/tahvel60_2.jpg\"  title=\"tahvel60_2\"  data-width=\"400\"  data-height=\"448\" ><\/div><div class=\"rbs-img-data-popup\"  data-popup=\"https:\/\/www.kirmus.ee\/nypli\/media\/2020\/05\/tahvel60_2.jpg\"  title=\"Gustav Wulffi m\u00e4lestustahvli avamine N\u00fcpli-L\u00f5hmusel 24. juunil 1960.a. K\u00fclalised ja koor &quot;\u00d5rna \u00f6\u00f6bikut laulmas&quot;\"  data-alt=\"Gustav Wulffi m\u00e4lestustahvli avamine N\u00fcpli-L\u00f5hmusel 24. juunil 1960.a. K\u00fclalised ja koor &quot;\u00d5rna \u00f6\u00f6bikut laulmas&quot;\" ><\/div><div class=\"thumbnail-overlay\"><\/div><\/div><\/div><div class=\"rbs-img  category1959 \" ><div class=\"rbs-img-image   rbs-lightbox \" ><div class=\"rbs-img-thumbs\"  data-thumbnail=\"https:\/\/www.kirmus.ee\/nypli\/media\/2020\/05\/tahvel60_3.jpg\"  title=\"tahvel60_3\"  data-width=\"400\"  data-height=\"432\" ><\/div><div class=\"rbs-img-data-popup\"  data-popup=\"https:\/\/www.kirmus.ee\/nypli\/media\/2020\/05\/tahvel60_3.jpg\"  title=\"Gustav Wulffi m\u00e4lestustahvli avamine N\u00fcpli-L\u00f5hmusel 24. juunil 1960.a. Otep\u00e4\u00e4 segakoor esinemas\"  data-alt=\"Gustav Wulffi m\u00e4lestustahvli avamine N\u00fcpli-L\u00f5hmusel 24. juunil 1960.a. Otep\u00e4\u00e4 segakoor esinemas\" ><\/div><div class=\"thumbnail-overlay\"><\/div><\/div><\/div><div class=\"rbs-img  category1959 \" ><div class=\"rbs-img-image   rbs-lightbox \" ><div class=\"rbs-img-thumbs\"  data-thumbnail=\"https:\/\/www.kirmus.ee\/nypli\/media\/2020\/05\/tahvel60_4.jpg\"  title=\"tahvel60_4\"  data-width=\"404\"  data-height=\"446\" ><\/div><div class=\"rbs-img-data-popup\"  data-popup=\"https:\/\/www.kirmus.ee\/nypli\/media\/2020\/05\/tahvel60_4.jpg\"  title=\"Gustav Wulffi m\u00e4lestustahvli avamine N\u00fcpli-L\u00f5hmusel 24. juunil 1960.a. Otep\u00e4\u00e4 Keskkooli direktor Heino M\u00e4gi k\u00f5nelemas\"  data-alt=\"Gustav Wulffi m\u00e4lestustahvli avamine N\u00fcpli-L\u00f5hmusel 24. juunil 1960.a. Otep\u00e4\u00e4 Keskkooli direktor Heino M\u00e4gi k\u00f5nelemas\" ><\/div><div class=\"thumbnail-overlay\"><\/div><\/div><\/div><div class=\"rbs-img  category1959 \" ><div class=\"rbs-img-image   rbs-lightbox \" ><div class=\"rbs-img-thumbs\"  data-thumbnail=\"https:\/\/www.kirmus.ee\/nypli\/media\/2020\/05\/tahvel.jpg\"  title=\"tahvel\"  data-width=\"450\"  data-height=\"282\" ><\/div><div class=\"rbs-img-data-popup\"  data-popup=\"https:\/\/www.kirmus.ee\/nypli\/media\/2020\/05\/tahvel.jpg\"  title=\"M\u00e4lestustahvel luuletajale N\u00fcpli-L\u00f5hmuse talumaja seinal avati pidulikult 24. juunil 1960.a.\"  data-alt=\"M\u00e4lestustahvel luuletajale N\u00fcpli-L\u00f5hmuse talumaja seinal avati pidulikult 24. juunil 1960.a.\" ><\/div><div class=\"thumbnail-overlay\"><\/div><\/div><\/div><\/div><\/div><\/div><script>var rbs_gallery_69fdfc3bcc29d = {\"version\":\"5.1.4\",\"id\":1959,\"class\":\"id1959\",\"roboGalleryDelay\":1000,\"mainContainer\":\"#robo_gallery_main_block_rbs_gallery_69fdfc3bcc29d\",\"loadingContainer\":\"#rbs_gallery_69fdfc3bcc29d-block-loader\",\"loadingContainerObj\":\"rbs_gallery_69fdfc3bcc29d-block-loader\",\"columnWidth\":\"auto\",\"columns\":3,\"resolutions\":[{\"columnWidth\":\"auto\",\"columns\":3,\"maxWidth\":960},{\"columnWidth\":\"auto\",\"columns\":2,\"maxWidth\":650},{\"columnWidth\":\"auto\",\"columns\":1,\"maxWidth\":450}],\"lightboxOptions\":{\"gallery\":{\"enabled\":true,\"tCounter\":\"%curr% \\\/ %total%\"}},\"overlayEffect\":\"direction-aware-fade\",\"boxesToLoadStart\":12,\"boxesToLoad\":8,\"waitUntilThumbLoads\":1,\"LoadingWord\":\"Laadimin...\",\"loadMoreWord\":\"Kuva veel fotosid\",\"noMoreEntriesWord\":\"-\",\"horizontalSpaceBetweenBoxes\":15,\"verticalSpaceBetweenBoxes\":15,\"lazyLoad\":1,\"wrapContainer\":\"#robo-gallery-wrap-rbs_gallery_69fdfc3bcc29d\",\"filterContainer\":\"#rbs_gallery_69fdfc3bcc29dfilter\",\"loadMoreClass\":\"button-flat-primary button-large \"};<\/script>","protected":false},"excerpt":{"rendered":"","protected":false},"author":1,"featured_media":0,"parent":1942,"menu_order":0,"comment_status":"closed","ping_status":"closed","template":"","meta":{"footnotes":""},"categories":[],"tags":[],"class_list":["post-1973","page","type-page","status-publish","hentry"],"_links":{"self":[{"href":"https:\/\/www.kirmus.ee\/nypli\/wp-json\/wp\/v2\/pages\/1973","targetHints":{"allow":["GET"]}}],"collection":[{"href":"https:\/\/www.kirmus.ee\/nypli\/wp-json\/wp\/v2\/pages"}],"about":[{"href":"https:\/\/www.kirmus.ee\/nypli\/wp-json\/wp\/v2\/types\/page"}],"author":[{"embeddable":true,"href":"https:\/\/www.kirmus.ee\/nypli\/wp-json\/wp\/v2\/users\/1"}],"replies":[{"embeddable":true,"href":"https:\/\/www.kirmus.ee\/nypli\/wp-json\/wp\/v2\/comments?post=1973"}],"version-history":[{"count":1,"href":"https:\/\/www.kirmus.ee\/nypli\/wp-json\/wp\/v2\/pages\/1973\/revisions"}],"predecessor-version":[{"id":1974,"href":"https:\/\/www.kirmus.ee\/nypli\/wp-json\/wp\/v2\/pages\/1973\/revisions\/1974"}],"up":[{"embeddable":true,"href":"https:\/\/www.kirmus.ee\/nypli\/wp-json\/wp\/v2\/pages\/1942"}],"wp:attachment":[{"href":"https:\/\/www.kirmus.ee\/nypli\/wp-json\/wp\/v2\/media?parent=1973"}],"wp:term":[{"taxonomy":"category","embeddable":true,"href":"https:\/\/www.kirmus.ee\/nypli\/wp-json\/wp\/v2\/categories?post=1973"},{"taxonomy":"post_tag","embeddable":true,"href":"https:\/\/www.kirmus.ee\/nypli\/wp-json\/wp\/v2\/tags?post=1973"}],"curies":[{"name":"wp","href":"https:\/\/api.w.org\/{rel}","templated":true}]}}