{"id":28,"date":"2020-04-17T10:55:40","date_gmt":"2020-04-17T10:55:40","guid":{"rendered":"https:\/\/www.kirmus.ee\/nypli\/?page_id=28"},"modified":"2020-04-28T11:39:05","modified_gmt":"2020-04-28T11:39:05","slug":"bibliograafia","status":"publish","type":"page","link":"https:\/\/www.kirmus.ee\/nypli\/ajalugu\/bibliograafia\/","title":{"rendered":"Bibliograafia"},"content":{"rendered":"\n<h3 class=\"wp-block-heading\">\u00dclevaated ajakirjanduses<\/h3>\n\n\n\n<ul class=\"wp-block-list\"><li>Piret Viires, Kratsida elul\u00e4hedust, s\u00fcgada elu. \/\u00dclevaade konverentsist<\/li><li>&#8220;Elul\u00e4hedus enne ja n\u00fc\u00fcd&#8221;\/ &#8211; Eesti Ekspress, nr 22 (86), 14. juuni 1991.<\/li><li>Marin Roose, Elul\u00e4hedus enne ja n\u00fc\u00fcd. \/Kirjandusmuuseumi kevadsessioonist N\u00fcplis 24.-25. mai 1991\/ &#8211; Vikerkaar, 1991, nr 9, lk 94-96.<\/li><li>Janika Kronberg, Toomas Muru, Rahvusromantkast postmodernismini. &#8211; Postimees, nr 139 (736), 17. juuni 1993.<\/li><li>Janika Kronberg, Toomas Muru, Rahvusromantkast postmodernismini. &#8211; Postimees, nr 139 (736), 17. juuni 1993.<\/li><li>Toomas Jaagom\u00e4gi, Kirjandusteaduslik piknik N\u00fcplis. &#8211; Postimees, nr 139 (1339), 19. juuni 1995.<\/li><li>Rutt Hinrikus, Kirjanduse neljandast kevadkoolist N\u00fcplis. &#8211; Looming, 1995, nr 8, lk 1149-1150.<\/li><li>Piret Viires, Traditsioon ja pluralism 2. Kirjandusajalugu. &#8211; Keel ja Kirjandus, 1996, nr 10, lk 716-718.<\/li><li><a href=\"https:\/\/kultuur.postimees.ee\/2511347\/nuplis-kehtestati-kirjandust-kirjandus\" target=\"_blank\" rel=\"noreferrer noopener\">Marin Laak, Toomas Muru, N\u00fcplis kehtestati kirjandust. &#8211; Postimees, nr 140 (1944), 19. juuni 1997.<\/a><\/li><li>Berk Vaher, Piknik kirjanduse hammasrataste vahel. \/Kirjandusmuuseumi VIII N\u00fcpli kevadkool.\/ &#8211; Sirp, nr 25 (2778), 2. juuli 1999.<\/li><\/ul>\n\n\n\n<div style=\"height:20px\" aria-hidden=\"true\" class=\"wp-block-spacer\"><\/div>\n\n\n\n<ul class=\"wp-block-list\"><li>Marin Laak, Muutuste mehhanismid kirjanduses. \/Kirjandusmuuseumi N\u00fcpli Kevadkool\/ &#8211;&nbsp;<em>Keel ja Kirjandus,<\/em>&nbsp;2000, nr 1, lk 68.<\/li><li>Marin Laak, &#8220;V\u00f5\u00f5ras&#8221; eesti kirjanduses. &#8211;&nbsp;<em>Keel ja Kirjandus<\/em>, 2000, nr 8, lk 610.<\/li><li>Sirje Olesk, N\u00fcpli kui n\u00e4htus. &#8211;&nbsp;<em>Looming<\/em>, 2000, nr 9, lk. 1433-1435.<\/li><li>Kadri T\u00fc\u00fcr, Ester V\u00f5su, Kolumbus oli naine&#8230; Paar sammukest r\u00e4ndamise teed. &#8211;&nbsp;<em>Eesti Ekspress<\/em>&nbsp;, nr 26, 28. juuni 2001.<\/li><\/ul>\n\n\n\n<div style=\"height:20px\" aria-hidden=\"true\" class=\"wp-block-spacer\"><\/div>\n\n\n\n<ul class=\"wp-block-list\"><li>Tiina Kirss, X N\u00fcpli kevadkool. Kolumbus oli naine. Esseistlik kokkuv\u00f5te. &#8211;&nbsp;<em>Keel ja Kirjandus<\/em>, 2001, nr 9, lk 666-671.<\/li><li>Marin Laak, Quo vadis, eesti kirjandus? N\u00fcpli XII kirjanduse kevadkool. &#8211;&nbsp;<em>Keel ja Kirjandus<\/em>, 2004, nr 11, lk 867-869.<\/li><\/ul>\n\n\n\n<div style=\"height:42px\" aria-hidden=\"true\" class=\"wp-block-spacer\"><\/div>\n\n\n\n<h3 class=\"wp-block-heading\">Ilmunud ettekanded \/ raamatud<\/h3>\n\n\n\n<p>Traditsioon &amp; pluralism. Kirjanduskonverentside materjale. Koost M. Laak. Tartu-Tallinn: Eesti Kirjandusmuuseum ja Tuum, 1998. 320 lk.<\/p>\n\n\n\n<p>Muutuste mehhanismid eesti kirjanduses ja kirjandusteaduses. Koost: M. Laak, S. Olesk. Tartu: Eesti Kirjandusmuuseum, 2000. 231 lk.<\/p>\n","protected":false},"excerpt":{"rendered":"<p>\u00dclevaated ajakirjanduses Piret Viires, Kratsida elul\u00e4hedust, s\u00fcgada elu. \/\u00dclevaade konverentsist &#8220;Elul\u00e4hedus enne ja n\u00fc\u00fcd&#8221;\/ &#8211; Eesti Ekspress, nr 22 (86), 14. juuni 1991. Marin Roose, Elul\u00e4hedus enne ja n\u00fc\u00fcd. \/Kirjandusmuuseumi kevadsessioonist N\u00fcplis 24.-25. mai 1991\/ &#8211; Vikerkaar, 1991, nr 9, lk 94-96. Janika Kronberg, Toomas Muru, Rahvusromantkast postmodernismini. &#8211; Postimees, nr 139 (736), 17. juuni [&hellip;]<\/p>\n","protected":false},"author":1,"featured_media":0,"parent":26,"menu_order":0,"comment_status":"closed","ping_status":"closed","template":"","meta":{"footnotes":""},"categories":[],"tags":[],"class_list":["post-28","page","type-page","status-publish","hentry"],"_links":{"self":[{"href":"https:\/\/www.kirmus.ee\/nypli\/wp-json\/wp\/v2\/pages\/28","targetHints":{"allow":["GET"]}}],"collection":[{"href":"https:\/\/www.kirmus.ee\/nypli\/wp-json\/wp\/v2\/pages"}],"about":[{"href":"https:\/\/www.kirmus.ee\/nypli\/wp-json\/wp\/v2\/types\/page"}],"author":[{"embeddable":true,"href":"https:\/\/www.kirmus.ee\/nypli\/wp-json\/wp\/v2\/users\/1"}],"replies":[{"embeddable":true,"href":"https:\/\/www.kirmus.ee\/nypli\/wp-json\/wp\/v2\/comments?post=28"}],"version-history":[{"count":5,"href":"https:\/\/www.kirmus.ee\/nypli\/wp-json\/wp\/v2\/pages\/28\/revisions"}],"predecessor-version":[{"id":169,"href":"https:\/\/www.kirmus.ee\/nypli\/wp-json\/wp\/v2\/pages\/28\/revisions\/169"}],"up":[{"embeddable":true,"href":"https:\/\/www.kirmus.ee\/nypli\/wp-json\/wp\/v2\/pages\/26"}],"wp:attachment":[{"href":"https:\/\/www.kirmus.ee\/nypli\/wp-json\/wp\/v2\/media?parent=28"}],"wp:term":[{"taxonomy":"category","embeddable":true,"href":"https:\/\/www.kirmus.ee\/nypli\/wp-json\/wp\/v2\/categories?post=28"},{"taxonomy":"post_tag","embeddable":true,"href":"https:\/\/www.kirmus.ee\/nypli\/wp-json\/wp\/v2\/tags?post=28"}],"curies":[{"name":"wp","href":"https:\/\/api.w.org\/{rel}","templated":true}]}}